{"id":3619,"date":"2025-03-06T15:21:40","date_gmt":"2025-03-06T14:21:40","guid":{"rendered":"https:\/\/amaqy.fr\/valdornay\/?page_id=3619"},"modified":"2025-07-16T14:40:42","modified_gmt":"2025-07-16T13:40:42","slug":"sel","status":"publish","type":"page","link":"https:\/\/amaqy.fr\/valdornay\/activites-permanentes-val-dornay\/sel\/","title":{"rendered":"Syst\u00e8me d&rsquo;Echange Local (SEL)"},"content":{"rendered":"<div class=\"wpb-content-wrapper\"><p>[vc_row][vc_column width=\u00a0\u00bb1\/3&Prime;][vc_single_image image=\u00a0\u00bb3621&Prime; img_size=\u00a0\u00bblarge\u00a0\u00bb onclick=\u00a0\u00bbcustom_link\u00a0\u00bb img_link_target=\u00a0\u00bb_blank\u00a0\u00bb link=\u00a0\u00bbhttps:\/\/drive.google.com\/file\/d\/1lp7iNb_0idCOq10WeSu6Dw0B76puIUlQ\/view?usp=sharing\u00a0\u00bb el_class=\u00a0\u00bbimg-hover-zoom\u00a0\u00bb][\/vc_column][vc_column width=\u00a0\u00bb2\/3&Prime;][vc_column_text]<strong>Le S. E. L. (Syst\u00e8me d\u2019Echange Local) est un syst\u00e8me d\u2019\u00e9changes de services, de mat\u00e9riels et de savoir-faire entre les habitants<\/strong>. Ses membres, les selistes, s\u2019\u00e9changent gratuitement des biens, des services et des connaissances.<\/p>\n<p>Au SEL de la maison de quartier du Val d&rsquo;Ornay, le \u00ab\u00a0Valdon\u00a0\u00bb est utilis\u00e9 comme monnaie d&rsquo;\u00e9change pour b\u00e9n\u00e9ficier de biens et de services (aide en r\u00e9paration, pr\u00eat d\u2019un objet&#8230; Il existe de nombreuses possibilit\u00e9s !).<\/p>\n<p>Les \u00e9changes se font dans la confiance et la coop\u00e9ration (voir charte d\u2019engagement). Chaque heure de service est comptabilis\u00e9e sur un compte. Des r\u00e9unions ont lieu les 1er vendredis du mois \u00e0 la maison de quartier.[\/vc_column_text][\/vc_column][\/vc_row][vc_row][vc_column][vc_column_text]<strong>Exemple d&rsquo;\u00e9changes-types au sein du SEL<\/strong> : Mathilde propose un atelier cuisine, ce qui lui permet de b\u00e9n\u00e9ficier d&rsquo;une heure d&rsquo;initiation \u00e0 la couture par Marie-France. Cette derni\u00e8re pourra, \u00e0 son tour, demander une heure d&rsquo;initiation \u00e0 l&rsquo;informatique.[\/vc_column_text][\/vc_column][\/vc_row][vc_row][vc_column][vc_column_text]<strong>Modalit\u00e9s :\u00a0<\/strong><\/p>\n<p>Adh\u00e9sion AMAQY individuelle ou familiale + co\u00fbt de l&rsquo;activit\u00e9 SEL en fonction de votre QF CAF (Quotient Familial CAF) ou \u00e0 d\u00e9faut de votre avis d&rsquo;imposition 2024.<\/p>\n<p>Tarifs yonnais : QF CAF &lt; 700 : 5\u20ac ; QF CAF &gt; 700 : 5\u20ac<\/p>\n<p>Tarif non-yonnais : QF CAF &lt; 700 : 7\u20ac ; QF CAF &gt; 700 : 7\u20ac<\/p>\n<p>Inscription au secr\u00e9tariat de la MQ. Tel : 02 51 47 36 63<\/p>\n<p>Renseignements plus d\u00e9taill\u00e9s sur le fonctionnement aupr\u00e8s de Christelle, Responsable Famille (absente les lundi et mercredi) :<\/p>\n<p>christelle.joyeux-pinson@amaqy.fr[\/vc_column_text][\/vc_column][\/vc_row]<\/p>\n<\/div>","protected":false},"excerpt":{"rendered":"<p>[vc_row][vc_column width=\u00a0\u00bb1\/3&Prime;][vc_single_image image=\u00a0\u00bb3621&Prime; img_size=\u00a0\u00bblarge\u00a0\u00bb onclick=\u00a0\u00bbcustom_link\u00a0\u00bb img_link_target=\u00a0\u00bb_blank\u00a0\u00bb link=\u00a0\u00bbhttps:\/\/drive.google.com\/file\/d\/1lp7iNb_0idCOq10WeSu6Dw0B76puIUlQ\/view?usp=sharing\u00a0\u00bb el_class=\u00a0\u00bbimg-hover-zoom\u00a0\u00bb][\/vc_column][vc_column width=\u00a0\u00bb2\/3&Prime;][vc_column_text]Le S. E. L. (Syst\u00e8me d\u2019Echange Local) est un syst\u00e8me d\u2019\u00e9changes de<\/p>\n","protected":false},"author":48,"featured_media":0,"parent":882,"menu_order":0,"comment_status":"closed","ping_status":"closed","template":"","meta":{"colormag_page_container_layout":"default_layout","colormag_page_sidebar_layout":"default_layout","footnotes":""},"class_list":["post-3619","page","type-page","status-publish","hentry"],"_links":{"self":[{"href":"https:\/\/amaqy.fr\/valdornay\/wp-json\/wp\/v2\/pages\/3619","targetHints":{"allow":["GET"]}}],"collection":[{"href":"https:\/\/amaqy.fr\/valdornay\/wp-json\/wp\/v2\/pages"}],"about":[{"href":"https:\/\/amaqy.fr\/valdornay\/wp-json\/wp\/v2\/types\/page"}],"author":[{"embeddable":true,"href":"https:\/\/amaqy.fr\/valdornay\/wp-json\/wp\/v2\/users\/48"}],"replies":[{"embeddable":true,"href":"https:\/\/amaqy.fr\/valdornay\/wp-json\/wp\/v2\/comments?post=3619"}],"version-history":[{"count":5,"href":"https:\/\/amaqy.fr\/valdornay\/wp-json\/wp\/v2\/pages\/3619\/revisions"}],"predecessor-version":[{"id":3726,"href":"https:\/\/amaqy.fr\/valdornay\/wp-json\/wp\/v2\/pages\/3619\/revisions\/3726"}],"up":[{"embeddable":true,"href":"https:\/\/amaqy.fr\/valdornay\/wp-json\/wp\/v2\/pages\/882"}],"wp:attachment":[{"href":"https:\/\/amaqy.fr\/valdornay\/wp-json\/wp\/v2\/media?parent=3619"}],"curies":[{"name":"wp","href":"https:\/\/api.w.org\/{rel}","templated":true}]}}