{"id":18,"date":"2013-12-02T14:58:36","date_gmt":"2013-12-02T13:58:36","guid":{"rendered":"http:\/\/amaqy.fr\/Ornay\/?page_id=18"},"modified":"2025-12-12T11:55:37","modified_gmt":"2025-12-12T10:55:37","slug":"famille","status":"publish","type":"page","link":"https:\/\/amaqy.fr\/valdornay\/accueil\/famille\/","title":{"rendered":"Famille"},"content":{"rendered":"<div class=\"wpb-content-wrapper\"><p>[vc_row][vc_column width=\u00a0\u00bb1\/4&Prime;][vc_column_text css_animation=\u00a0\u00bbzoomInUp\u00a0\u00bb]<strong>LUDOB\u00c9B\u00c9<\/strong><\/p>\n<p>Il s&rsquo;agit d&rsquo;une activit\u00e9 payante g\u00e9r\u00e9e par la MQ du Val d&rsquo;Ornay. Pour participer, il vous faut adh\u00e9rer \u00e0 l&rsquo;AMAQY (18\u20ac pour l&rsquo;ann\u00e9e civile 2025 + 18\u20ac pour l&rsquo;ann\u00e9e civile 2026).<\/p>\n<p>Co\u00fbt de l\u00a0\u00bbactivit\u00e9 Ludob\u00e9b\u00e9 sera \u00e9tabli pour l&rsquo;ann\u00e9e 2025\/ 2026 en fonction de votre QF CAF ou votre avis d&rsquo;imposition 2024 (si vous n&rsquo;avez pas de compte CAF) :<\/p>\n<ul>\n<li>Tarif Yonnais : 15\u20ac pour un QF CAF &gt; 700 et 11\u20ac pour un QF CAF &lt;\u00a0 700.<\/li>\n<li>Tarif Non-Yonnais : 17\u20ac pour un QF CAF &gt; 700 et 13\u20ac pour un QF CAF &lt; 700.<\/li>\n<\/ul>\n<p>Le Ludob\u00e9b\u00e9 a lieu tous les jeudi matin \u00e0 partir de 9h jusqu&rsquo;\u00e0 11h15 en p\u00e9riode scolaire.<\/p>\n<p>Renseignements au secr\u00e9tariat : valdornay@amaqy.fr<\/p>\n<p>Animatrice famille : Virginie PAPILLON<\/p>\n<p>Intervention ponctuelle de Martine, Association \u00ab\u00a0RAPAVV\u00a0\u00bb.<\/p>\n<p>Rappel des r\u00e8gles : Pour des raisons d&rsquo;hygi\u00e8ne, il n&rsquo;est pas autoris\u00e9 de manger dans la grande salle o\u00f9 est install\u00e9 le Ludob\u00e9b\u00e9. Merci de votre compr\u00e9hension.[\/vc_column_text][\/vc_column][vc_column css_animation=\u00a0\u00bbbounceInDown\u00a0\u00bb width=\u00a0\u00bb1\/4&Prime;][vc_column_text][\/vc_column_text][vc_btn title=\u00a0\u00bbInscriptions Ludob\u00e9b\u00e9 2025-2026&Prime; color=\u00a0\u00bbviolet\u00a0\u00bb size=\u00a0\u00bblg\u00a0\u00bb css=\u00a0\u00bb\u00a0\u00bb link=\u00a0\u00bburl:https%3A%2F%2Fdrive.google.com%2Ffile%2Fd%2F1vUZKxtQqMa9RrNDruJ4wSjYv1CWA4JzH%2Fview%3Fusp%3Dsharing|title:avril%20mai%20juin%202025|target:_blank\u00a0\u00bb][vc_btn title=\u00a0\u00bbZoom sur le RAPAVV\u00a0\u00bb color=\u00a0\u00bbchino\u00a0\u00bb size=\u00a0\u00bblg\u00a0\u00bb link=\u00a0\u00bburl:https%3A%2F%2Fwww.rapav.fr%2F|title:RAPAVV|target:%20_blank|\u00a0\u00bb][vc_btn title=\u00a0\u00bbLud&rsquo;Ornay vacances d\u00e9cembre 2025&Prime; color=\u00a0\u00bbjuicy-pink\u00a0\u00bb size=\u00a0\u00bblg\u00a0\u00bb css=\u00a0\u00bb\u00a0\u00bb link=\u00a0\u00bburl:https%3A%2F%2Fdrive.google.com%2Ffile%2Fd%2F1eSm59x_SBlvnfKJXJ99OVVeU8TLVQXY_%2Fview%3Fusp%3Dsharing|title:Lud&rsquo;Ornay%20|target:_blank\u00a0\u00bb][vc_btn title=\u00a0\u00bbHoraires Lud&rsquo;Ornay vacances f\u00e9vrier 2026&Prime; color=\u00a0\u00bbchino\u00a0\u00bb size=\u00a0\u00bblg\u00a0\u00bb css=\u00a0\u00bb\u00a0\u00bb link=\u00a0\u00bburl:https%3A%2F%2Fdrive.google.com%2Ffile%2Fd%2F1SCTX241-laSN0DrpW84FFKYOlIs9QYhr%2Fview%3Fusp%3Dsharing|title:Lud&rsquo;Ornay%20Vacances%20f%C3%A9vrier%202026|target:_blank\u00a0\u00bb][\/vc_column][vc_column width=\u00a0\u00bb1\/4&Prime;][vc_column_text]<strong>OBJECTIFS DU SECTEUR FAMILLE :<\/strong><\/p>\n<ul>\n<li>Cr\u00e9er du lien social au sein du quartier en proposant des actions favorisant des rencontres entre familles (ateliers du jeudi)<\/li>\n<li>Soutenir la fonction \u00e9ducative en accompagnant les familles et en favorisant la relation parents-enfants (ateliers arts plastiques du samedi, Ludob\u00e9b\u00e9, WE famille \u00e0 la Par\u00e9e du Jonc l&rsquo;\u00e9t\u00e9&#8230;)<\/li>\n<\/ul>\n<p>[\/vc_column_text][\/vc_column][vc_column width=\u00a0\u00bb1\/4&Prime;][vc_column_text]<strong>LUD&rsquo;ORNAY<\/strong><\/p>\n<p>Ouvert sur la plupart des petites vacances scolaires (consulter les affiches ou le journal de quartier du Val d&rsquo;Ornay).<\/p>\n<p><strong>Horaires :<\/strong><\/p>\n<p>Lundi, mardi, mercredi, jeudi, vendredi de 9h \u00e0 11h30<\/p>\n<p>Le mardi apr\u00e8s-midi : de 14h \u00e0 17h<\/p>\n<p>Le vendredi apr\u00e8s-midi : de 14h \u00e0 16h30 (fin \u00e0 11h le dernier vendredi de la p\u00e9riode pour le rangement par des b\u00e9n\u00e9voles du quartier).<\/p>\n<p>Ouvert aux enfants de 0 \u00e0 11 ans, accompagn\u00e9s obligatoirement d&rsquo;une personne majeure.<\/p>\n<p><strong>GRATUIT mais r\u00e9serv\u00e9 \u00e0 nos adh\u00e9rents AMAQY<\/strong><\/p>\n<p><em><strong>Les jeux doivent \u00eatre rang\u00e9s par vos soins avant de repartir.<\/strong><\/em>[\/vc_column_text][\/vc_column][\/vc_row]<\/p>\n<\/div>","protected":false},"excerpt":{"rendered":"<p>[vc_row][vc_column width=\u00a0\u00bb1\/4&Prime;][vc_column_text css_animation=\u00a0\u00bbzoomInUp\u00a0\u00bb]LUDOB\u00c9B\u00c9 Il s&rsquo;agit d&rsquo;une activit\u00e9 payante g\u00e9r\u00e9e par la MQ du Val d&rsquo;Ornay. Pour participer, il vous faut<\/p>\n","protected":false},"author":1,"featured_media":0,"parent":5,"menu_order":5,"comment_status":"closed","ping_status":"closed","template":"","meta":{"colormag_page_container_layout":"default_layout","colormag_page_sidebar_layout":"default_layout","footnotes":""},"class_list":["post-18","page","type-page","status-publish","hentry"],"_links":{"self":[{"href":"https:\/\/amaqy.fr\/valdornay\/wp-json\/wp\/v2\/pages\/18","targetHints":{"allow":["GET"]}}],"collection":[{"href":"https:\/\/amaqy.fr\/valdornay\/wp-json\/wp\/v2\/pages"}],"about":[{"href":"https:\/\/amaqy.fr\/valdornay\/wp-json\/wp\/v2\/types\/page"}],"author":[{"embeddable":true,"href":"https:\/\/amaqy.fr\/valdornay\/wp-json\/wp\/v2\/users\/1"}],"replies":[{"embeddable":true,"href":"https:\/\/amaqy.fr\/valdornay\/wp-json\/wp\/v2\/comments?post=18"}],"version-history":[{"count":5,"href":"https:\/\/amaqy.fr\/valdornay\/wp-json\/wp\/v2\/pages\/18\/revisions"}],"predecessor-version":[{"id":3991,"href":"https:\/\/amaqy.fr\/valdornay\/wp-json\/wp\/v2\/pages\/18\/revisions\/3991"}],"up":[{"embeddable":true,"href":"https:\/\/amaqy.fr\/valdornay\/wp-json\/wp\/v2\/pages\/5"}],"wp:attachment":[{"href":"https:\/\/amaqy.fr\/valdornay\/wp-json\/wp\/v2\/media?parent=18"}],"curies":[{"name":"wp","href":"https:\/\/api.w.org\/{rel}","templated":true}]}}