{"id":12,"date":"2013-12-02T14:57:34","date_gmt":"2013-12-02T13:57:34","guid":{"rendered":"http:\/\/amaqy.fr\/Ornay\/?page_id=12"},"modified":"2023-01-16T15:11:11","modified_gmt":"2023-01-16T14:11:11","slug":"notre-projet","status":"publish","type":"page","link":"https:\/\/amaqy.fr\/valdornay\/accueil\/notre-projet\/","title":{"rendered":"Notre projet"},"content":{"rendered":"<div class=\"wpb-content-wrapper\"><p>[vc_row][vc_column 0=\u00a0\u00bb\u00a0\u00bb][vc_column_text]<\/p>\n<p style=\"text-align: justify\"><span style=\"color: #000000\"><strong>Le Projet AMAQY Val d\u2019Ornay<\/strong><\/span><\/p>\n<p style=\"text-align: justify\"><span style=\"color: #000000\">Ce projet, s\u2019appuie sur nos <span style=\"color: #ff0000\"><span style=\"color: #000000\"><strong>\u00a0valeurs\u00a0<\/strong>:<\/span><strong> \u00ab\u00a0la tol\u00e9rance et la la\u00efcit\u00e9, la citoyennet\u00e9 et l\u2019autonomie et la solidarit\u00e9 \u00ab\u00a0<\/strong>.<\/span> Elles sont partag\u00e9es par nos partenaires du territoire (les Maisons de Quartier de St\u00a0Andr\u00e9 et Forges) et constituent le fondement de notre action.<\/span><\/p>\n<p style=\"text-align: justify\"><span style=\"color: #000000\">Il est li\u00e9 au r\u00e9f\u00e9rentiel de la CNAF avec les missions d\u2019un centre social, et aux orientations de la ville dans le cadre d\u2019une mission d\u2019int\u00e9r\u00eat g\u00e9n\u00e9ral.<\/span><\/p>\n<p style=\"text-align: justify\"><span style=\"color: #000000\"><em>Nous voulons poursuivre le chemin engag\u00e9 dans le dernier contrat pour continuer \u00e0 am\u00e9liorer l\u2019action collective des trois quartiers du territoire en apportant encore plus de coh\u00e9rence et de lisibilit\u00e9 dans le projet enfance\/jeunesse et en am\u00e9liorant la compl\u00e9mentarit\u00e9 des actions familles tout en prenant en compte la sp\u00e9cificit\u00e9 de chaque quartier. Sur le Val d\u2019Ornay nous aurons une attention particuli\u00e8re aupr\u00e8s de certains publics, personnes \u00e2g\u00e9es, personnes isol\u00e9es.<\/em><\/span><\/p>\n<p style=\"text-align: justify\"><span style=\"color: #000000\">Notre volont\u00e9 est de permettre au plus grand nombre de s\u2019exprimer et d\u2019\u00eatre partie prenante de la vie du quartier.<\/span><\/p>\n<p style=\"text-align: justify\"><strong><span style=\"color: #000000\">Nous savons que vous \u00eates convaincus du r\u00f4le que nous jouons dans la qualit\u00e9 de vie des Yonnais. Bien loin d\u2019un simple prestataire de services nous voulons \u0153uvrer pour que chacun puisse \u00eatre un acteur indispensable de notre vivre ensemble.<\/span><\/strong><\/p>\n<p style=\"text-align: justify\"><span style=\"color: #000000\">Venez nous voir pour enrichir ce parcours et favoriser la vie collective sur le quartier en bonne intelligence.<\/span><\/p>\n<p>[\/vc_column_text][\/vc_column][\/vc_row][vc_row][vc_column width=\u00a0\u00bb1\/3&Prime;][\/vc_column][vc_column width=\u00a0\u00bb1\/3&Prime;][vc_btn title=\u00a0\u00bbR\u00e8glement Int\u00e9rieur AMAQY\u00a0\u00bb color=\u00a0\u00bbdanger\u00a0\u00bb link=\u00a0\u00bburl:https%3A%2F%2Fwww.calameo.com%2Fread%2F005623970f1e32ecc93cd||target:%20_blank|\u00a0\u00bb][\/vc_column][vc_column width=\u00a0\u00bb1\/3&Prime;][\/vc_column][\/vc_row]<\/p>\n<\/div>","protected":false},"excerpt":{"rendered":"<p>[vc_row][vc_column 0=\u00a0\u00bb\u00a0\u00bb][vc_column_text] Le Projet AMAQY Val d\u2019Ornay Ce projet, s\u2019appuie sur nos \u00a0valeurs\u00a0: \u00ab\u00a0la tol\u00e9rance et la la\u00efcit\u00e9, la citoyennet\u00e9<\/p>\n","protected":false},"author":1,"featured_media":0,"parent":5,"menu_order":2,"comment_status":"closed","ping_status":"closed","template":"","meta":{"colormag_page_container_layout":"default_layout","colormag_page_sidebar_layout":"default_layout","footnotes":""},"class_list":["post-12","page","type-page","status-publish","hentry"],"_links":{"self":[{"href":"https:\/\/amaqy.fr\/valdornay\/wp-json\/wp\/v2\/pages\/12","targetHints":{"allow":["GET"]}}],"collection":[{"href":"https:\/\/amaqy.fr\/valdornay\/wp-json\/wp\/v2\/pages"}],"about":[{"href":"https:\/\/amaqy.fr\/valdornay\/wp-json\/wp\/v2\/types\/page"}],"author":[{"embeddable":true,"href":"https:\/\/amaqy.fr\/valdornay\/wp-json\/wp\/v2\/users\/1"}],"replies":[{"embeddable":true,"href":"https:\/\/amaqy.fr\/valdornay\/wp-json\/wp\/v2\/comments?post=12"}],"version-history":[{"count":5,"href":"https:\/\/amaqy.fr\/valdornay\/wp-json\/wp\/v2\/pages\/12\/revisions"}],"predecessor-version":[{"id":2747,"href":"https:\/\/amaqy.fr\/valdornay\/wp-json\/wp\/v2\/pages\/12\/revisions\/2747"}],"up":[{"embeddable":true,"href":"https:\/\/amaqy.fr\/valdornay\/wp-json\/wp\/v2\/pages\/5"}],"wp:attachment":[{"href":"https:\/\/amaqy.fr\/valdornay\/wp-json\/wp\/v2\/media?parent=12"}],"curies":[{"name":"wp","href":"https:\/\/api.w.org\/{rel}","templated":true}]}}