{"id":421,"date":"2016-12-02T16:20:09","date_gmt":"2016-12-02T15:20:09","guid":{"rendered":"http:\/\/amaqy.fr\/territoire\/?page_id=421"},"modified":"2025-12-29T15:56:25","modified_gmt":"2025-12-29T14:56:25","slug":"enfance","status":"publish","type":"page","link":"https:\/\/amaqy.fr\/territoire\/enfance\/","title":{"rendered":"Enfance"},"content":{"rendered":"<div class=\"wpb-content-wrapper\"><p>[vc_row content_placement=\u00a0\u00bbmiddle\u00a0\u00bb][vc_column width=\u00a0\u00bb1\/3&Prime;][vc_single_image image=\u00a0\u00bb1617&Prime; img_size=\u00a0\u00bbmedium\u00a0\u00bb alignment=\u00a0\u00bbcenter\u00a0\u00bb onclick=\u00a0\u00bbcustom_link\u00a0\u00bb css_animation=\u00a0\u00bbnone\u00a0\u00bb link=\u00a0\u00bbhttps:\/\/amaqy.fr\/territoire\/enfance\/plannings-de-lalsh-de-langelmiere\/\u00a0\u00bb][\/vc_column][vc_column width=\u00a0\u00bb1\/3&Prime; el_id=\u00a0\u00bbhttps:\/\/www.calameo.com\/read\/00562397033fcda5c3e08&Prime;][vc_single_image image=\u00a0\u00bb610&Prime; img_size=\u00a0\u00bbmedium\u00a0\u00bb alignment=\u00a0\u00bbcenter\u00a0\u00bb onclick=\u00a0\u00bbcustom_link\u00a0\u00bb css_animation=\u00a0\u00bbnone\u00a0\u00bb link=\u00a0\u00bbhttps:\/\/amaqy.fr\/territoire\/dossier-alsh\/\u00a0\u00bb el_id=\u00a0\u00bbhttps:\/\/www.calameo.com\/read\/00562397071f8282b5266&Prime;][\/vc_column][vc_column width=\u00a0\u00bb1\/3&Prime;][vc_single_image image=\u00a0\u00bb1363&Prime; img_size=\u00a0\u00bbmedium\u00a0\u00bb alignment=\u00a0\u00bbcenter\u00a0\u00bb onclick=\u00a0\u00bbcustom_link\u00a0\u00bb img_link_target=\u00a0\u00bb_blank\u00a0\u00bb link=\u00a0\u00bbhttps:\/\/amaqy.fr\/wp-content\/uploads\/2024\/02\/2024-Grille-tarifs-ALSH-au-07-janv-2024-1.pdf\u00a0\u00bb][\/vc_column][\/vc_row][vc_row][vc_column width=\u00a0\u00bb1\/3&Prime;][vc_gmaps link=\u00a0\u00bb\u00a0\u00bb title=\u00a0\u00bbCentre de loisirs de l&rsquo;Angelmi\u00e8re\u00a0\u00bb el_id=\u00a0\u00bbhttps:\/\/www.google.com\/maps\/d\/edit?mid=1nEyrP3eQL6ISQrI4JU-GvQYRSCB-7KA&amp;usp=sharing\u00a0\u00bb][\/vc_column][\/vc_row][vc_row][vc_column][vc_column_text]<\/p>\n<h1>ALSH de l&rsquo;Angelmi\u00e8re<\/h1>\n<p>[\/vc_column_text][\/vc_column][\/vc_row][vc_row][vc_column css_animation=\u00a0\u00bbnone\u00a0\u00bb width=\u00a0\u00bb1\/2&Prime;][vc_column_text]1 Place Fran\u00e7oise Dolto, 85000 la Roche-sur-Yon<br \/>\nAcc\u00e8s bus : ligne 3<\/p>\n<p><strong>Contact de la direction du centre :<\/strong><\/p>\n<ul>\n<li><strong>T\u00e9l\u00e9phone <\/strong>: 06 86 21 54 75<br \/>\n(uniquement les mercredis + vacances scolaires du lundi au vendredi)<\/li>\n<li><strong>Mail<\/strong> : <a href=\"mailto:enfance.valdornay@amaqy.fr\">enfance.valdornay@amaqy.fr<\/a><\/li>\n<\/ul>\n<p>[\/vc_column_text][vc_column_text]<strong>Contacts des secr\u00e9tariat des 3 Maisons de Quartier du territoire :<\/strong><\/p>\n<ul>\n<li><strong>Forges <\/strong>: 02 51 05 07 40 \/ <a href=\"mailto:forges@amaqy.fr\">forges@amaqy.fr<\/a><\/li>\n<li><b>Val d&rsquo;Ornay\u00a0<\/b>: 02 51 47 36 63 \/ <a href=\"mailto:valdornay@amaqy.fr\">valdornay@amaqy.fr<\/a><\/li>\n<li><strong>Saint-Andr\u00e9 d&rsquo;Ornay<\/strong> : 02 51 62 28 99 \/ <a href=\"mailto:saintandre@amaqy.fr\">saintandre@amaqy.fr<\/a><\/li>\n<\/ul>\n<p>[\/vc_column_text][vc_column_text css=\u00a0\u00bb.vc_custom_1744099407297{padding-top: 25px !important;padding-right: 25px !important;padding-bottom: 25px !important;padding-left: 25px !important;background-color: #93deff !important;border-radius: 20px !important;}\u00a0\u00bb]<strong>Horaires d&rsquo;ouverture en p\u00e9riode scolaire<\/strong><\/p>\n<ul>\n<li><strong>Mercredi<\/strong> de 12h15 \u00e0 17h15 (+ accueil du soir jusqu&rsquo;\u00e0 18h45)<\/li>\n<li>Navette gratuite le mercredi midi \u00e0 la sortie des \u00e9coles publiques suivantes : Angelmi\u00e8re, Jean Moulin, Flora Tristan, G\u00e9n\u00e9raudi\u00e8re.<\/li>\n<\/ul>\n<p><strong>Horaires d&rsquo;ouverture en p\u00e9riode de vacances scolaires<\/strong><\/p>\n<ul>\n<li><strong>Du lundi au vendredi<\/strong> de 8h45 \u00e0 17h15<\/li>\n<li>Accueil suppl\u00e9mentaire de 7h30 \u00e0 8h45 et de 17h15 \u00e0 18h45<\/li>\n<\/ul>\n<p>[\/vc_column_text][\/vc_column][vc_column width=\u00a0\u00bb1\/2&Prime;][vc_gmaps link=\u00a0\u00bb#E-8_JTNDaWZyYW1lJTIwc3JjJTNEJTIyaHR0cHMlM0ElMkYlMkZ3d3cuZ29vZ2xlLmNvbSUyRm1hcHMlMkZlbWJlZCUzRnBiJTNEJTIxMW0xOCUyMTFtMTIlMjExbTMlMjExZDY4MTAuODYyMjM2MzEzOTcyJTIxMmQtMS40NTE4MzI2NjM5MDk3NzM2JTIxM2Q0Ni42NTQyNDY2NjA5NTI1OSUyMTJtMyUyMTFmMCUyMTJmMCUyMTNmMCUyMTNtMiUyMTFpMTAyNCUyMTJpNzY4JTIxNGYxMy4xJTIxM20zJTIxMW0yJTIxMXMweDQ4MDQzYWFjZjViMjAxYjklMjUzQTB4ZDhkMDQ5NWI3N2ZiYTdhYSUyMTJzUGwuJTI1MjBGcmFuJTI1QzMlMjVBN29pc2UlMjUyMERvbHRvJTI1MkMlMjUyMDg1MDAwJTI1MjBMYSUyNTIwUm9jaGUtc3VyLVlvbiUyMTVlMSUyMTNtMiUyMTFzZnIlMjEyc2ZyJTIxNHYxNjk5NjI2OTEzODY3JTIxNW0yJTIxMXNmciUyMTJzZnIlMjIlMjB3aWR0aCUzRCUyMjYwMCUyMiUyMGhlaWdodCUzRCUyMjQ1MCUyMiUyMHN0eWxlJTNEJTIyYm9yZGVyJTNBMCUzQiUyMiUyMGFsbG93ZnVsbHNjcmVlbiUzRCUyMiUyMiUyMGxvYWRpbmclM0QlMjJsYXp5JTIyJTIwcmVmZXJyZXJwb2xpY3klM0QlMjJuby1yZWZlcnJlci13aGVuLWRvd25ncmFkZSUyMiUzRSUzQyUyRmlmcmFtZSUzRQ==\u00a0\u00bb css=\u00a0\u00bb.vc_custom_1744098519589{background-position: center !important;background-repeat: no-repeat !important;background-size: cover !important;}\u00a0\u00bb][vc_btn title=\u00a0\u00bbR\u00e9servations ALSH MERCREDIS, petites et grandes VACANCES\u00a0\u00bb color=\u00a0\u00bbmulled-wine\u00a0\u00bb align=\u00a0\u00bbcenter\u00a0\u00bb button_block=\u00a0\u00bbtrue\u00a0\u00bb link=\u00a0\u00bburl:http%3A%2F%2Famaqy.fr%2Famaqy-en-ligne%2F|title:R%C3%A9servations%20MERCREDIS|target:%20_blank|\u00a0\u00bb][vc_btn title=\u00a0\u00bbR\u00e8glement int\u00e9rieur de tous les ACM (Accueil Collectifs de Mineurs) pour 2025&Prime; color=\u00a0\u00bbjuicy-pink\u00a0\u00bb link=\u00a0\u00bburl:https%3A%2F%2Fdrive.google.com%2Ffile%2Fd%2F13WVR2p4b4ZmxjNzOiyjV7o8junePLzvP%2Fview%3Fusp%3Dsharing|title:Projet%20p%C3%A9dagogique%20du%20Centre|target:%20_blank|\u00a0\u00bb][\/vc_column][\/vc_row][vc_row][vc_column][vc_empty_space][vc_column_text]<\/p>\n<h2>Documents utiles<\/h2>\n<p>[\/vc_column_text][vc_row_inner][vc_column_inner width=\u00a0\u00bb1\/3&Prime;][vc_btn title=\u00a0\u00bbProjet p\u00e9dagogique mercredis 2024\/ 2025 Centre de Loisirs de l&rsquo;Angelmi\u00e8re\u00a0\u00bb color=\u00a0\u00bbturquoise\u00a0\u00bb link=\u00a0\u00bburl:https%3A%2F%2Fdrive.google.com%2Ffile%2Fd%2F1M9rRmmupH4CNBN-5IK_BQp9bQt64Sd5D%2Fview%3Fusp%3Dsharing|title:Projet%20p%C3%A9dagogique%20du%20Centre|target:%20_blank|\u00a0\u00bb][\/vc_column_inner][vc_column_inner width=\u00a0\u00bb1\/3&Prime;][vc_btn title=\u00a0\u00bbProjet p\u00e9dagogique ALSH Angelmi\u00e8re 2024\/ 2025 en quelques mots\u00a0\u00bb color=\u00a0\u00bbturquoise\u00a0\u00bb link=\u00a0\u00bburl:https%3A%2F%2Fdrive.google.com%2Ffile%2Fd%2F1wNcuMkN4ZC8eEpIpvr2vXkqfGbvnxN5j%2Fview%3Fusp%3Dsharing|title:Projet%20p%C3%A9dagogique%20du%20Centre|target:%20_blank|\u00a0\u00bb][vc_btn title=\u00a0\u00bbInfos ALSH Angelmi\u00e8re (voir p.14 du guide)\u00a0\u00bb color=\u00a0\u00bbpurple\u00a0\u00bb align=\u00a0\u00bbcenter\u00a0\u00bb css=\u00a0\u00bb\u00a0\u00bb link=\u00a0\u00bburl:https%3A%2F%2Fwww.calameo.com%2Fread%2F005623970dd3644b4b87e|title:ALSH|target:_blank\u00a0\u00bb][\/vc_column_inner][vc_column_inner width=\u00a0\u00bb1\/3&Prime;][vc_btn title=\u00a0\u00bbPr\u00e9sentation professionnels de la MQ du Val d&rsquo;Ornay\u00a0\u00bb color=\u00a0\u00bbsky\u00a0\u00bb link=\u00a0\u00bburl:http%3A%2F%2Famaqy.fr%2Fvaldornay%2Fprofessionnelle%2F|title:professionnels%20de%20la%20MQ%20du%20Val%20d&rsquo;Ornay|target:%20_blank|\u00a0\u00bb][\/vc_column_inner][\/vc_row_inner][\/vc_column][\/vc_row]<\/p>\n<\/div>","protected":false},"excerpt":{"rendered":"<p>[vc_row content_placement=\u00a0\u00bbmiddle\u00a0\u00bb][vc_column width=\u00a0\u00bb1\/3&Prime;][vc_single_image image=\u00a0\u00bb1617&Prime; img_size=\u00a0\u00bbmedium\u00a0\u00bb alignment=\u00a0\u00bbcenter\u00a0\u00bb onclick=\u00a0\u00bbcustom_link\u00a0\u00bb css_animation=\u00a0\u00bbnone\u00a0\u00bb link=\u00a0\u00bbhttps:\/\/amaqy.fr\/territoire\/enfance\/plannings-de-lalsh-de-langelmiere\/\u00a0\u00bb][\/vc_column][vc_column width=\u00a0\u00bb1\/3&Prime; el_id=\u00a0\u00bbhttps:\/\/www.calameo.com\/read\/00562397033fcda5c3e08&Prime;][vc_single_image image=\u00a0\u00bb610&Prime; img_size=\u00a0\u00bbmedium\u00a0\u00bb alignment=\u00a0\u00bbcenter\u00a0\u00bb onclick=\u00a0\u00bbcustom_link\u00a0\u00bb css_animation=\u00a0\u00bbnone\u00a0\u00bb link=\u00a0\u00bbhttps:\/\/amaqy.fr\/territoire\/dossier-alsh\/\u00a0\u00bb el_id=\u00a0\u00bbhttps:\/\/www.calameo.com\/read\/00562397071f8282b5266&Prime;][\/vc_column][vc_column width=\u00a0\u00bb1\/3&Prime;][vc_single_image image=\u00a0\u00bb1363&Prime;<\/p>\n","protected":false},"author":1,"featured_media":0,"parent":0,"menu_order":0,"comment_status":"closed","ping_status":"closed","template":"","meta":{"colormag_page_container_layout":"default_layout","colormag_page_sidebar_layout":"default_layout","footnotes":""},"class_list":["post-421","page","type-page","status-publish","hentry"],"_links":{"self":[{"href":"https:\/\/amaqy.fr\/territoire\/wp-json\/wp\/v2\/pages\/421","targetHints":{"allow":["GET"]}}],"collection":[{"href":"https:\/\/amaqy.fr\/territoire\/wp-json\/wp\/v2\/pages"}],"about":[{"href":"https:\/\/amaqy.fr\/territoire\/wp-json\/wp\/v2\/types\/page"}],"author":[{"embeddable":true,"href":"https:\/\/amaqy.fr\/territoire\/wp-json\/wp\/v2\/users\/1"}],"replies":[{"embeddable":true,"href":"https:\/\/amaqy.fr\/territoire\/wp-json\/wp\/v2\/comments?post=421"}],"version-history":[{"count":5,"href":"https:\/\/amaqy.fr\/territoire\/wp-json\/wp\/v2\/pages\/421\/revisions"}],"predecessor-version":[{"id":1812,"href":"https:\/\/amaqy.fr\/territoire\/wp-json\/wp\/v2\/pages\/421\/revisions\/1812"}],"wp:attachment":[{"href":"https:\/\/amaqy.fr\/territoire\/wp-json\/wp\/v2\/media?parent=421"}],"curies":[{"name":"wp","href":"https:\/\/api.w.org\/{rel}","templated":true}]}}