{"id":39,"date":"2016-02-18T12:10:04","date_gmt":"2016-02-18T11:10:04","guid":{"rendered":"http:\/\/amaqy.fr\/territoire\/?page_id=39"},"modified":"2023-04-26T10:24:22","modified_gmt":"2023-04-26T09:24:22","slug":"alsh","status":"publish","type":"page","link":"https:\/\/amaqy.fr\/territoire\/enfance\/alsh\/","title":{"rendered":"ALSH"},"content":{"rendered":"<div class=\"wpb-content-wrapper\"><p>[vc_row 0=\u00a0\u00bb\u00a0\u00bb][vc_column width=\u00a0\u00bb5\/6&Prime;][vc_btn title=\u00a0\u00bbD\u00e9couvrez l&rsquo;\u00e9quipe de la MQ du Val d&rsquo;Ornay !\u00a0\u00bb color=\u00a0\u00bbvista-blue\u00a0\u00bb align=\u00a0\u00bbleft\u00a0\u00bb button_block=\u00a0\u00bbtrue\u00a0\u00bb link=\u00a0\u00bburl:http%3A%2F%2Famaqy.fr%2Fvaldornay%2Fprofessionnelle%2F||target:%20_blank|\u00a0\u00bb][vc_column_text css_animation=\u00a0\u00bbfadeInLeft\u00a0\u00bb]<\/p>\n<p style=\"text-align: left\">1 Place Dolto, 85000 La Roche-sur-Yon.\u00a0Le centre de loisirs de l&rsquo;Angelmi\u00e8re prend en compte les inscriptions pour les mercredis (repas + apr\u00e8s-midi) <strong>en p\u00e9riode scolaire<\/strong> <strong>uniquement pour les enfants inscrits dans les \u00e9coles publiques suivantes :<\/strong> Angelmi\u00e8re, Jean-Moulin, Flora Tristan, la G\u00e9n\u00e9raudi\u00e8re, Montjoie. En p\u00e9riode de vacances scolaires, vous \u00eates libre d&rsquo;inscrire votre enfant dans le centre de loisirs de votre choix sur la Roche-sur-Yon.<\/p>\n<p style=\"text-align: left\">Pour joindre le Directeur du Centre de loisirs de l&rsquo;Angelmi\u00e8re, Vincent Gendronneau :<\/p>\n<p style=\"text-align: left\">06 86 21 54 75 le mercredi et vacances scolaires ou enfance.valdornay@amaqy.fr<\/p>\n<p>Pour toutes questions en lien avec le portail \u00ab\u00a0AMAQY en ligne\u00a0\u00bb, vous pouvez contacter l&rsquo;un des 3 secr\u00e9tariats des 3 Maisons de Quartiers suivantes :<\/p>\n<ul>\n<li>MQ de Saint Andr\u00e9\u00a0 d&rsquo;Ornay\u00a0 : 02 51 62 28 99 &#8211; du mardi au samedi midi en p\u00e9riode scolaire <em>(du lundi au vendredi en p\u00e9riode de vacances scolaires)<\/em><\/li>\n<li>MQ des Forges : 02 51 05 07 40 &#8211; du lundi <strong>apr\u00e8s-midi<\/strong> au vendredi <em>(ferm\u00e9 le mercredi apr\u00e8s-midi)<\/em><\/li>\n<li>MQ du Val d&rsquo;Ornay\u00a0 : 02 51 47 36 63 &#8211; du lundi<strong> apr\u00e8s-midi<\/strong> au vendredi<\/li>\n<\/ul>\n<p>[\/vc_column_text][vc_btn title=\u00a0\u00bbR\u00e8glement int\u00e9rieur Centre de loisirs de l&rsquo;Angelmi\u00e8re\u00a0\u00bb color=\u00a0\u00bbturquoise\u00a0\u00bb align=\u00a0\u00bbleft\u00a0\u00bb button_block=\u00a0\u00bbtrue\u00a0\u00bb link=\u00a0\u00bburl:https%3A%2F%2Fwww.calameo.com%2Fread%2F005623970740b34fb82fa||target:%20_blank|\u00a0\u00bb][vc_btn title=\u00a0\u00bbProjet P\u00e9dagogique ALSH Angelmi\u00e8re vacances avril 2023&Prime; color=\u00a0\u00bbwarning\u00a0\u00bb align=\u00a0\u00bbleft\u00a0\u00bb button_block=\u00a0\u00bbtrue\u00a0\u00bb link=\u00a0\u00bburl:https%3A%2F%2Fdrive.google.com%2Ffile%2Fd%2F1iy140KMHoYevrbWJS-4t9iwHtRm6btkx%2Fview%3Fusp%3Dshare_link||target:%20_blank|\u00a0\u00bb][vc_btn title=\u00a0\u00bbCalendrier des r\u00e9servations ALSH mercredis et vacances 2023&Prime; color=\u00a0\u00bbpeacoc\u00a0\u00bb align=\u00a0\u00bbleft\u00a0\u00bb button_block=\u00a0\u00bbtrue\u00a0\u00bb link=\u00a0\u00bburl:https%3A%2F%2Fwww.calameo.com%2Fread%2F00562397026aa86a3a32e||target:%20_blank|\u00a0\u00bb][\/vc_column][vc_column width=\u00a0\u00bb1\/6&Prime;][vc_gmaps link=\u00a0\u00bb#E-8_JTNDaWZyYW1lJTIwc3JjJTNEJTIyaHR0cHMlM0ElMkYlMkZ3d3cuZ29vZ2xlLmNvbSUyRm1hcHMlMkZlbWJlZCUzRnBiJTNEJTIxNHYxNTkxMjc4OTI5ODA1JTIxNm04JTIxMW03JTIxMXNVT29uc0piTGRJeWRCTC10OGVoTlRBJTIxMm0yJTIxMWQ0Ni42NTUwNzQ3MDgwOTQ4NyUyMTJkLTEuNDQ5ODQ3MDgwNDA0NTYlMjEzZjI4Ni4yMzk2MDc5ODg2MTY5NyUyMTRmNy44MTkwNDMyMTI5MjAzMzQlMjE1ZjAuNDAwMDAwMDAwMDAwMDAwMiUyMiUyMHdpZHRoJTNEJTIyNjAwJTIyJTIwaGVpZ2h0JTNEJTIyNDUwJTIyJTIwZnJhbWVib3JkZXIlM0QlMjIwJTIyJTIwc3R5bGUlM0QlMjJib3JkZXIlM0EwJTNCJTIyJTIwYWxsb3dmdWxsc2NyZWVuJTNEJTIyJTIyJTIwYXJpYS1oaWRkZW4lM0QlMjJmYWxzZSUyMiUyMHRhYmluZGV4JTNEJTIyMCUyMiUzRSUzQyUyRmlmcmFtZSUzRQ==\u00a0\u00bb][\/vc_column][\/vc_row][vc_row 0=\u00a0\u00bb\u00a0\u00bb][vc_column width=\u00a0\u00bb1\/4&Prime;][vc_single_image image=\u00a0\u00bb1534&Prime; img_size=\u00a0\u00bb600&#215;200&Prime; add_caption=\u00a0\u00bbyes\u00a0\u00bb style=\u00a0\u00bbvc_box_rounded\u00a0\u00bb onclick=\u00a0\u00bbcustom_link\u00a0\u00bb img_link_target=\u00a0\u00bb_blank\u00a0\u00bb css_animation=\u00a0\u00bbslideInLeft\u00a0\u00bb link=\u00a0\u00bbhttps:\/\/drive.google.com\/file\/d\/1qy14lXtwo650sgVxSJXy9asit3yRxrWn\/view?usp=sharing\u00a0\u00bb][\/vc_column][vc_column width=\u00a0\u00bb1\/4&Prime;][vc_single_image image=\u00a0\u00bb1527&Prime; img_size=\u00a0\u00bb300&#215;200&Prime; add_caption=\u00a0\u00bbyes\u00a0\u00bb style=\u00a0\u00bbvc_box_rounded\u00a0\u00bb onclick=\u00a0\u00bbcustom_link\u00a0\u00bb img_link_target=\u00a0\u00bb_blank\u00a0\u00bb css_animation=\u00a0\u00bbbounceInRight\u00a0\u00bb link=\u00a0\u00bbhttps:\/\/www.calameo.com\/read\/005623970eb99fbf43190&Prime;][\/vc_column][vc_column width=\u00a0\u00bb1\/4&Prime; el_class=\u00a0\u00bbhttp:\/\/amaqy.fr\/3925-2\/\u00a0\u00bb][vc_single_image image=\u00a0\u00bb839&Prime; onclick=\u00a0\u00bbcustom_link\u00a0\u00bb link=\u00a0\u00bbhttp:\/\/amaqy.fr\/3925-2\/\u00a0\u00bb][\/vc_column][vc_column width=\u00a0\u00bb1\/4&Prime;][vc_single_image image=\u00a0\u00bb1363&Prime; onclick=\u00a0\u00bbcustom_link\u00a0\u00bb link=\u00a0\u00bbhttps:\/\/www.larochesuryon.fr\/services-infos-pratiques\/enfance-vie-scolaire\/accueil-de-loisirs\/\u00a0\u00bb][\/vc_column][\/vc_row]<\/p>\n<\/div>","protected":false},"excerpt":{"rendered":"<p>[vc_row 0=\u00a0\u00bb\u00a0\u00bb][vc_column width=\u00a0\u00bb5\/6&Prime;][vc_btn title=\u00a0\u00bbD\u00e9couvrez l&rsquo;\u00e9quipe de la MQ du Val d&rsquo;Ornay !\u00a0\u00bb color=\u00a0\u00bbvista-blue\u00a0\u00bb align=\u00a0\u00bbleft\u00a0\u00bb button_block=\u00a0\u00bbtrue\u00a0\u00bb link=\u00a0\u00bburl:http%3A%2F%2Famaqy.fr%2Fvaldornay%2Fprofessionnelle%2F||target:%20_blank|\u00a0\u00bb][vc_column_text css_animation=\u00a0\u00bbfadeInLeft\u00a0\u00bb] 1 Place Dolto,<\/p>\n","protected":false},"author":1,"featured_media":0,"parent":421,"menu_order":0,"comment_status":"closed","ping_status":"closed","template":"","meta":{"colormag_page_container_layout":"default_layout","colormag_page_sidebar_layout":"default_layout","footnotes":""},"class_list":["post-39","page","type-page","status-publish","hentry"],"_links":{"self":[{"href":"https:\/\/amaqy.fr\/territoire\/wp-json\/wp\/v2\/pages\/39","targetHints":{"allow":["GET"]}}],"collection":[{"href":"https:\/\/amaqy.fr\/territoire\/wp-json\/wp\/v2\/pages"}],"about":[{"href":"https:\/\/amaqy.fr\/territoire\/wp-json\/wp\/v2\/types\/page"}],"author":[{"embeddable":true,"href":"https:\/\/amaqy.fr\/territoire\/wp-json\/wp\/v2\/users\/1"}],"replies":[{"embeddable":true,"href":"https:\/\/amaqy.fr\/territoire\/wp-json\/wp\/v2\/comments?post=39"}],"version-history":[{"count":5,"href":"https:\/\/amaqy.fr\/territoire\/wp-json\/wp\/v2\/pages\/39\/revisions"}],"predecessor-version":[{"id":1553,"href":"https:\/\/amaqy.fr\/territoire\/wp-json\/wp\/v2\/pages\/39\/revisions\/1553"}],"up":[{"embeddable":true,"href":"https:\/\/amaqy.fr\/territoire\/wp-json\/wp\/v2\/pages\/421"}],"wp:attachment":[{"href":"https:\/\/amaqy.fr\/territoire\/wp-json\/wp\/v2\/media?parent=39"}],"curies":[{"name":"wp","href":"https:\/\/api.w.org\/{rel}","templated":true}]}}