{"id":152,"date":"2016-02-23T12:21:23","date_gmt":"2016-02-23T11:21:23","guid":{"rendered":"http:\/\/amaqy.fr\/territoire\/?page_id=152"},"modified":"2025-12-29T15:18:49","modified_gmt":"2025-12-29T14:18:49","slug":"accompagnement-apres-lecole","status":"publish","type":"page","link":"https:\/\/amaqy.fr\/territoire\/forges-val-dornay-saint-andre\/secteur-jeunesse\/accompagnement-apres-lecole\/","title":{"rendered":"Accompagnement apr\u00e8s l&rsquo;\u00e9cole &#8211; Jeunesse"},"content":{"rendered":"<div class=\"wpb-content-wrapper\"><p>[vc_row 0=\u00a0\u00bb\u00a0\u00bb][vc_column width=\u00a0\u00bb1\/4&Prime;][vc_empty_space 0=\u00a0\u00bb\u00a0\u00bb][vc_single_image image=\u00a0\u00bb516&Prime; alignment=\u00a0\u00bbcenter\u00a0\u00bb style=\u00a0\u00bbvc_box_shadow_3d\u00a0\u00bb][\/vc_column][vc_column width=\u00a0\u00bb3\/4&Prime;][vc_empty_space height=\u00a0\u00bb64px\u00a0\u00bb][vc_custom_heading text=\u00a0\u00bbAccompagnement apr\u00e8s l\u2019\u00e9cole\u00a0\u00bb font_container=\u00a0\u00bbtag:h2|font_size:30|text_align:left|color:%231a39b2&Prime; use_theme_fonts=\u00a0\u00bbyes\u00a0\u00bb css_animation=\u00a0\u00bbrotateInDownLeft\u00a0\u00bb][\/vc_column][\/vc_row][vc_row 0=\u00a0\u00bb\u00a0\u00bb][vc_column width=\u00a0\u00bb1\/2&Prime;][vc_custom_heading text=\u00a0\u00bbObjectifs\u00a0\u00bb font_container=\u00a0\u00bbtag:h2|font_size:20|text_align:left|color:%231670bf\u00a0\u00bb use_theme_fonts=\u00a0\u00bbyes\u00a0\u00bb css_animation=\u00a0\u00bbflipInX\u00a0\u00bb][vc_column_text 0=\u00a0\u00bb\u00a0\u00bb]<\/p>\n<div>\n<div>\n<div>\n<ul style=\"list-style-type: circle\">\n<li>\n<p style=\"text-align: justify\"><span style=\"font-family: 'calibri','sans-serif'\">Soutenir l&rsquo;enfant dans sa scolarit\u00e9 et son apprentissage aux savoirs, par un partenariat crois\u00e9 entre parents \u2013 enseignants \u2013 enfants et travailleurs sociaux.<\/span><\/p>\n<\/li>\n<li style=\"text-align: justify\"><span style=\"font-family: 'calibri','sans-serif'\">Proposer une action visant \u00e0 valoriser l&rsquo;enfant et le r\u00e9v\u00e9ler en situation d&rsquo;apprenant li\u00e9 \u00e0 la scolarit\u00e9<\/span><\/li>\n<li style=\"text-align: justify\"><span style=\"font-family: 'calibri','sans-serif'\">Associer parents et enfants \u00e0 la r\u00e9ussite scolaire, dans une d\u00e9marche co-\u00e9ducative,<\/span><\/li>\n<li style=\"text-align: justify\"><span style=\"font-family: 'calibri','sans-serif'\">Mobiliser les parents et les sensibiliser sur leurs ressources ou potentiel pour les accompagner \u00e0 vivre cette d\u00e9marche \u00e9ducative et ainsi favoriser la valorisation et l&rsquo;int\u00e9gration de la famille, nous d\u00e9velopperons plus particuli\u00e8rement les sorties culturelles et\/ou les ateliers enfants\/parents pendant les vacances.<\/span><\/li>\n<li>\n<p style=\"text-align: left\"><span style=\"font-family: 'calibri','sans-serif'\">Sensibiliser des adultes et des jeunes \u00e0 la d\u00e9marche d&rsquo;accompagnement scolaire dans un but de solidarit\u00e9 et d&rsquo;\u00e9changes de savoirs.<\/span><\/p>\n<\/li>\n<\/ul>\n<\/div>\n<\/div>\n<\/div>\n<p>[\/vc_column_text][vc_custom_heading text=\u00a0\u00bbPour qui ?\u00a0\u00bb font_container=\u00a0\u00bbtag:h2|font_size:20|text_align:left|color:%230f6dbf\u00a0\u00bb use_theme_fonts=\u00a0\u00bbyes\u00a0\u00bb css_animation=\u00a0\u00bbflipInX\u00a0\u00bb][vc_column_text 0=\u00a0\u00bb\u00a0\u00bb]<span style=\"color: #000000\">Les coll\u00e9giens, de la 6<sup>\u00e8me<\/sup> \u00e0 la 3<sup>\u00e8me<\/sup><br \/>\n<\/span><\/p>\n<p>[\/vc_column_text][vc_custom_heading text=\u00a0\u00bbHoraires\u00a0\u00bb font_container=\u00a0\u00bbtag:h2|font_size:20|text_align:left|color:%23136ebf\u00a0\u00bb use_theme_fonts=\u00a0\u00bbyes\u00a0\u00bb css_animation=\u00a0\u00bbflipInX\u00a0\u00bb][vc_column_text 0=\u00a0\u00bb\u00a0\u00bb]<span style=\"color: #000000\">Mardi et jeudi de <strong>17h30 \u00e0 18h45<\/strong>\u00a0au Caf\u00e9-club, \u00e0 la Maison de quartier des Forges<br \/>\n<\/span>[\/vc_column_text][\/vc_column][vc_column width=\u00a0\u00bb1\/2&Prime;][vc_custom_heading text=\u00a0\u00bbEncadrants\u00a0\u00bb font_container=\u00a0\u00bbtag:h2|font_size:20|text_align:left|color:%230b6bbf\u00a0\u00bb use_theme_fonts=\u00a0\u00bbyes\u00a0\u00bb css_animation=\u00a0\u00bbflipInX\u00a0\u00bb][vc_column_text 0=\u00a0\u00bb\u00a0\u00bb]<span style=\"color: #000000\">Professionnels (animateurs, \u00e9ducateurs) et b\u00e9n\u00e9voles.<\/span>[\/vc_column_text][vc_custom_heading text=\u00a0\u00bbTarifs\u00a0\u00bb font_container=\u00a0\u00bbtag:h2|font_size:20|text_align:left|color:%230b6bbf\u00a0\u00bb use_theme_fonts=\u00a0\u00bbyes\u00a0\u00bb css_animation=\u00a0\u00bbflipInX\u00a0\u00bb][vc_column_text 0=\u00a0\u00bb\u00a0\u00bb css=\u00a0\u00bb\u00a0\u00bb]<span style=\"color: #000000\">Adh\u00e9sion AMAQY 2026 18\u20ac\u00a0<\/span>[\/vc_column_text][vc_custom_heading text=\u00a0\u00bbContact\u00a0\u00bb font_container=\u00a0\u00bbtag:h2|font_size:20|text_align:left|color:%23116ebf\u00a0\u00bb use_theme_fonts=\u00a0\u00bbyes\u00a0\u00bb css_animation=\u00a0\u00bbflipInX\u00a0\u00bb][vc_column_text 0=\u00a0\u00bb\u00a0\u00bb css=\u00a0\u00bb\u00a0\u00bb]<span style=\"color: #000000\">Mallaury SEGUIN, Responsable jeunesse Forges, Val d&rsquo;Ornay, St Andr\u00e9 d&rsquo;Ornay\u00a0 au 07 63 57 67 34<\/span><\/p>\n<p><span style=\"color: #000000\">ou <\/span><\/p>\n<p><span style=\"color: #000000\">Maison de Quartier des Forges 02 51 05 07 40\u00a0<\/span><\/p>\n<p>[\/vc_column_text][\/vc_column][\/vc_row][vc_row 0=\u00a0\u00bb\u00a0\u00bb][vc_column 0=\u00a0\u00bb\u00a0\u00bb][vc_separator color=\u00a0\u00bbblue\u00a0\u00bb][\/vc_column][\/vc_row][vc_row 0=\u00a0\u00bb\u00a0\u00bb][vc_column width=\u00a0\u00bb1\/3&Prime;][vc_empty_space height=\u00a0\u00bb50px\u00a0\u00bb][vc_custom_heading text=\u00a0\u00bbAPPEL<br \/>\nA<br \/>\nB\u00c9N\u00c9VOLES !\u00a0\u00bb font_container=\u00a0\u00bbtag:h2|text_align:left|color:%23961343&Prime; use_theme_fonts=\u00a0\u00bbyes\u00a0\u00bb css_animation=\u00a0\u00bbzoomInLeft\u00a0\u00bb][\/vc_column][vc_column width=\u00a0\u00bb2\/3&Prime;][vc_column_text 0=\u00a0\u00bb\u00a0\u00bb css=\u00a0\u00bb\u00a0\u00bb]<\/p>\n<p style=\"text-align: justify\"><span style=\"color: #000000\">Nous recherchons des b\u00e9n\u00e9voles pour venir aider nos jeunes dans la r\u00e9alisation de leurs devoirs ! <\/span><br \/>\n<span style=\"color: #000000\">Venez avec vos comp\u00e9tences, chacun accompagne le jeune du mieux qu&rsquo;il peut. L&rsquo;aide aux devoirs est aussi un espace de partages de savoirs o\u00f9 l&rsquo;entraide \u00e0 toute sa place. <\/span><\/p>\n<p><span style=\"color: #000000\">Si vous \u00eates int\u00e9ress\u00e9-e, n&rsquo;h\u00e9sitez pas \u00e0 nous contacter par mail : mallaury.seguin@amaqy.fr ou par t\u00e9l\u00e9phone \u00e0 la Maison de Quartier des Forges : <strong>02 51 05 07 40<\/strong><\/span>[\/vc_column_text][\/vc_column][\/vc_row]<\/p>\n<\/div>","protected":false},"excerpt":{"rendered":"<p>[vc_row 0=\u00a0\u00bb\u00a0\u00bb][vc_column width=\u00a0\u00bb1\/4&Prime;][vc_empty_space 0=\u00a0\u00bb\u00a0\u00bb][vc_single_image image=\u00a0\u00bb516&Prime; alignment=\u00a0\u00bbcenter\u00a0\u00bb style=\u00a0\u00bbvc_box_shadow_3d\u00a0\u00bb][\/vc_column][vc_column width=\u00a0\u00bb3\/4&Prime;][vc_empty_space height=\u00a0\u00bb64px\u00a0\u00bb][vc_custom_heading text=\u00a0\u00bbAccompagnement apr\u00e8s l\u2019\u00e9cole\u00a0\u00bb font_container=\u00a0\u00bbtag:h2|font_size:30|text_align:left|color:%231a39b2&Prime; use_theme_fonts=\u00a0\u00bbyes\u00a0\u00bb css_animation=\u00a0\u00bbrotateInDownLeft\u00a0\u00bb][\/vc_column][\/vc_row][vc_row 0=\u00a0\u00bb\u00a0\u00bb][vc_column width=\u00a0\u00bb1\/2&Prime;][vc_custom_heading text=\u00a0\u00bbObjectifs\u00a0\u00bb font_container=\u00a0\u00bbtag:h2|font_size:20|text_align:left|color:%231670bf\u00a0\u00bb use_theme_fonts=\u00a0\u00bbyes\u00a0\u00bb<\/p>\n","protected":false},"author":1,"featured_media":0,"parent":9,"menu_order":0,"comment_status":"closed","ping_status":"closed","template":"","meta":{"colormag_page_container_layout":"default_layout","colormag_page_sidebar_layout":"default_layout","footnotes":""},"class_list":["post-152","page","type-page","status-publish","hentry"],"_links":{"self":[{"href":"https:\/\/amaqy.fr\/territoire\/wp-json\/wp\/v2\/pages\/152","targetHints":{"allow":["GET"]}}],"collection":[{"href":"https:\/\/amaqy.fr\/territoire\/wp-json\/wp\/v2\/pages"}],"about":[{"href":"https:\/\/amaqy.fr\/territoire\/wp-json\/wp\/v2\/types\/page"}],"author":[{"embeddable":true,"href":"https:\/\/amaqy.fr\/territoire\/wp-json\/wp\/v2\/users\/1"}],"replies":[{"embeddable":true,"href":"https:\/\/amaqy.fr\/territoire\/wp-json\/wp\/v2\/comments?post=152"}],"version-history":[{"count":5,"href":"https:\/\/amaqy.fr\/territoire\/wp-json\/wp\/v2\/pages\/152\/revisions"}],"predecessor-version":[{"id":1810,"href":"https:\/\/amaqy.fr\/territoire\/wp-json\/wp\/v2\/pages\/152\/revisions\/1810"}],"up":[{"embeddable":true,"href":"https:\/\/amaqy.fr\/territoire\/wp-json\/wp\/v2\/pages\/9"}],"wp:attachment":[{"href":"https:\/\/amaqy.fr\/territoire\/wp-json\/wp\/v2\/media?parent=152"}],"curies":[{"name":"wp","href":"https:\/\/api.w.org\/{rel}","templated":true}]}}