{"id":140,"date":"2016-02-23T11:51:02","date_gmt":"2016-02-23T10:51:02","guid":{"rendered":"http:\/\/amaqy.fr\/territoire\/?page_id=140"},"modified":"2026-04-09T15:36:13","modified_gmt":"2026-04-09T14:36:13","slug":"club-de-jeunes","status":"publish","type":"page","link":"https:\/\/amaqy.fr\/territoire\/forges-val-dornay-saint-andre\/secteur-jeunesse\/club-de-jeunes\/","title":{"rendered":"Club de jeunes"},"content":{"rendered":"<div class=\"wpb-content-wrapper\"><p>[vc_row][vc_column][vc_column_text]Tu as entre 11 et 17 ans ? D\u00e9couvre les plannings d&rsquo;activit\u00e9s du club jeunes pour les mercredis sur les p\u00e9riodes scolaires (11-14 ans) et pour les p\u00e9riodes de vacances scolaires (11-17 ans). Des activit\u00e9s sont propos\u00e9es les mercredis au Foyer Guy Bourrieau (sur la Maison de quartier de Saint Andr\u00e9 d&rsquo;Ornay) et pendant les vacances scolaires sur la Maison de Quartier des Forges. Le tarif des activit\u00e9s est calcul\u00e9 en fonction du QF CAF (Quotient Familial CAF) de la famille. Tes parents peuvent le consulter sur leur espace personnel du compte CAF. Les activit\u00e9s doivent \u00eatre pay\u00e9es en amont. Dans le cas contraire, les \u00e9quipes d&rsquo;animations se r\u00e9servent le droit de ne pas t&rsquo;accepter pour l&rsquo;activit\u00e9 en question.[\/vc_column_text][vc_row_inner][vc_column_inner width=\u00a0\u00bb1\/2&Prime;][vc_btn title=\u00a0\u00bbPlanning des mercredis 2026 (Saint Andr\u00e9 d&rsquo;Ornay)\u00a0\u00bb style=\u00a0\u00bbflat\u00a0\u00bb color=\u00a0\u00bbprimary\u00a0\u00bb align=\u00a0\u00bbcenter\u00a0\u00bb css=\u00a0\u00bb\u00a0\u00bb link=\u00a0\u00bburl:https%3A%2F%2Fdrive.google.com%2Ffile%2Fd%2F1x5ec0cl1hCKfsk31eB56d2KTAz2r_pKs%2Fview%3Fusp%3Dsharing|title:mercredis%202026|target:_blank\u00a0\u00bb][\/vc_column_inner][vc_column_inner width=\u00a0\u00bb1\/2&Prime;][vc_btn title=\u00a0\u00bbPlanning club jeunes 11-17 ans &#8211; Vacances d&rsquo;avril 2026 sur Forges\u00a0\u00bb style=\u00a0\u00bbflat\u00a0\u00bb color=\u00a0\u00bbdanger\u00a0\u00bb align=\u00a0\u00bbcenter\u00a0\u00bb css=\u00a0\u00bb\u00a0\u00bb link=\u00a0\u00bburl:https%3A%2F%2Fdrive.google.com%2Ffile%2Fd%2F1_0iPir7SPrL2l76Z6t7TumSSFgI_5pAy%2Fview%3Fusp%3Dsharing|target:_blank\u00a0\u00bb][\/vc_column_inner][\/vc_row_inner][\/vc_column][\/vc_row]<\/p>\n<\/div>","protected":false},"excerpt":{"rendered":"<p>[vc_row][vc_column][vc_column_text]Tu as entre 11 et 17 ans ? D\u00e9couvre les plannings d&rsquo;activit\u00e9s du club jeunes pour les mercredis sur les<\/p>\n","protected":false},"author":1,"featured_media":0,"parent":9,"menu_order":0,"comment_status":"closed","ping_status":"closed","template":"","meta":{"colormag_page_container_layout":"default_layout","colormag_page_sidebar_layout":"default_layout","footnotes":""},"class_list":["post-140","page","type-page","status-publish","hentry"],"_links":{"self":[{"href":"https:\/\/amaqy.fr\/territoire\/wp-json\/wp\/v2\/pages\/140","targetHints":{"allow":["GET"]}}],"collection":[{"href":"https:\/\/amaqy.fr\/territoire\/wp-json\/wp\/v2\/pages"}],"about":[{"href":"https:\/\/amaqy.fr\/territoire\/wp-json\/wp\/v2\/types\/page"}],"author":[{"embeddable":true,"href":"https:\/\/amaqy.fr\/territoire\/wp-json\/wp\/v2\/users\/1"}],"replies":[{"embeddable":true,"href":"https:\/\/amaqy.fr\/territoire\/wp-json\/wp\/v2\/comments?post=140"}],"version-history":[{"count":5,"href":"https:\/\/amaqy.fr\/territoire\/wp-json\/wp\/v2\/pages\/140\/revisions"}],"predecessor-version":[{"id":1846,"href":"https:\/\/amaqy.fr\/territoire\/wp-json\/wp\/v2\/pages\/140\/revisions\/1846"}],"up":[{"embeddable":true,"href":"https:\/\/amaqy.fr\/territoire\/wp-json\/wp\/v2\/pages\/9"}],"wp:attachment":[{"href":"https:\/\/amaqy.fr\/territoire\/wp-json\/wp\/v2\/media?parent=140"}],"curies":[{"name":"wp","href":"https:\/\/api.w.org\/{rel}","templated":true}]}}