{"id":7,"date":"2013-12-02T14:20:34","date_gmt":"2013-12-02T13:20:34","guid":{"rendered":"http:\/\/amaqy.fr\/Yole\/?page_id=7"},"modified":"2026-04-13T14:15:14","modified_gmt":"2026-04-13T13:15:14","slug":"accueil","status":"publish","type":"page","link":"https:\/\/amaqy.fr\/jeanyole\/","title":{"rendered":"Accueil"},"content":{"rendered":"<div class=\"wpb-content-wrapper\"><p>[vc_row][vc_column width=\u00a0\u00bb2\/3&Prime;][vc_custom_heading text=\u00a0\u00bbCette nouvelle ann\u00e9e d\u00e9marre avec plein d&rsquo;activit\u00e9s \u00e0 la Maison de Quartier Jean Yole ! Consultez le programme !!!!\u00a0\u00bb font_container=\u00a0\u00bbtag:h6|text_align:left\u00a0\u00bb google_fonts=\u00a0\u00bbfont_family:Acme%3Aregular|font_style:400%20regular%3A400%3Anormal\u00a0\u00bb css=\u00a0\u00bb\u00a0\u00bb][vc_single_image image=\u00a0\u00bb5941&Prime; img_size=\u00a0\u00bblarge\u00a0\u00bb alignment=\u00a0\u00bbcenter\u00a0\u00bb onclick=\u00a0\u00bbcustom_link\u00a0\u00bb img_link_target=\u00a0\u00bb_blank\u00a0\u00bb css=\u00a0\u00bb\u00a0\u00bb link=\u00a0\u00bbhttps:\/\/drive.google.com\/file\/d\/1HqTBCyFD2YcqkdQnX8WosOqzcFliBebW\/view?usp=sharing\u00a0\u00bb][vc_column_text]<\/p>\n<p style=\"text-align: center\">Retrouvez toutes nos actualit\u00e9s sur les pages Facebook et Instagram de la maison de quartier<\/p>\n<p>[\/vc_column_text][vc_row_inner][vc_column_inner width=\u00a0\u00bb1\/2&Prime;][vc_single_image image=\u00a0\u00bb5618&Prime; img_size=\u00a0\u00bb64&#215;64&Prime; alignment=\u00a0\u00bbcenter\u00a0\u00bb onclick=\u00a0\u00bbcustom_link\u00a0\u00bb img_link_target=\u00a0\u00bb_blank\u00a0\u00bb link=\u00a0\u00bbhttps:\/\/www.facebook.com\/AmaqyJeanyole85&Prime;][\/vc_column_inner][vc_column_inner width=\u00a0\u00bb1\/2&Prime;][vc_single_image image=\u00a0\u00bb5722&Prime; img_size=\u00a0\u00bb64&#215;64&Prime; alignment=\u00a0\u00bbcenter\u00a0\u00bb onclick=\u00a0\u00bbcustom_link\u00a0\u00bb img_link_target=\u00a0\u00bb_blank\u00a0\u00bb link=\u00a0\u00bbhttps:\/\/www.instagram.com\/amaqy_jeanyole\/\u00a0\u00bb][\/vc_column_inner][\/vc_row_inner][vc_row_inner][vc_row_inner][\/vc_row_inner][\/vc_row_inner][\/vc_column][vc_column width=\u00a0\u00bb1\/3&Prime;][vc_single_image image=\u00a0\u00bb5535&Prime; img_size=\u00a0\u00bblarge\u00a0\u00bb][vc_column_text]<\/p>\n<p style=\"text-align: center\"><strong><span style=\"color: #993366\">\u00a0Horaires de la Maison de Quartier Jean Yole<\/span><\/strong><\/p>\n<p style=\"text-align: center\"><strong>Lundi 9h-12h15 \/ 14h-17h30<\/strong><\/p>\n<p style=\"text-align: center\"><strong>Mardi 9h-12h15 \/ 14h-18h<\/strong><\/p>\n<p style=\"text-align: center\"><strong>Mercredi 9h-12h15 \/ 14h-17h<\/strong><\/p>\n<p style=\"text-align: center\"><strong>Jeudi 9h-12h15 \/ 14h-18h<\/strong><\/p>\n<p style=\"text-align: center\"><strong>Vendredi 9h-12h15 \/ 14h-17h30<\/strong><\/p>\n<p style=\"text-align: center\"><strong>Vacances scolaires : <\/strong><\/p>\n<p style=\"text-align: center\"><strong>du lundi au vendredi : <\/strong><\/p>\n<p style=\"text-align: center\"><strong>10h-12h \/ 14h-17h<\/strong><\/p>\n<p>[\/vc_column_text][vc_btn title=\u00a0\u00bbAnimations trimestrielles\u00a0\u00bb color=\u00a0\u00bbvista-blue\u00a0\u00bb size=\u00a0\u00bblg\u00a0\u00bb css=\u00a0\u00bb\u00a0\u00bb link=\u00a0\u00bburl:https%3A%2F%2Fdrive.google.com%2Ffile%2Fd%2F1BSbZAW81kHTxHSvZf-Ejg4nz1FQggkAa%2Fview%3Fusp%3Dsharing\u00a0\u00bb][vc_btn title=\u00a0\u00bbGuide de rentr\u00e9e Maison de Quartier Jean Yole 2025\/2026&Prime; color=\u00a0\u00bbturquoise\u00a0\u00bb align=\u00a0\u00bbcenter\u00a0\u00bb css=\u00a0\u00bb\u00a0\u00bb link=\u00a0\u00bburl:https%3A%2F%2Fdrive.google.com%2Ffile%2Fd%2F151NCxbv818E8DlfNCvvyIawDyxVUmpI4%2Fview%3Fusp%3Dsharing|title:Guide%20de%20rentr%C3%A9e%202025%2F2026|target:_blank\u00a0\u00bb][vc_btn title=\u00a0\u00bbPermanences \u00ab\u00a0Conna\u00eetre ses droits\u00ab\u00a0\u00a0\u00bb color=\u00a0\u00bbwarning\u00a0\u00bb align=\u00a0\u00bbcenter\u00a0\u00bb link=\u00a0\u00bburl:http%3A%2F%2Famaqy.fr%2Fjeanyole%2Fwp-content%2Fuploads%2Fsites%2F7%2F2021%2F11%2F2021-plaquette-revue-off.pdf|||\u00a0\u00bb][\/vc_column][\/vc_row][vc_row][vc_column][\/vc_column][\/vc_row]<\/p>\n<\/div>","protected":false},"excerpt":{"rendered":"<p>[vc_row][vc_column width=\u00a0\u00bb2\/3&Prime;][vc_custom_heading text=\u00a0\u00bbCette nouvelle ann\u00e9e d\u00e9marre avec plein d&rsquo;activit\u00e9s \u00e0 la Maison de Quartier Jean Yole ! Consultez le programme<\/p>\n","protected":false},"author":1,"featured_media":0,"parent":0,"menu_order":0,"comment_status":"closed","ping_status":"closed","template":"","meta":{"colormag_page_container_layout":"default_layout","colormag_page_sidebar_layout":"default_layout","footnotes":""},"class_list":["post-7","page","type-page","status-publish","hentry"],"_links":{"self":[{"href":"https:\/\/amaqy.fr\/jeanyole\/wp-json\/wp\/v2\/pages\/7","targetHints":{"allow":["GET"]}}],"collection":[{"href":"https:\/\/amaqy.fr\/jeanyole\/wp-json\/wp\/v2\/pages"}],"about":[{"href":"https:\/\/amaqy.fr\/jeanyole\/wp-json\/wp\/v2\/types\/page"}],"author":[{"embeddable":true,"href":"https:\/\/amaqy.fr\/jeanyole\/wp-json\/wp\/v2\/users\/1"}],"replies":[{"embeddable":true,"href":"https:\/\/amaqy.fr\/jeanyole\/wp-json\/wp\/v2\/comments?post=7"}],"version-history":[{"count":6,"href":"https:\/\/amaqy.fr\/jeanyole\/wp-json\/wp\/v2\/pages\/7\/revisions"}],"predecessor-version":[{"id":5946,"href":"https:\/\/amaqy.fr\/jeanyole\/wp-json\/wp\/v2\/pages\/7\/revisions\/5946"}],"wp:attachment":[{"href":"https:\/\/amaqy.fr\/jeanyole\/wp-json\/wp\/v2\/media?parent=7"}],"curies":[{"name":"wp","href":"https:\/\/api.w.org\/{rel}","templated":true}]}}