{"id":4998,"date":"2022-08-18T14:42:14","date_gmt":"2022-08-18T13:42:14","guid":{"rendered":"http:\/\/amaqy.fr\/jeanyole\/?page_id=4998"},"modified":"2022-12-12T12:10:56","modified_gmt":"2022-12-12T11:10:56","slug":"outiltheque","status":"publish","type":"page","link":"https:\/\/amaqy.fr\/jeanyole\/adultes-2\/outiltheque\/","title":{"rendered":"Outilth\u00e8que"},"content":{"rendered":"<div class=\"wpb-content-wrapper\"><p>[vc_row 0=\u00a0\u00bb\u00a0\u00bb][vc_column width=\u00a0\u00bb2\/3&Prime;][vc_column_text 0=\u00a0\u00bb\u00a0\u00bb]<\/p>\n<h4><span style=\"color: #008080\">Permanence le MERCREDI de 17h \u00e0 19h (sauf vacances scolaires) &#8211; Sur rendez-vous.<\/span><\/h4>\n<p>Besoin de tailler la haie, de couper des planches, de passer le nettoyeur haute pression &#8230; mais je n&rsquo;ai pas le mat\u00e9riel ? L&rsquo;outilth\u00e8que de la Maison de Quartier r\u00e9pond \u00e0 ce manque de mat\u00e9riel, en proposant une liste vari\u00e9e, pour effecter des petits travaux de bricolage.<\/p>\n<p>L&rsquo;outilth\u00e8que mobilise des b\u00e9n\u00e9voles, pr\u00eats \u00e0 expliquer le fonctionnement d&rsquo;outil emprunt\u00e9, si cela vous int\u00e9resse, regoignez le groupe.<\/p>\n<h4><span style=\"color: #008080\">Modalit\u00e9s d&rsquo;inscription : contacter la Maison de Quartier Jean Yole (02.51.05.08.13)<\/span><\/h4>\n<h4><span style=\"color: #008080\">&#8211; liste du mat\u00e9riel \u00e0 emprunter\u00a0<\/span><\/h4>\n<h4><span style=\"color: #008080\">&#8211; prise de rendez-vous permanence<\/span><\/h4>\n<p>Adh\u00e9sion obligatoire. Co\u00fbt de participation suivant le mat\u00e9riel emprunt\u00e9.[\/vc_column_text][\/vc_column][vc_column width=\u00a0\u00bb1\/3&Prime;][vc_btn title=\u00a0\u00bbFly Outilth\u00e8que &#8211; qr Code liste mat\u00e9riel \u00e0 emprunter\u00a0\u00bb shape=\u00a0\u00bbsquare\u00a0\u00bb color=\u00a0\u00bbpeacoc\u00a0\u00bb align=\u00a0\u00bbcenter\u00a0\u00bb link=\u00a0\u00bburl:https%3A%2F%2Ffr.calameo.com%2Fread%2F006095340eea15e4cce5a|||\u00a0\u00bb][\/vc_column][\/vc_row]<\/p>\n<\/div>","protected":false},"excerpt":{"rendered":"<p>[vc_row 0=\u00a0\u00bb\u00a0\u00bb][vc_column width=\u00a0\u00bb2\/3&Prime;][vc_column_text 0=\u00a0\u00bb\u00a0\u00bb] Permanence le MERCREDI de 17h \u00e0 19h (sauf vacances scolaires) &#8211; Sur rendez-vous. Besoin de tailler<\/p>\n","protected":false},"author":16,"featured_media":0,"parent":2089,"menu_order":0,"comment_status":"closed","ping_status":"closed","template":"","meta":{"colormag_page_container_layout":"default_layout","colormag_page_sidebar_layout":"default_layout","footnotes":""},"class_list":["post-4998","page","type-page","status-publish","hentry"],"_links":{"self":[{"href":"https:\/\/amaqy.fr\/jeanyole\/wp-json\/wp\/v2\/pages\/4998","targetHints":{"allow":["GET"]}}],"collection":[{"href":"https:\/\/amaqy.fr\/jeanyole\/wp-json\/wp\/v2\/pages"}],"about":[{"href":"https:\/\/amaqy.fr\/jeanyole\/wp-json\/wp\/v2\/types\/page"}],"author":[{"embeddable":true,"href":"https:\/\/amaqy.fr\/jeanyole\/wp-json\/wp\/v2\/users\/16"}],"replies":[{"embeddable":true,"href":"https:\/\/amaqy.fr\/jeanyole\/wp-json\/wp\/v2\/comments?post=4998"}],"version-history":[{"count":5,"href":"https:\/\/amaqy.fr\/jeanyole\/wp-json\/wp\/v2\/pages\/4998\/revisions"}],"predecessor-version":[{"id":5264,"href":"https:\/\/amaqy.fr\/jeanyole\/wp-json\/wp\/v2\/pages\/4998\/revisions\/5264"}],"up":[{"embeddable":true,"href":"https:\/\/amaqy.fr\/jeanyole\/wp-json\/wp\/v2\/pages\/2089"}],"wp:attachment":[{"href":"https:\/\/amaqy.fr\/jeanyole\/wp-json\/wp\/v2\/media?parent=4998"}],"curies":[{"name":"wp","href":"https:\/\/api.w.org\/{rel}","templated":true}]}}