{"id":4479,"date":"2022-02-25T11:01:55","date_gmt":"2022-02-25T10:01:55","guid":{"rendered":"http:\/\/amaqy.fr\/jeanyole\/?page_id=4479"},"modified":"2026-01-20T16:02:48","modified_gmt":"2026-01-20T15:02:48","slug":"cinema-social-club","status":"publish","type":"page","link":"https:\/\/amaqy.fr\/jeanyole\/culturelles\/cinema-social-club\/","title":{"rendered":"Cin\u00e9ma Social Club"},"content":{"rendered":"<div class=\"wpb-content-wrapper\"><p>[vc_row][vc_column width=\u00a0\u00bb2\/3&Prime;][vc_column_text]<\/p>\n<h6><span style=\"color: #ff6600\"><em><strong>Vous aimez \u00e9changer autour de films traitant de sujet d&rsquo;actualit\u00e9 ? Vous voulez d\u00e9couvrir des films d&rsquo;auteurs ? Le Cin\u00e9ma Social Club de la Maison de Quartier est l\u00e0 pour vous &#8230;<\/strong><\/em><\/span><\/h6>\n<p>[\/vc_column_text][\/vc_column][vc_column width=\u00a0\u00bb1\/3&Prime;][\/vc_column][\/vc_row][vc_row][vc_column width=\u00a0\u00bb1\/2&Prime;][vc_single_image image=\u00a0\u00bb5891&Prime; img_size=\u00a0\u00bbfull\u00a0\u00bb onclick=\u00a0\u00bbcustom_link\u00a0\u00bb css=\u00a0\u00bb\u00a0\u00bb link=\u00a0\u00bbhttps:\/\/drive.google.com\/file\/d\/1ehl9Gub4wzndj4qhg0Vrf5RAQoNCVTP5\/view?usp=sharing\u00a0\u00bb][\/vc_column][vc_column width=\u00a0\u00bb1\/2&Prime;][vc_single_image image=\u00a0\u00bb5897&Prime; img_size=\u00a0\u00bbfull\u00a0\u00bb onclick=\u00a0\u00bbcustom_link\u00a0\u00bb img_link_target=\u00a0\u00bb_blank\u00a0\u00bb css=\u00a0\u00bb\u00a0\u00bb link=\u00a0\u00bbhttps:\/\/drive.google.com\/file\/d\/1Tx2M4S1lCQuWai_Xb54tHAk9Ky3vORBz\/view?usp=sharing\u00a0\u00bb][\/vc_column][\/vc_row][vc_row][vc_column][\/vc_column][\/vc_row]<\/p>\n<\/div>","protected":false},"excerpt":{"rendered":"<p>[vc_row][vc_column width=\u00a0\u00bb2\/3&Prime;][vc_column_text] Vous aimez \u00e9changer autour de films traitant de sujet d&rsquo;actualit\u00e9 ? Vous voulez d\u00e9couvrir des films d&rsquo;auteurs ?<\/p>\n","protected":false},"author":16,"featured_media":0,"parent":3936,"menu_order":0,"comment_status":"closed","ping_status":"closed","template":"","meta":{"colormag_page_container_layout":"default_layout","colormag_page_sidebar_layout":"default_layout","footnotes":""},"class_list":["post-4479","page","type-page","status-publish","hentry"],"_links":{"self":[{"href":"https:\/\/amaqy.fr\/jeanyole\/wp-json\/wp\/v2\/pages\/4479","targetHints":{"allow":["GET"]}}],"collection":[{"href":"https:\/\/amaqy.fr\/jeanyole\/wp-json\/wp\/v2\/pages"}],"about":[{"href":"https:\/\/amaqy.fr\/jeanyole\/wp-json\/wp\/v2\/types\/page"}],"author":[{"embeddable":true,"href":"https:\/\/amaqy.fr\/jeanyole\/wp-json\/wp\/v2\/users\/16"}],"replies":[{"embeddable":true,"href":"https:\/\/amaqy.fr\/jeanyole\/wp-json\/wp\/v2\/comments?post=4479"}],"version-history":[{"count":5,"href":"https:\/\/amaqy.fr\/jeanyole\/wp-json\/wp\/v2\/pages\/4479\/revisions"}],"predecessor-version":[{"id":5900,"href":"https:\/\/amaqy.fr\/jeanyole\/wp-json\/wp\/v2\/pages\/4479\/revisions\/5900"}],"up":[{"embeddable":true,"href":"https:\/\/amaqy.fr\/jeanyole\/wp-json\/wp\/v2\/pages\/3936"}],"wp:attachment":[{"href":"https:\/\/amaqy.fr\/jeanyole\/wp-json\/wp\/v2\/media?parent=4479"}],"curies":[{"name":"wp","href":"https:\/\/api.w.org\/{rel}","templated":true}]}}