{"id":3462,"date":"2021-03-08T10:05:55","date_gmt":"2021-03-08T09:05:55","guid":{"rendered":"http:\/\/amaqy.fr\/jeanyole\/?page_id=3462"},"modified":"2024-04-08T16:17:50","modified_gmt":"2024-04-08T15:17:50","slug":"documents-jeunes","status":"publish","type":"page","link":"https:\/\/amaqy.fr\/jeanyole\/documents-jeunes\/","title":{"rendered":"Dossier d&rsquo;inscription Club Jeunes"},"content":{"rendered":"<div class=\"wpb-content-wrapper\">[vc_row][vc_column width=\u00a0\u00bb1\/4&Prime;][vc_btn title=\u00a0\u00bbFiche adh\u00e9sion 2024&Prime; color=\u00a0\u00bbwarning\u00a0\u00bb align=\u00a0\u00bbcenter\u00a0\u00bb link=\u00a0\u00bburl:https%3A%2F%2Fdrive.google.com%2Ffile%2Fd%2F1TSU1vqUdli9p-1_bmm1XmNzLM5dLXw0Q%2Fview%3Fusp%3Dsharing||target:%20_blank|\u00a0\u00bb][\/vc_column][vc_column width=\u00a0\u00bb1\/4&Prime;][vc_btn title=\u00a0\u00bbFiche enfant 2024&Prime; color=\u00a0\u00bbgreen\u00a0\u00bb link=\u00a0\u00bburl:https%3A%2F%2Fdrive.google.com%2Ffile%2Fd%2F1BXH0UMQkiJRAa0XRwCGKYIh3YEpUJ3OU%2Fview%3Fusp%3Dsharing||target:%20_blank|\u00a0\u00bb][\/vc_column][vc_column width=\u00a0\u00bb1\/4&Prime;][vc_btn title=\u00a0\u00bbFiche sanitaire 2024&Prime; color=\u00a0\u00bbviolet\u00a0\u00bb link=\u00a0\u00bburl:https%3A%2F%2Fdrive.google.com%2Ffile%2Fd%2F1lP9gYMlOPcCCKKgfcvsuBlq_g9crBAP0%2Fview%3Fusp%3Dsharing||target:%20_blank|\u00a0\u00bb][\/vc_column][vc_column width=\u00a0\u00bb1\/4&Prime;][vc_btn title=\u00a0\u00bbR\u00e8glement int\u00e9rieur  \u00e0 signer\u00a0\u00bb color=\u00a0\u00bbturquoise\u00a0\u00bb link=\u00a0\u00bburl:http%3A%2F%2Famaqy.fr%2Fjeanyole%2Fwp-content%2Fuploads%2Fsites%2F7%2F2021%2F12%2FReglement-interieur-modifie-2022-Rancard1-2.pdf||target:%20_blank|\u00a0\u00bb][\/vc_column][\/vc_row][vc_row 0=\u00a0\u00bb\u00a0\u00bb][vc_column][vc_column_text 0=\u00a0\u00bb\u00a0\u00bb]<p><\/p>\n<p>merci de nous faire parvenir \u00e9galement les \u00e9l\u00e9ments suivants :<\/p>\n<ul>\n<li>Document attestant de votre quotient CAF ou MSA<\/li>\n<li>Attestation d\u2019assurance\u00a0<\/li>\n<li>Carnet de sant\u00e9 (photocopies vaccins)<\/li>\n<li>R\u00e8glement int\u00e9rieur sign\u00e9<\/li>\n<\/ul>\n<p>Vous devez vous acquitter de l&rsquo;<strong>adh\u00e9sion annuelle 2024 \u00e0 15\u20ac<\/strong> pour pouvoir acc\u00e9der aux activit\u00e9s propos\u00e9es par l\u2019AMAQY dont le club jeunes.<\/p>\n<p><\/p>[\/vc_column_text][\/vc_column][\/vc_row]<\/div>","protected":false},"excerpt":{"rendered":"<p>[vc_row][vc_column width=\u00a0\u00bb1\/4&Prime;][vc_btn title=\u00a0\u00bbFiche adh\u00e9sion 2024&Prime; color=\u00a0\u00bbwarning\u00a0\u00bb align=\u00a0\u00bbcenter\u00a0\u00bb link=\u00a0\u00bburl:https%3A%2F%2Fdrive.google.com%2Ffile%2Fd%2F1TSU1vqUdli9p-1_bmm1XmNzLM5dLXw0Q%2Fview%3Fusp%3Dsharing||target:%20_blank|\u00a0\u00bb][\/vc_column][vc_column width=\u00a0\u00bb1\/4&Prime;][vc_btn title=\u00a0\u00bbFiche enfant 2024&Prime; color=\u00a0\u00bbgreen\u00a0\u00bb link=\u00a0\u00bburl:https%3A%2F%2Fdrive.google.com%2Ffile%2Fd%2F1BXH0UMQkiJRAa0XRwCGKYIh3YEpUJ3OU%2Fview%3Fusp%3Dsharing||target:%20_blank|\u00a0\u00bb][\/vc_column][vc_column width=\u00a0\u00bb1\/4&Prime;][vc_btn title=\u00a0\u00bbFiche sanitaire 2024&Prime; color=\u00a0\u00bbviolet\u00a0\u00bb link=\u00a0\u00bburl:https%3A%2F%2Fdrive.google.com%2Ffile%2Fd%2F1lP9gYMlOPcCCKKgfcvsuBlq_g9crBAP0%2Fview%3Fusp%3Dsharing||target:%20_blank|\u00a0\u00bb][\/vc_column][vc_column<\/p>\n","protected":false},"author":1,"featured_media":0,"parent":0,"menu_order":0,"comment_status":"closed","ping_status":"closed","template":"","meta":{"colormag_page_container_layout":"default_layout","colormag_page_sidebar_layout":"default_layout","footnotes":""},"class_list":["post-3462","page","type-page","status-publish","hentry"],"_links":{"self":[{"href":"https:\/\/amaqy.fr\/jeanyole\/wp-json\/wp\/v2\/pages\/3462","targetHints":{"allow":["GET"]}}],"collection":[{"href":"https:\/\/amaqy.fr\/jeanyole\/wp-json\/wp\/v2\/pages"}],"about":[{"href":"https:\/\/amaqy.fr\/jeanyole\/wp-json\/wp\/v2\/types\/page"}],"author":[{"embeddable":true,"href":"https:\/\/amaqy.fr\/jeanyole\/wp-json\/wp\/v2\/users\/1"}],"replies":[{"embeddable":true,"href":"https:\/\/amaqy.fr\/jeanyole\/wp-json\/wp\/v2\/comments?post=3462"}],"version-history":[{"count":5,"href":"https:\/\/amaqy.fr\/jeanyole\/wp-json\/wp\/v2\/pages\/3462\/revisions"}],"predecessor-version":[{"id":5603,"href":"https:\/\/amaqy.fr\/jeanyole\/wp-json\/wp\/v2\/pages\/3462\/revisions\/5603"}],"wp:attachment":[{"href":"https:\/\/amaqy.fr\/jeanyole\/wp-json\/wp\/v2\/media?parent=3462"}],"curies":[{"name":"wp","href":"https:\/\/api.w.org\/{rel}","templated":true}]}}