{"id":2511,"date":"2020-04-24T13:48:39","date_gmt":"2020-04-24T12:48:39","guid":{"rendered":"http:\/\/amaqy.fr\/jeanyole\/?page_id=2511"},"modified":"2024-08-28T09:33:46","modified_gmt":"2024-08-28T08:33:46","slug":"meli-melarts-festival-de-rue","status":"publish","type":"page","link":"https:\/\/amaqy.fr\/jeanyole\/loisirs\/meli-melarts-festival-de-rue\/","title":{"rendered":"M\u00e9li Mel&rsquo;Arts, Festival de rue"},"content":{"rendered":"<div class=\"wpb-content-wrapper\"><p>[vc_row 0=\u00a0\u00bb\u00a0\u00bb][vc_column width=\u00a0\u00bb1\/2&Prime;][vc_column_text css_animation=\u00a0\u00bbappear\u00a0\u00bb]<\/p>\n<p style=\"text-align: center\"><img loading=\"lazy\" decoding=\"async\" class=\"alignnone size-medium wp-image-2378\" src=\"https:\/\/amaqy.fr\/jeanyole\/wp-content\/uploads\/sites\/7\/2020\/04\/10648543_716608191750685_7501612566464905246_o-300x225.jpg\" alt=\"\" width=\"300\" height=\"225\" srcset=\"https:\/\/amaqy.fr\/jeanyole\/wp-content\/uploads\/sites\/7\/2020\/04\/10648543_716608191750685_7501612566464905246_o-300x225.jpg 300w, https:\/\/amaqy.fr\/jeanyole\/wp-content\/uploads\/sites\/7\/2020\/04\/10648543_716608191750685_7501612566464905246_o-1024x768.jpg 1024w, https:\/\/amaqy.fr\/jeanyole\/wp-content\/uploads\/sites\/7\/2020\/04\/10648543_716608191750685_7501612566464905246_o-768x576.jpg 768w, https:\/\/amaqy.fr\/jeanyole\/wp-content\/uploads\/sites\/7\/2020\/04\/10648543_716608191750685_7501612566464905246_o-1536x1152.jpg 1536w, https:\/\/amaqy.fr\/jeanyole\/wp-content\/uploads\/sites\/7\/2020\/04\/10648543_716608191750685_7501612566464905246_o.jpg 2048w\" sizes=\"auto, (max-width: 300px) 100vw, 300px\" \/><\/p>\n<p style=\"text-align: center\"><span style=\"color: #ff00ff\"><strong>Ce festival, organis\u00e9 par la Maison de Quartier Jean Yole a lieu dans la cour de l&rsquo;\u00e9cole primaire Jean Yole attenant \u00e0 la Maison de Quartier accueille de nombreux spectacles de rue d\u00e8s le vendredi en soir\u00e9e et le samedi apr\u00e8s-midi, ainsi que des animations pour tous.<\/strong><\/span><\/p>\n<p>[\/vc_column_text][vc_column_text]<\/p>\n<p style=\"text-align: center\"><span style=\"color: #00ccff\"><b><i>Ce sont 50 \u00e0 80 b\u00e9n\u00e9voles (habitants du quartier, intervenants des ateliers de la Maison de Quartier, membres des associations adh\u00e9rentes \u2026) qui sont impliqu\u00e9s \u00e0 la pr\u00e9paration et \u00e0 la bonne organisation de ce temps fort.<\/i><\/b><\/span><\/p>\n<p>[\/vc_column_text][\/vc_column][vc_column width=\u00a0\u00bb1\/2&Prime;][vc_btn title=\u00a0\u00bbRendez-vous les 13 et 14 Septembre 2024&Prime; color=\u00a0\u00bbviolet\u00a0\u00bb align=\u00a0\u00bbcenter\u00a0\u00bb][vc_gallery interval=\u00a0\u00bb3&Prime; images=\u00a0\u00bb5648,5650,5642,5654,5653,5652,5647,5646,5657,5658&Prime; img_size=\u00a0\u00bbfull\u00a0\u00bb][vc_single_image image=\u00a0\u00bb5635&Prime; img_size=\u00a0\u00bbfull\u00a0\u00bb onclick=\u00a0\u00bbcustom_link\u00a0\u00bb link=\u00a0\u00bbhttps:\/\/drive.google.com\/file\/d\/16iCGEfGQab5wmdFkAht6mbbdE-DhtbC9\/view?usp=sharing\u00a0\u00bb][\/vc_column][\/vc_row]<\/p>\n<\/div>","protected":false},"excerpt":{"rendered":"<p>[vc_row 0=\u00a0\u00bb\u00a0\u00bb][vc_column width=\u00a0\u00bb1\/2&Prime;][vc_column_text css_animation=\u00a0\u00bbappear\u00a0\u00bb] Ce festival, organis\u00e9 par la Maison de Quartier Jean Yole a lieu dans la cour de<\/p>\n","protected":false},"author":16,"featured_media":0,"parent":3937,"menu_order":0,"comment_status":"closed","ping_status":"closed","template":"","meta":{"colormag_page_container_layout":"default_layout","colormag_page_sidebar_layout":"default_layout","footnotes":""},"class_list":["post-2511","page","type-page","status-publish","hentry"],"_links":{"self":[{"href":"https:\/\/amaqy.fr\/jeanyole\/wp-json\/wp\/v2\/pages\/2511","targetHints":{"allow":["GET"]}}],"collection":[{"href":"https:\/\/amaqy.fr\/jeanyole\/wp-json\/wp\/v2\/pages"}],"about":[{"href":"https:\/\/amaqy.fr\/jeanyole\/wp-json\/wp\/v2\/types\/page"}],"author":[{"embeddable":true,"href":"https:\/\/amaqy.fr\/jeanyole\/wp-json\/wp\/v2\/users\/16"}],"replies":[{"embeddable":true,"href":"https:\/\/amaqy.fr\/jeanyole\/wp-json\/wp\/v2\/comments?post=2511"}],"version-history":[{"count":5,"href":"https:\/\/amaqy.fr\/jeanyole\/wp-json\/wp\/v2\/pages\/2511\/revisions"}],"predecessor-version":[{"id":5660,"href":"https:\/\/amaqy.fr\/jeanyole\/wp-json\/wp\/v2\/pages\/2511\/revisions\/5660"}],"up":[{"embeddable":true,"href":"https:\/\/amaqy.fr\/jeanyole\/wp-json\/wp\/v2\/pages\/3937"}],"wp:attachment":[{"href":"https:\/\/amaqy.fr\/jeanyole\/wp-json\/wp\/v2\/media?parent=2511"}],"curies":[{"name":"wp","href":"https:\/\/api.w.org\/{rel}","templated":true}]}}