{"id":2483,"date":"2020-04-23T13:58:10","date_gmt":"2020-04-23T12:58:10","guid":{"rendered":"http:\/\/amaqy.fr\/jeanyole\/?page_id=2483"},"modified":"2021-05-10T09:34:57","modified_gmt":"2021-05-10T08:34:57","slug":"jardin-partage-2","status":"publish","type":"page","link":"https:\/\/amaqy.fr\/jeanyole\/adultes-2\/jardin-partage-2\/","title":{"rendered":"Jardin Partag\u00e9 GOLLY &#8211; Pavillon de compostage"},"content":{"rendered":"<div class=\"wpb-content-wrapper\">[vc_row][vc_column width=\u00a0\u00bb1\/3&Prime;][vc_column_text]<h4 class=\"has-text-align-center\" style=\"text-align: center\"><span class=\"has-inline-color has-light-green-cyan-color\"><img loading=\"lazy\" decoding=\"async\" class=\"alignnone size-medium wp-image-2462\" src=\"https:\/\/amaqy.fr\/jeanyole\/wp-content\/uploads\/sites\/7\/2020\/04\/sans-titre-300x225.png\" alt=\"\" width=\"300\" height=\"225\" srcset=\"https:\/\/amaqy.fr\/jeanyole\/wp-content\/uploads\/sites\/7\/2020\/04\/sans-titre-300x225.png 300w, https:\/\/amaqy.fr\/jeanyole\/wp-content\/uploads\/sites\/7\/2020\/04\/sans-titre-1024x768.png 1024w, https:\/\/amaqy.fr\/jeanyole\/wp-content\/uploads\/sites\/7\/2020\/04\/sans-titre-768x576.png 768w, https:\/\/amaqy.fr\/jeanyole\/wp-content\/uploads\/sites\/7\/2020\/04\/sans-titre-1536x1152.png 1536w, https:\/\/amaqy.fr\/jeanyole\/wp-content\/uploads\/sites\/7\/2020\/04\/sans-titre-2048x1536.png 2048w\" sizes=\"auto, (max-width: 300px) 100vw, 300px\" \/><strong>Le jardin partag\u00e9 Golly, <\/strong><\/span><strong><span class=\"has-inline-color has-light-green-cyan-color\">impasse des Fr\u00e8res Didot<\/span><\/strong><\/h4>\n<p><strong><!-- \/wp:post-content --><\/strong><\/p>\n<p><strong><!-- wp:paragraph {\"align\":\"center\"} --><\/strong><\/p>\n<p class=\"has-text-align-center\"><strong>Permanence des jardiniers le samedi matin de 10h \u00e0 12h (de mars \u00e0 octobre) : <\/strong><\/p>\n<p class=\"has-text-align-center\"><strong>visite et d\u00e9couverte du jardin, animations &#8230;\u00a0 Pour disposer d&rsquo;un carr\u00e9, se renseigner \u00e0 la MQ Jean Yole (02.51.05.08.13)<\/strong><\/p>\n<p><!-- \/wp:paragraph --><\/p>[\/vc_column_text][vc_btn title=\u00a0\u00bbCharte du Jardin \u00e0 lire\u00a0\u00bb color=\u00a0\u00bbsuccess\u00a0\u00bb align=\u00a0\u00bbcenter\u00a0\u00bb button_block=\u00a0\u00bbtrue\u00a0\u00bb link=\u00a0\u00bburl:https%3A%2F%2Ffr.calameo.com%2Fread%2F006095340fb28205992b6|||\u00a0\u00bb][vc_btn title=\u00a0\u00bbCOVID &#8211; 19 &#8211; Mesures Sanitaires jardin\u00a0\u00bb color=\u00a0\u00bbpeacoc\u00a0\u00bb align=\u00a0\u00bbcenter\u00a0\u00bb link=\u00a0\u00bburl:http%3A%2F%2Famaqy.fr%2Fjeanyole%2Fwp-content%2Fuploads%2Fsites%2F7%2F2020%2F05%2Fr%C3%A8gles-de-fonctionnement-jardin-Mai-2020.pdf|||\u00a0\u00bb][\/vc_column][vc_column width=\u00a0\u00bb1\/3&Prime;][vc_column_text]<p style=\"text-align: center\"><img loading=\"lazy\" decoding=\"async\" class=\"size-medium wp-image-2457 aligncenter\" src=\"https:\/\/amaqy.fr\/jeanyole\/wp-content\/uploads\/sites\/7\/2020\/04\/jardin-partag\u00e9-composteur-2-279x300.png\" alt=\"\" width=\"279\" height=\"300\" srcset=\"https:\/\/amaqy.fr\/jeanyole\/wp-content\/uploads\/sites\/7\/2020\/04\/jardin-partag\u00e9-composteur-2-279x300.png 279w, https:\/\/amaqy.fr\/jeanyole\/wp-content\/uploads\/sites\/7\/2020\/04\/jardin-partag\u00e9-composteur-2-953x1024.png 953w, https:\/\/amaqy.fr\/jeanyole\/wp-content\/uploads\/sites\/7\/2020\/04\/jardin-partag\u00e9-composteur-2-768x825.png 768w, https:\/\/amaqy.fr\/jeanyole\/wp-content\/uploads\/sites\/7\/2020\/04\/jardin-partag\u00e9-composteur-2-1429x1536.png 1429w, https:\/\/amaqy.fr\/jeanyole\/wp-content\/uploads\/sites\/7\/2020\/04\/jardin-partag\u00e9-composteur-2-1906x2048.png 1906w\" sizes=\"auto, (max-width: 279px) 100vw, 279px\" \/><strong>Pavillon de compostage, impasse des Fr\u00e8res Didot ouvert aux habitants du Territoire Pyramides &#8211; Jean Yole. Permanence le samedi matin de 10h30 \u00e0 11h30 pour d\u00e9poser le compost. Gratuit &#8211; Inscription le samedi sur place (remise bioseau).<\/strong><\/p>[\/vc_column_text][vc_btn title=\u00a0\u00bbCOVID 19 &#8211; R\u00e8glementations sp\u00e9cifiques pavillon de compostage \u00a0\u00bb color=\u00a0\u00bbsuccess\u00a0\u00bb link=\u00a0\u00bburl:http%3A%2F%2Famaqy.fr%2Fjeanyole%2Fwp-content%2Fuploads%2Fsites%2F7%2F2020%2F05%2FCOVID_Affiche-site-de-compostage_LRSY.pdf|||\u00a0\u00bb][\/vc_column][vc_column width=\u00a0\u00bb1\/3&Prime;][vc_custom_heading text=\u00a0\u00bbPlan de situation du jardin et du pavillon de compostage\nici\u00a0\u00bb font_container=\u00a0\u00bbtag:p|text_align:center|color:%23ea25cd\u00a0\u00bb use_theme_fonts=\u00a0\u00bbyes\u00a0\u00bb link=\u00a0\u00bburl:https%3A%2F%2Fgoo.gl%2Fmaps%2FS5QYYgNiFNj3v1cj7|||\u00a0\u00bb][vc_column_text]\n<p style=\"text-align: center\"><img loading=\"lazy\" decoding=\"async\" width=\"225\" height=\"300\" class=\"alignnone size-medium wp-image-2456\" alt=\"\" src=\"https:\/\/amaqy.fr\/jeanyole\/wp-content\/uploads\/sites\/7\/2020\/04\/IMG_8856-23-09-19-08-03-225x300.jpg\" srcset=\"https:\/\/amaqy.fr\/jeanyole\/wp-content\/uploads\/sites\/7\/2020\/04\/IMG_8856-23-09-19-08-03-225x300.jpg 225w, https:\/\/amaqy.fr\/jeanyole\/wp-content\/uploads\/sites\/7\/2020\/04\/IMG_8856-23-09-19-08-03.jpg 720w\" sizes=\"auto, (max-width: 225px) 100vw, 225px\" \/><span><strong>Pour tout renseignement, s&rsquo;adresser aux jardiniers sur place le samedi matin ou contacter directement la Maison de Quartier Jean Yole (vous pourrez y rencontrer un professionnel).&nbsp;<\/strong><\/span><\/p>\n[\/vc_column_text][\/vc_column][\/vc_row][vc_row][vc_column][\/vc_column][\/vc_row]<\/div>","protected":false},"excerpt":{"rendered":"<p>[vc_row][vc_column width=\u00a0\u00bb1\/3&Prime;][vc_column_text] Le jardin partag\u00e9 Golly, impasse des Fr\u00e8res Didot Permanence des jardiniers le samedi matin de 10h \u00e0 12h<\/p>\n","protected":false},"author":16,"featured_media":0,"parent":2089,"menu_order":0,"comment_status":"closed","ping_status":"closed","template":"","meta":{"colormag_page_container_layout":"default_layout","colormag_page_sidebar_layout":"default_layout","footnotes":""},"class_list":["post-2483","page","type-page","status-publish","hentry"],"_links":{"self":[{"href":"https:\/\/amaqy.fr\/jeanyole\/wp-json\/wp\/v2\/pages\/2483","targetHints":{"allow":["GET"]}}],"collection":[{"href":"https:\/\/amaqy.fr\/jeanyole\/wp-json\/wp\/v2\/pages"}],"about":[{"href":"https:\/\/amaqy.fr\/jeanyole\/wp-json\/wp\/v2\/types\/page"}],"author":[{"embeddable":true,"href":"https:\/\/amaqy.fr\/jeanyole\/wp-json\/wp\/v2\/users\/16"}],"replies":[{"embeddable":true,"href":"https:\/\/amaqy.fr\/jeanyole\/wp-json\/wp\/v2\/comments?post=2483"}],"version-history":[{"count":5,"href":"https:\/\/amaqy.fr\/jeanyole\/wp-json\/wp\/v2\/pages\/2483\/revisions"}],"predecessor-version":[{"id":3563,"href":"https:\/\/amaqy.fr\/jeanyole\/wp-json\/wp\/v2\/pages\/2483\/revisions\/3563"}],"up":[{"embeddable":true,"href":"https:\/\/amaqy.fr\/jeanyole\/wp-json\/wp\/v2\/pages\/2089"}],"wp:attachment":[{"href":"https:\/\/amaqy.fr\/jeanyole\/wp-json\/wp\/v2\/media?parent=2483"}],"curies":[{"name":"wp","href":"https:\/\/api.w.org\/{rel}","templated":true}]}}