{"id":16,"date":"2013-12-02T14:22:27","date_gmt":"2013-12-02T13:22:27","guid":{"rendered":"http:\/\/amaqy.fr\/Yole\/?page_id=16"},"modified":"2024-12-24T15:46:17","modified_gmt":"2024-12-24T14:46:17","slug":"famille","status":"publish","type":"page","link":"https:\/\/amaqy.fr\/jeanyole\/accueil\/famille\/","title":{"rendered":"Famille"},"content":{"rendered":"<div class=\"wpb-content-wrapper\"><p>[vc_row][vc_column width=\u00a0\u00bb2\/3&Prime;][vc_custom_heading text=\u00a0\u00bbLa Maison de Quartier est un espace o\u00f9 tout habitant peut participer aux actions mises en place, dans le respect des valeurs associatives.\u00a0\u00bb font_container=\u00a0\u00bbtag:h6|text_align:center|color:%23357ebf\u00a0\u00bb][\/vc_column][\/vc_row][vc_row][vc_column width=\u00a0\u00bb2\/3&Prime;][vc_single_image image=\u00a0\u00bb56&Prime; img_size=\u00a0\u00bblarge\u00a0\u00bb alignment=\u00a0\u00bbcenter\u00a0\u00bb style=\u00a0\u00bbvc_box_shadow_border\u00a0\u00bb][\/vc_column][vc_column width=\u00a0\u00bb1\/3&Prime;][vc_btn title=\u00a0\u00bbTemps forts de Janvier \u00e0 Mars 2025&Prime; color=\u00a0\u00bbwarning\u00a0\u00bb align=\u00a0\u00bbcenter\u00a0\u00bb link=\u00a0\u00bburl:https%3A%2F%2Fdrive.google.com%2Ffile%2Fd%2F1REYnq0_r3ibJ1T_ugtwM75B_88hZuwLx%2Fview%3Fusp%3Ddrive_link|||\u00a0\u00bb][vc_btn title=\u00a0\u00bb\u00ab\u00a0les rendez-vous familles\u00ab\u00a0 : un dimanche par mois &#8211; programme \u00e0 venir\u00a0\u00bb color=\u00a0\u00bbsky\u00a0\u00bb align=\u00a0\u00bbcenter\u00a0\u00bb link=\u00a0\u00bb|||\u00a0\u00bb][\/vc_column][\/vc_row][vc_row][vc_column width=\u00a0\u00bb2\/3&Prime;][vc_column_text]<\/p>\n<p style=\"text-align: center\"><strong>La Maison de Quartier propose un programme d\u2019animations trimestrielles, valorisant l\u2019ensemble des secteurs.<\/strong><\/p>\n<h2><span style=\"color: #3366ff\"><b>Un accueil <\/b><\/span><\/h2>\n<p>ouvert du Lundi au vendredi (9h\/17h), avec point caf\u00e9, presse\u2026<\/p>\n<h2><span style=\"color: #3366ff\"><b>Des ateliers de fabrique<\/b><\/span><\/h2>\n<p>autour du tricot, de la couture, de la palette\u2026pour s\u2019initier, cr\u00e9er et participer \u00e0 des r\u00e9alisations collectives ou personnelles.<\/p>\n<h2><span style=\"color: #ff0000\"><b><span style=\"color: #3366ff\">Des temps culinaires :<\/span> <\/b><\/span><\/h2>\n<p>repas \u00ab table ouverte \u00bb tous les 15 jours, ateliers d\u00e9couverte de recettes de cuisine, repas des commis, barbecue\u2026<\/p>\n<h2><span style=\"color: #ff0000\"><b><span style=\"color: #3366ff\">Des actions culturelles:<\/span> <\/b><\/span><\/h2>\n<p>accueil en r\u00e9sidence de compagnies, cr\u00e9ation de projet, programmation de spectacle, r\u00e9alisation du temps fort-festival de rue \u00ab\u00a0M\u00e9li Mel Arts\u00a0\u00bb\u2026<\/p>\n<h2><span style=\"color: #3366ff\"><b>Des sorties-visites:<\/b><\/span><\/h2>\n<p><b> <\/b>pour voir autre chose, rencontrer d\u2019autres personnes\u2026 (spectacles, sorties foot\u2026)<\/p>\n<h2><span style=\"color: #3366ff\"><b>Des soir\u00e9es th\u00e9matiques:\u00a0<\/b><\/span><\/h2>\n<p>autour de projection vid\u00e9o pour \u00e9changer sur des sujets du quotidien, pour appr\u00e9hender et se questionner sur son environnement autrement.[\/vc_column_text][\/vc_column][\/vc_row][vc_row][vc_column][vc_single_image image=\u00a0\u00bb55&Prime; img_size=\u00a0\u00bblarge\u00a0\u00bb alignment=\u00a0\u00bbcenter\u00a0\u00bb style=\u00a0\u00bbvc_box_shadow_border\u00a0\u00bb][\/vc_column][\/vc_row]<\/p>\n<\/div>","protected":false},"excerpt":{"rendered":"<p>[vc_row][vc_column width=\u00a0\u00bb2\/3&Prime;][vc_custom_heading text=\u00a0\u00bbLa Maison de Quartier est un espace o\u00f9 tout habitant peut participer aux actions mises en place, dans<\/p>\n","protected":false},"author":1,"featured_media":0,"parent":7,"menu_order":5,"comment_status":"closed","ping_status":"closed","template":"","meta":{"colormag_page_container_layout":"default_layout","colormag_page_sidebar_layout":"default_layout","footnotes":""},"class_list":["post-16","page","type-page","status-publish","hentry"],"_links":{"self":[{"href":"https:\/\/amaqy.fr\/jeanyole\/wp-json\/wp\/v2\/pages\/16","targetHints":{"allow":["GET"]}}],"collection":[{"href":"https:\/\/amaqy.fr\/jeanyole\/wp-json\/wp\/v2\/pages"}],"about":[{"href":"https:\/\/amaqy.fr\/jeanyole\/wp-json\/wp\/v2\/types\/page"}],"author":[{"embeddable":true,"href":"https:\/\/amaqy.fr\/jeanyole\/wp-json\/wp\/v2\/users\/1"}],"replies":[{"embeddable":true,"href":"https:\/\/amaqy.fr\/jeanyole\/wp-json\/wp\/v2\/comments?post=16"}],"version-history":[{"count":5,"href":"https:\/\/amaqy.fr\/jeanyole\/wp-json\/wp\/v2\/pages\/16\/revisions"}],"predecessor-version":[{"id":5704,"href":"https:\/\/amaqy.fr\/jeanyole\/wp-json\/wp\/v2\/pages\/16\/revisions\/5704"}],"up":[{"embeddable":true,"href":"https:\/\/amaqy.fr\/jeanyole\/wp-json\/wp\/v2\/pages\/7"}],"wp:attachment":[{"href":"https:\/\/amaqy.fr\/jeanyole\/wp-json\/wp\/v2\/media?parent=16"}],"curies":[{"name":"wp","href":"https:\/\/api.w.org\/{rel}","templated":true}]}}