{"id":1286,"date":"2017-03-08T17:04:08","date_gmt":"2017-03-08T16:04:08","guid":{"rendered":"http:\/\/amaqy.fr\/jeanyole\/?page_id=1286"},"modified":"2021-03-09T12:29:57","modified_gmt":"2021-03-09T11:29:57","slug":"club-de-jeunes","status":"publish","type":"page","link":"https:\/\/amaqy.fr\/jeanyole\/club-de-jeunes\/","title":{"rendered":"Club de jeunes :"},"content":{"rendered":"<div class=\"wpb-content-wrapper\"><p>[vc_row 0=\u00a0\u00bb\u00a0\u00bb][vc_column width=\u00a0\u00bb2\/3&Prime;][vc_column_text 0=\u00a0\u00bb\u00a0\u00bb]<\/p>\n<ul>\n<li><strong>L\u2019espace jeune \u00ab\u00a0le Rancard\u00a0\u00bb<\/strong>, est un accueil de loisirs g\u00e9r\u00e9 par l&rsquo;Association AMAQY, il est rattach\u00e9 aux Maisons de Quartier Jean Yole et Pyramides.<\/li>\n<li>Les jeunes sont accueillis \u00e0 partir de l&rsquo;entr\u00e9e en 6\u00e8me jusqu&rsquo;au 17 ans. Nous proposons aux jeunes des activit\u00e9s, sorties, projets &#8230; les mercredis, vendredis et samedis en p\u00e9riode scolaire et du lundi au vendredi pendant les vacances scolaires. Un programme d&rsquo;activit\u00e9s est \u00e9tabli tous les mois pour les mercredis, vendredis et samedis, et pour la p\u00e9riodes des vacances scolaires.<\/li>\n<li><strong>Le projet d\u2019accompagnement \u00e0 la scolarit\u00e9 coll\u00e9giens<\/strong>, pour un soutien dans l\u2019aide aux devoirs, les mardis et jeudis soirs.<\/li>\n<li><strong>L\u2019accompagnement d\u2019initiatives de jeunes <\/strong>; l\u2019\u00e9quipe professionnelle est \u00e0 l\u2019\u00e9coute et suscite la curiosit\u00e9 des jeunes, pour leur permettre de d\u00e9couvrir le monde qui nous entoure \u00e0 travers diff\u00e9rents projets\u00a0:\n<ul>\n<li>Projets de s\u00e9jours entre jeunes, d\u00e9couverte d\u2019une r\u00e9gion d\u2019un pays\u2026<\/li>\n<li>Projets de sorties culturelles (aller voir un concert, un spectacle\u2026), sportives\u2026<\/li>\n<li>Projets artistiques et manuelles (projet Graff\u2026), Etc<\/li>\n<\/ul>\n<\/li>\n<\/ul>\n<p>L\u2019espace jeunes devient ainsi un lieu pour se retrouver entre jeunes de son \u00e2ge, participer entre copains \u00e0 la r\u00e9alisation de projets,\u00a0 s\u2019impliquer dans la vie du quartier, de la Ville.[\/vc_column_text][\/vc_column][vc_column width=\u00a0\u00bb1\/3&Prime;][vc_btn title=\u00a0\u00bbPlan de situation du Rancard adresse localisation 8 rue Louis Loucheur, entr\u00e9e du Club par impasse Marengo\u00a0\u00bb color=\u00a0\u00bbviolet\u00a0\u00bb link=\u00a0\u00bburl:https%3A%2F%2Fwww.google.fr%2Fmaps%2Fplace%2FClub%2Bde%2Bjeunes%2BLe%2BRancard%2F%4046.6808927%2C-1.4242009%2C15z%2Fdata%3D!4m5!3m4!1s0x48042fa28ca11231%3A0xab02f522c2ad5e08!8m2!3d46.6807887!4d-1.4173392|||\u00a0\u00bb][\/vc_column][\/vc_row][vc_row 0=\u00a0\u00bb\u00a0\u00bb][vc_column width=\u00a0\u00bb1\/3&Prime;][\/vc_column][vc_column width=\u00a0\u00bb1\/3&Prime;][\/vc_column][\/vc_row][vc_row 0=\u00a0\u00bb\u00a0\u00bb][vc_column 0=\u00a0\u00bb\u00a0\u00bb][\/vc_column][\/vc_row]<\/p>\n<\/div>","protected":false},"excerpt":{"rendered":"<p>[vc_row 0=\u00a0\u00bb\u00a0\u00bb][vc_column width=\u00a0\u00bb2\/3&Prime;][vc_column_text 0=\u00a0\u00bb\u00a0\u00bb] L\u2019espace jeune \u00ab\u00a0le Rancard\u00a0\u00bb, est un accueil de loisirs g\u00e9r\u00e9 par l&rsquo;Association AMAQY, il est rattach\u00e9<\/p>\n","protected":false},"author":1,"featured_media":0,"parent":0,"menu_order":0,"comment_status":"closed","ping_status":"closed","template":"","meta":{"colormag_page_container_layout":"default_layout","colormag_page_sidebar_layout":"default_layout","footnotes":""},"class_list":["post-1286","page","type-page","status-publish","hentry"],"_links":{"self":[{"href":"https:\/\/amaqy.fr\/jeanyole\/wp-json\/wp\/v2\/pages\/1286","targetHints":{"allow":["GET"]}}],"collection":[{"href":"https:\/\/amaqy.fr\/jeanyole\/wp-json\/wp\/v2\/pages"}],"about":[{"href":"https:\/\/amaqy.fr\/jeanyole\/wp-json\/wp\/v2\/types\/page"}],"author":[{"embeddable":true,"href":"https:\/\/amaqy.fr\/jeanyole\/wp-json\/wp\/v2\/users\/1"}],"replies":[{"embeddable":true,"href":"https:\/\/amaqy.fr\/jeanyole\/wp-json\/wp\/v2\/comments?post=1286"}],"version-history":[{"count":5,"href":"https:\/\/amaqy.fr\/jeanyole\/wp-json\/wp\/v2\/pages\/1286\/revisions"}],"predecessor-version":[{"id":3516,"href":"https:\/\/amaqy.fr\/jeanyole\/wp-json\/wp\/v2\/pages\/1286\/revisions\/3516"}],"wp:attachment":[{"href":"https:\/\/amaqy.fr\/jeanyole\/wp-json\/wp\/v2\/media?parent=1286"}],"curies":[{"name":"wp","href":"https:\/\/api.w.org\/{rel}","templated":true}]}}