{"id":1127,"date":"2016-11-15T15:23:58","date_gmt":"2016-11-15T14:23:58","guid":{"rendered":"http:\/\/amaqy.fr\/Yole\/?page_id=1127"},"modified":"2025-04-11T13:54:34","modified_gmt":"2025-04-11T12:54:34","slug":"benevole","status":"publish","type":"page","link":"https:\/\/amaqy.fr\/jeanyole\/benevole\/","title":{"rendered":"B\u00e9n\u00e9vole"},"content":{"rendered":"<div class=\"wpb-content-wrapper\"><p>[vc_row][vc_column][vc_custom_heading text=\u00a0\u00bbMembres du Bureau du Comit\u00e9 de Quartier<br \/>\nJean Yole\u00a0\u00bb font_container=\u00a0\u00bbtag:h2|text_align:center|color:%23ed6736&Prime; google_fonts=\u00a0\u00bbfont_family:Average%3Aregular|font_style:400%20regular%3A400%3Anormal\u00a0\u00bb][\/vc_column][\/vc_row][vc_row 0=\u00a0\u00bb\u00a0\u00bb][vc_column 0=\u00a0\u00bb\u00a0\u00bb][vc_column_text 0=\u00a0\u00bb\u00a0\u00bb]<\/p>\n<table class=\"aligncenter\" style=\"width: 120.61%;height: 82px\" border=\"2\">\n<tbody>\n<tr style=\"height: 24px\">\n<td style=\"width: 50.0927%;height: 10px;text-align: center;padding-left: 60px;background-color: #140202\"><span style=\"color: #ffffff\"><strong>Repr\u00e9sentant<\/strong><\/span><\/td>\n<td style=\"width: 103.47%;height: 10px;text-align: center;padding-left: 30px;background-color: #140202\"><span style=\"color: #ffffff\"><strong>MONDIMBA No\u00ebl<\/strong><\/span><\/td>\n<\/tr>\n<tr style=\"height: 24px;padding-left: 210px\">\n<td style=\"width: 50.0927%;height: 24px;text-align: center;padding-left: 60px;background-color: #140202\"><span style=\"color: #ffffff\"><strong>R\u00e9dactrice<\/strong><\/span><\/td>\n<td style=\"width: 103.47%;height: 24px;text-align: center;padding-left: 30px;background-color: #140202\"><span style=\"color: #ffffff\"><strong>VALIN Anne<\/strong><\/span><\/td>\n<\/tr>\n<tr style=\"height: 24px;padding-left: 210px\">\n<td style=\"width: 50.0927%;height: 24px;text-align: center;padding-left: 60px;background-color: #140202\"><span style=\"color: #ffffff\"><strong>Membres<\/strong><\/span><\/td>\n<td style=\"width: 103.47%;height: 24px;text-align: center;padding-left: 30px;background-color: #140202\"><span style=\"color: #ffffff\"><strong>CHALMANDRIER Max,<\/strong><\/span><span style=\"color: #ffffff\"><strong>\u00a0DEMONCHY Yves<br \/>\n<\/strong><\/span><\/td>\n<\/tr>\n<\/tbody>\n<\/table>\n<p>[\/vc_column_text][\/vc_column][\/vc_row][vc_row][vc_column css_animation=\u00a0\u00bbappear\u00a0\u00bb][vc_text_separator 0=\u00a0\u00bb\u00a0\u00bb][\/vc_column][\/vc_row][vc_row][vc_column][vc_separator border_width=\u00a0\u00bb2&Prime;][\/vc_column][\/vc_row][vc_row][vc_column][vc_custom_heading text=\u00a0\u00bb\u00a0\u00bb font_container=\u00a0\u00bbtag:h6|text_align:center|color:%23ed7f36&Prime; google_fonts=\u00a0\u00bbfont_family:Belleza%3Aregular|font_style:400%20regular%3A400%3Anormal\u00a0\u00bb][\/vc_column][\/vc_row][vc_row 0=\u00a0\u00bb\u00a0\u00bb][vc_column 0=\u00a0\u00bb\u00a0\u00bb][vc_column_text]<\/p>\n<h6 style=\"text-align: center\"><span style=\"color: #ff6600\"><strong>Membres du Comit\u00e9 de Quartier Jean Yole<\/strong><\/span><\/h6>\n<p style=\"text-align: center\"><strong>BONNET Sylvanie, CHALMANDRIER Max, CHICOUENE C\u00e9cile, CLAUTOUR Jean-Aim\u00e9,\u00a0 DEMONCHY Yves,\u00a0 \u00a0ESSEUL Pascal, GAILLARDON Gabriel, HANTOUTI Nezha, L&rsquo;HOSTE Isabelle, MONDIMBA No\u00ebl,\u00a0 PERRIN Sophie, SIMKO Vera,\u00a0 VALIN Anne<\/strong><\/p>\n<p>[\/vc_column_text][\/vc_column][\/vc_row]<\/p>\n<\/div>","protected":false},"excerpt":{"rendered":"<p>[vc_row][vc_column][vc_custom_heading text=\u00a0\u00bbMembres du Bureau du Comit\u00e9 de Quartier Jean Yole\u00a0\u00bb font_container=\u00a0\u00bbtag:h2|text_align:center|color:%23ed6736&Prime; google_fonts=\u00a0\u00bbfont_family:Average%3Aregular|font_style:400%20regular%3A400%3Anormal\u00a0\u00bb][\/vc_column][\/vc_row][vc_row 0=\u00a0\u00bb\u00a0\u00bb][vc_column 0=\u00a0\u00bb\u00a0\u00bb][vc_column_text 0=\u00a0\u00bb\u00a0\u00bb] Repr\u00e9sentant MONDIMBA No\u00ebl R\u00e9dactrice VALIN<\/p>\n","protected":false},"author":1,"featured_media":0,"parent":0,"menu_order":0,"comment_status":"closed","ping_status":"closed","template":"","meta":{"colormag_page_container_layout":"default_layout","colormag_page_sidebar_layout":"default_layout","footnotes":""},"class_list":["post-1127","page","type-page","status-publish","hentry"],"_links":{"self":[{"href":"https:\/\/amaqy.fr\/jeanyole\/wp-json\/wp\/v2\/pages\/1127","targetHints":{"allow":["GET"]}}],"collection":[{"href":"https:\/\/amaqy.fr\/jeanyole\/wp-json\/wp\/v2\/pages"}],"about":[{"href":"https:\/\/amaqy.fr\/jeanyole\/wp-json\/wp\/v2\/types\/page"}],"author":[{"embeddable":true,"href":"https:\/\/amaqy.fr\/jeanyole\/wp-json\/wp\/v2\/users\/1"}],"replies":[{"embeddable":true,"href":"https:\/\/amaqy.fr\/jeanyole\/wp-json\/wp\/v2\/comments?post=1127"}],"version-history":[{"count":5,"href":"https:\/\/amaqy.fr\/jeanyole\/wp-json\/wp\/v2\/pages\/1127\/revisions"}],"predecessor-version":[{"id":5735,"href":"https:\/\/amaqy.fr\/jeanyole\/wp-json\/wp\/v2\/pages\/1127\/revisions\/5735"}],"wp:attachment":[{"href":"https:\/\/amaqy.fr\/jeanyole\/wp-json\/wp\/v2\/media?parent=1127"}],"curies":[{"name":"wp","href":"https:\/\/api.w.org\/{rel}","templated":true}]}}