{"id":2,"date":"2016-05-11T16:18:14","date_gmt":"2016-05-11T14:18:14","guid":{"rendered":"http:\/\/amaqy.fr\/epn\/?page_id=2"},"modified":"2026-02-26T11:38:08","modified_gmt":"2026-02-26T10:38:08","slug":"espace-public-numerique","status":"publish","type":"page","link":"https:\/\/amaqy.fr\/epn\/","title":{"rendered":"Espace Public Num\u00e9rique"},"content":{"rendered":"<div class=\"wpb-content-wrapper\"><p>[vc_row][vc_column][vc_custom_heading text=\u00a0\u00bbBienvenue dans l&rsquo;univers du Num\u00e9rique !\u00a0\u00bb font_container=\u00a0\u00bbtag:h2|text_align:center\u00a0\u00bb use_theme_fonts=\u00a0\u00bbyes\u00a0\u00bb css_animation=\u00a0\u00bblightSpeedIn\u00a0\u00bb][vc_empty_space height=\u00a0\u00bb15px\u00a0\u00bb][\/vc_column][\/vc_row][vc_row][vc_column][\/vc_column][\/vc_row][vc_row][vc_column width=\u00a0\u00bb1\/2&Prime;][vc_column_text]<\/p>\n<div style=\"text-align: center\"><span style=\"font-size: 12pt\"><strong><span style=\"font-family: arial,helvetica,sans-serif\">Renseignements et inscriptions aux ateliers, contactez nous :<\/span><\/strong><\/span><\/div>\n<div style=\"text-align: center\"><span style=\"font-size: 12pt\"><strong><span style=\"font-family: arial,helvetica,sans-serif\">&#8211; sur place<\/span><\/strong><\/span><\/div>\n<div style=\"text-align: center\"><span style=\"font-size: 12pt\"><strong><span style=\"font-family: arial,helvetica,sans-serif\">&#8211; par t\u00e9l\u00e9phone au <span style=\"color: #800000\">02-51-05-52-63<\/span><\/span><\/strong><\/span><\/div>\n<div style=\"text-align: center\"><strong>&#8211; par mail : <span style=\"color: #800000\">fabrice.brunaud@amaqy.fr<\/span><\/strong><\/div>\n<div><\/div>\n<div style=\"text-align: center\"><img loading=\"lazy\" decoding=\"async\" class=\"wp-image-569 alignnone\" src=\"http:\/\/amaqy.fr\/epn\/wp-content\/uploads\/sites\/21\/2024\/01\/Smartphone-271x300.png\" alt=\"\" width=\"113\" height=\"125\" data-wp-editing=\"1\" srcset=\"https:\/\/amaqy.fr\/epn\/wp-content\/uploads\/sites\/21\/2024\/01\/Smartphone-271x300.png 271w, https:\/\/amaqy.fr\/epn\/wp-content\/uploads\/sites\/21\/2024\/01\/Smartphone-924x1024.png 924w, https:\/\/amaqy.fr\/epn\/wp-content\/uploads\/sites\/21\/2024\/01\/Smartphone-768x851.png 768w, https:\/\/amaqy.fr\/epn\/wp-content\/uploads\/sites\/21\/2024\/01\/Smartphone.png 957w\" sizes=\"auto, (max-width: 113px) 100vw, 113px\" \/><img loading=\"lazy\" decoding=\"async\" class=\"alignnone wp-image-561\" src=\"http:\/\/amaqy.fr\/epn\/wp-content\/uploads\/sites\/21\/2024\/01\/Photo-Fabrice-mediateur-numerique-200x300.png\" alt=\"\" width=\"78\" height=\"117\" srcset=\"https:\/\/amaqy.fr\/epn\/wp-content\/uploads\/sites\/21\/2024\/01\/Photo-Fabrice-mediateur-numerique-200x300.png 200w, https:\/\/amaqy.fr\/epn\/wp-content\/uploads\/sites\/21\/2024\/01\/Photo-Fabrice-mediateur-numerique-682x1024.png 682w, https:\/\/amaqy.fr\/epn\/wp-content\/uploads\/sites\/21\/2024\/01\/Photo-Fabrice-mediateur-numerique-768x1152.png 768w, https:\/\/amaqy.fr\/epn\/wp-content\/uploads\/sites\/21\/2024\/01\/Photo-Fabrice-mediateur-numerique.png 771w\" sizes=\"auto, (max-width: 78px) 100vw, 78px\" \/><\/div>\n<p>[\/vc_column_text][\/vc_column][vc_column width=\u00a0\u00bb1\/2&Prime;][vc_gmaps link=\u00a0\u00bb#E-8_JTNDaWZyYW1lJTIwc3JjJTNEJTIyaHR0cHMlM0ElMkYlMkZ3d3cuZ29vZ2xlLmNvbSUyRm1hcHMlMkZlbWJlZCUzRnBiJTNEJTIxMW0xOCUyMTFtMTIlMjExbTMlMjExZDI3MzguMzYyMDkyNzEyMTE2JTIxMmQtMS40MjQwMDUxODQ4NDk1MDk5JTIxM2Q0Ni42NTkxMTE4NzkxMzMzMiUyMTJtMyUyMTFmMCUyMTJmMCUyMTNmMCUyMTNtMiUyMTFpMTAyNCUyMTJpNzY4JTIxNGYxMy4xJTIxM20zJTIxMW0yJTIxMXMweDQ4MDQyNTYzY2RiMDliOTElMjUzQTB4YTk2YjdjMTRiODA5ODBiMCUyMTJzODYlMkJSdWUlMkJKZWFuJTJCTGF1bm9pcyUyNTJDJTJCODUwMDAlMkJMYSUyQlJvY2hlLXN1ci1Zb24lMjE1ZTAlMjEzbTIlMjExc2ZyJTIxMnNmciUyMTR2MTU0MDI4OTYzMjIzNiUyMiUyMHdpZHRoJTNEJTIyMzAwJTIyJTIwaGVpZ2h0JTNEJTIyMjAwJTIyJTIwZnJhbWVib3JkZXIlM0QlMjIwJTIyJTIwc3R5bGUlM0QlMjJib3JkZXIlM0EwJTIyJTIwYWxsb3dmdWxsc2NyZWVuJTNFJTNDJTJGaWZyYW1lJTNF\u00a0\u00bb][vc_column_text]<img loading=\"lazy\" decoding=\"async\" class=\" wp-image-570 aligncenter\" src=\"http:\/\/amaqy.fr\/epn\/wp-content\/uploads\/sites\/21\/2024\/01\/Logo-souris-pc-212x300.png\" alt=\"\" width=\"57\" height=\"81\" srcset=\"https:\/\/amaqy.fr\/epn\/wp-content\/uploads\/sites\/21\/2024\/01\/Logo-souris-pc-212x300.png 212w, https:\/\/amaqy.fr\/epn\/wp-content\/uploads\/sites\/21\/2024\/01\/Logo-souris-pc.png 220w\" sizes=\"auto, (max-width: 57px) 100vw, 57px\" \/>[\/vc_column_text][\/vc_column][\/vc_row][vc_row][vc_column][vc_column_text css=\u00a0\u00bb\u00a0\u00bb]<\/p>\n<h2 style=\"text-align: center;\"><span style=\"color: #800000;\"><strong>Nos activit\u00e9s<\/strong><\/span><\/h2>\n<p style=\"text-align: left;\"><strong><span style=\"font-family: arial,helvetica,sans-serif;\">Nous vous proposons des accompagnements personnalis\u00e9s selon votre profil ainsi que divers formules d&rsquo;initiation aux outils num\u00e9riques sous forme d&rsquo;ateliers collectifs adapt\u00e9es \u00e0 vos besoins et \u00e0 votre niveau.<\/span><\/strong><\/p>\n<p>[\/vc_column_text][vc_tta_tour style=\u00a0\u00bbmodern\u00a0\u00bb color=\u00a0\u00bbvista-blue\u00a0\u00bb alignment=\u00a0\u00bbcenter\u00a0\u00bb active_section=\u00a0\u00bb1&Prime; css_animation=\u00a0\u00bbnone\u00a0\u00bb][vc_tta_section title=\u00a0\u00bbAcc\u00e8s libre\u00a0\u00bb tab_id=\u00a0\u00bb1459502628540-aba59402-478c\u00a0\u00bb][vc_cta h2=\u00a0\u00bbL&rsquo;acc\u00e8s libre\u00a0\u00bb txt_align=\u00a0\u00bbcenter\u00a0\u00bb css_animation=\u00a0\u00bblightSpeedIn\u00a0\u00bb css=\u00a0\u00bb\u00a0\u00bb]<\/p>\n<div class=\"vc_tta-panel-body\">\n<div class=\"wpb_text_column wpb_content_element \">\n<div class=\"wpb_wrapper\">\n<ul style=\"list-style-type: circle;\">\n<li>Pour les personnes autonomes sur les outils num\u00e9riques souhaitant utiliser un PC et acc\u00e9der \u00e0 Internet (sans RDV).<\/li>\n<\/ul>\n<p>&nbsp;<\/p>\n<ul style=\"list-style-type: circle;\">\n<li style=\"text-align: left;\"><span style=\"color: #000000;\">Pour les personnes ayant besoin d&rsquo;aide souhaitant b\u00e9n\u00e9ficier d&rsquo;un accompagnement (sur RDV) :<\/span><\/li>\n<\/ul>\n<p style=\"text-align: center;\"><em>&#8211; sur les d\u00e9marches administratives via Internet.<\/em><\/p>\n<p style=\"text-align: center;\"><em>&#8211; sur les outils bureautiques.<\/em><\/p>\n<p style=\"text-align: center;\"><em>&#8211; sur les fonctionnalit\u00e9s de votre appareil ou de vos applications.<\/em><\/p>\n<p style=\"text-align: center;\"><em>&#8211; sur des projets num\u00e9riques.<\/em><\/p>\n<p>&nbsp;<\/p>\n<ul style=\"list-style-type: circle;\">\n<li style=\"text-align: left;\"><span style=\"color: #000000;\">Pour les personnes souhaitant utiliser nos appareils de conversion num\u00e9rique :<\/span><\/li>\n<\/ul>\n<p style=\"text-align: center;\"><em><span style=\"color: #000000;\">&#8211; Photos (n\u00e9gatifs et diapos)<\/span><\/em><\/p>\n<p style=\"text-align: center;\"><em><span style=\"color: #000000;\">&#8211; Vinyles<\/span><\/em><\/p>\n<p style=\"text-align: center;\"><em><span style=\"color: #000000;\">&#8211; Cassettes audio et VHS<\/span><\/em><\/p>\n<p>&nbsp;<\/p>\n<p style=\"text-align: center;\"><span style=\"color: #800000;\"><strong>Nos horaires d&rsquo;ouverture :<\/strong><\/span><\/p>\n<p>&nbsp;<\/p>\n<\/div>\n<p style=\"text-align: center;\"><strong><em>Lundi<\/em><\/strong>&nbsp; \u2192&nbsp; <span style=\"color: #ff0000;\"><strong><em style=\"color: #ff0000;\"><span style=\"color: #800000;\">15h &#8211; 17h30<\/span><\/em><\/strong><\/span><\/p>\n<p style=\"text-align: center;\"><em><strong>Mardi<\/strong> &nbsp;<\/em>\u2192&nbsp; <span style=\"color: #ff0000;\"><strong><span style=\"color: #000000;\"><span style=\"color: #800000;\"><em>15h &#8211; 17h30<\/em><\/span><\/span><\/strong><\/span><\/p>\n<p style=\"text-align: center;\"><em><strong>Mercredi&nbsp; &nbsp;\u2192&nbsp; <span style=\"color: #ff0000;\"><span style=\"color: #000000;\"><span style=\"color: #800000;\">16h &#8211; 17h30<\/span><\/span><\/span><\/strong><\/em><\/p>\n<p style=\"text-align: center;\"><em><strong>Jeudi&nbsp; \u2192&nbsp; <span style=\"color: #ff0000;\"><span style=\"color: #800000;\">15h &#8211; 17h30<\/span><\/span><\/strong><\/em><\/p>\n<div class=\"wpb_wrapper\"><\/div>\n<\/div>\n<\/div>\n<p>[\/vc_cta][\/vc_tta_section][vc_tta_section title=\u00a0\u00bbAteliers Th\u00e9matiques\u00a0\u00bb tab_id=\u00a0\u00bb1459502629095-fcd25c1d-5e23&Prime;][vc_cta h2=\u00a0\u00bbLes ateliers th\u00e9matiques\u00a0\u00bb txt_align=\u00a0\u00bbcenter\u00a0\u00bb css_animation=\u00a0\u00bblightSpeedIn\u00a0\u00bb]<\/p>\n<p style=\"text-align: left\"><span style=\"color: #000000\">S\u00e9ances de 2h00 autour de th\u00e8mes diverses et vari\u00e9s vous permettant de d\u00e9couvrir, d&rsquo;exp\u00e9rimenter et de mieux comprendre les concepts et les outils num\u00e9riques essentiels \u00e0 l&rsquo;utilisation de vos appareils (smartphone, tablette, pc, appareil photo, imprimante 3D).<\/span><\/p>\n<p style=\"text-align: left\"><em><span style=\"color: #000000\">Inscription et participation via une adh\u00e9sion Amaqy + un suppl\u00e9ment de 20 \u20ac.<\/span><\/em><\/p>\n<p style=\"text-align: left\"><em>(voir l&rsquo;onglet \u00a0\u00bb Tarifs \u00a0\u00bb pour plus de pr\u00e9cisions)<\/em><\/p>\n<p>[\/vc_cta][vc_btn title=\u00a0\u00bbAteliers mars 2026&Prime; style=\u00a0\u00bbgradient\u00a0\u00bb gradient_color_2=\u00a0\u00bbpink\u00a0\u00bb align=\u00a0\u00bbcenter\u00a0\u00bb i_type=\u00a0\u00bbopeniconic\u00a0\u00bb i_icon_openiconic=\u00a0\u00bbvc-oi vc-oi-share\u00a0\u00bb css_animation=\u00a0\u00bbbounceInUp\u00a0\u00bb css=\u00a0\u00bb\u00a0\u00bb add_icon=\u00a0\u00bbtrue\u00a0\u00bb link=\u00a0\u00bburl:http%3A%2F%2Famaqy.fr%2Fepn%2Fwp-content%2Fuploads%2Fsites%2F21%2F2026%2F02%2FMars-2026.webp|target:_blank\u00a0\u00bb][vc_btn title=\u00a0\u00bbAteliers avril 2026&Prime; style=\u00a0\u00bbgradient\u00a0\u00bb gradient_color_1=\u00a0\u00bbpink\u00a0\u00bb gradient_color_2=\u00a0\u00bbturquoise\u00a0\u00bb align=\u00a0\u00bbcenter\u00a0\u00bb i_type=\u00a0\u00bbopeniconic\u00a0\u00bb i_icon_openiconic=\u00a0\u00bbvc-oi vc-oi-share\u00a0\u00bb css_animation=\u00a0\u00bbbounceInUp\u00a0\u00bb css=\u00a0\u00bb\u00a0\u00bb add_icon=\u00a0\u00bbtrue\u00a0\u00bb link=\u00a0\u00bburl:http%3A%2F%2Famaqy.fr%2Fepn%2Fwp-content%2Fuploads%2Fsites%2F21%2F2026%2F02%2FAvril-2026.webp|target:_blank\u00a0\u00bb][\/vc_tta_section][vc_tta_section title=\u00a0\u00bbNos parcours comp\u00e9tences\u00a0\u00bb tab_id=\u00a0\u00bb1459502665676-d1d497cb-6fef\u00a0\u00bb][vc_cta h2=\u00a0\u00bbLes parcours comp\u00e9tences\u00a0\u00bb txt_align=\u00a0\u00bbcenter\u00a0\u00bb css_animation=\u00a0\u00bblightSpeedIn\u00a0\u00bb css=\u00a0\u00bb\u00a0\u00bb]<\/p>\n<p style=\"text-align: left;\"><span style=\"color: #000000;\">Nous vous proposons des parcours comp\u00e9tences sur 6 s\u00e9ances d&rsquo; 1h30min, \u00e0 raison d&rsquo;1 s\u00e9ance par semaine pour acqu\u00e9rir les bases et comprendre les principes informatiques.<\/span><\/p>\n<p style=\"text-align: left;\">Ces parcours sont li\u00e9s \u00e0 l&rsquo;appareil que vous poss\u00e9dez, \u00e0 vos usages ou \u00e0 votre profil d&rsquo;utilisateur et <span style=\"color: #000000;\">peuvent \u00eatre suivis sous forme d&rsquo;ateliers collectifs (6 personnes max) sous r\u00e9serve de places disponibles.<\/span><\/p>\n<p style=\"text-align: left;\"><em><span style=\"color: #000000;\">Inscription et participation via une adh\u00e9sion Amaqy + un suppl\u00e9ment de 20 \u20ac.<\/span><\/em><\/p>\n<p style=\"text-align: left;\"><em>(voir l&rsquo;onglet \u00a0\u00bb Tarifs \u00a0\u00bb pour plus de pr\u00e9cisions)<\/em><\/p>\n<p>[\/vc_cta][vc_btn title=\u00a0\u00bbSmartphone \/ Tablette Android\u00a0\u00bb color=\u00a0\u00bbsky\u00a0\u00bb align=\u00a0\u00bbcenter\u00a0\u00bb i_type=\u00a0\u00bbtypicons\u00a0\u00bb i_icon_typicons=\u00a0\u00bbtypcn typcn-vendor-android\u00a0\u00bb css=\u00a0\u00bb\u00a0\u00bb button_block=\u00a0\u00bbtrue\u00a0\u00bb add_icon=\u00a0\u00bbtrue\u00a0\u00bb link=\u00a0\u00bburl:http%3A%2F%2Famaqy.fr%2Fepn%2Fwp-content%2Fuploads%2Fsites%2F21%2F2024%2F08%2FParcours-Smartphone-vw.png|title:Andro%C3%AFd|target:_blank\u00a0\u00bb][vc_btn title=\u00a0\u00bbPC Windows 10\/11 du 05 mars au 30 avril 2026&Prime; style=\u00a0\u00bb3d\u00a0\u00bb color=\u00a0\u00bborange\u00a0\u00bb align=\u00a0\u00bbcenter\u00a0\u00bb i_type=\u00a0\u00bbtypicons\u00a0\u00bb i_icon_typicons=\u00a0\u00bbtypcn typcn-vendor-microsoft\u00a0\u00bb css_animation=\u00a0\u00bbnone\u00a0\u00bb css=\u00a0\u00bb\u00a0\u00bb button_block=\u00a0\u00bbtrue\u00a0\u00bb add_icon=\u00a0\u00bbtrue\u00a0\u00bb link=\u00a0\u00bburl:http%3A%2F%2Famaqy.fr%2Fepn%2Fwp-content%2Fuploads%2Fsites%2F21%2F2026%2F02%2FParcours-Windows-Mars-Avril.webp|title:Windows%2010%2F11|target:_blank\u00a0\u00bb][vc_btn title=\u00a0\u00bbInternet\u00a0\u00bb color=\u00a0\u00bbgreen\u00a0\u00bb align=\u00a0\u00bbcenter\u00a0\u00bb i_type=\u00a0\u00bbopeniconic\u00a0\u00bb i_icon_openiconic=\u00a0\u00bbvc-oi vc-oi-at\u00a0\u00bb css_animation=\u00a0\u00bbnone\u00a0\u00bb css=\u00a0\u00bb\u00a0\u00bb button_block=\u00a0\u00bbtrue\u00a0\u00bb add_icon=\u00a0\u00bbtrue\u00a0\u00bb link=\u00a0\u00bburl:http%3A%2F%2Famaqy.fr%2Fepn%2Fwp-content%2Fuploads%2Fsites%2F21%2F2024%2F08%2FParcours-Internet-vw.png|target:_blank\u00a0\u00bb][\/vc_tta_section][vc_tta_section title=\u00a0\u00bbParentalit\u00e9 num\u00e9rique\u00a0\u00bb tab_id=\u00a0\u00bb1759829934636-3a8dc981-9763&Prime;][vc_cta h2=\u00a0\u00bb\u00catre parent \u00e0 l&rsquo;\u00e8re du num\u00e9rique\u00a0\u00bb txt_align=\u00a0\u00bbcenter\u00a0\u00bb add_button=\u00a0\u00bbbottom\u00a0\u00bb btn_title=\u00a0\u00bbNos \u00e9v\u00e8nements\u00a0\u00bb btn_color=\u00a0\u00bbsandy-brown\u00a0\u00bb btn_align=\u00a0\u00bbcenter\u00a0\u00bb css=\u00a0\u00bb\u00a0\u00bb btn_link=\u00a0\u00bburl:http%3A%2F%2Famaqy.fr%2Fepn%2Fwp-content%2Fuploads%2Fsites%2F21%2F2025%2F11%2FEtre-parent-a-lere-du-numerique_compressed.pdf|target:_blank\u00a0\u00bb]<\/p>\n<p style=\"text-align: left;\">La parentalit\u00e9 num\u00e9rique est un enjeu majeur dans notre soci\u00e9t\u00e9 num\u00e9rique. En accompagnant les enfants dans leur utilisation des technologies, les parents jouent un r\u00f4le crucial dans leur \u00e9ducation et leur bien-\u00eatre. Il est essentiel de trouver un \u00e9quilibre entre les avantages des outils num\u00e9riques et les risques qu\u2019ils peuvent repr\u00e9senter.<\/p>\n<h4 style=\"text-align: center;\"><img loading=\"lazy\" decoding=\"async\" class=\"alignnone size-medium wp-image-690\" src=\"http:\/\/amaqy.fr\/epn\/wp-content\/uploads\/sites\/21\/2025\/10\/Capture-decran-Photoroom-300x245.webp\" alt=\"\" width=\"300\" height=\"245\" srcset=\"https:\/\/amaqy.fr\/epn\/wp-content\/uploads\/sites\/21\/2025\/10\/Capture-decran-Photoroom-300x245.webp 300w, https:\/\/amaqy.fr\/epn\/wp-content\/uploads\/sites\/21\/2025\/10\/Capture-decran-Photoroom-768x626.webp 768w, https:\/\/amaqy.fr\/epn\/wp-content\/uploads\/sites\/21\/2025\/10\/Capture-decran-Photoroom.webp 819w\" sizes=\"auto, (max-width: 300px) 100vw, 300px\" \/><\/h4>\n<h4 style=\"text-align: center;\"><strong>Votre r\u00f4le et le n\u00f4tre :<\/strong><\/h4>\n<p style=\"text-align: center;\"><strong>&#8211; Accompagner les enfants dans l\u2019utilisation des technologies num\u00e9riques :<\/strong><\/p>\n<ul>\n<li style=\"text-align: left;\">Encourager une utilisation responsable et \u00e9quilibr\u00e9e des \u00e9crans.<\/li>\n<li style=\"text-align: left;\">D\u00e9velopper des comp\u00e9tences num\u00e9riques essentielles.<\/li>\n<li style=\"text-align: left;\">Favoriser la cr\u00e9ativit\u00e9 et l\u2019apprentissage via les outils num\u00e9riques.<\/li>\n<\/ul>\n<p style=\"text-align: center;\"><strong>&#8211; Assurer la s\u00e9curit\u00e9 en ligne<\/strong> :<\/p>\n<ul>\n<li style=\"text-align: left;\">Prot\u00e9ger les enfants contre les dangers d\u2019Internet (cyberharc\u00e8lement, contenus inappropri\u00e9s, etc.).<\/li>\n<li style=\"text-align: left;\">Enseigner les bonnes pratiques de confidentialit\u00e9 et de protection des donn\u00e9es personnelles.<\/li>\n<li style=\"list-style-type: none; text-align: left;\"><\/li>\n<\/ul>\n<p style=\"text-align: center;\"><strong>&#8211; Promouvoir une communication familiale saine<\/strong> :<\/p>\n<ul>\n<li style=\"text-align: left;\">Encourager le dialogue autour des usages num\u00e9riques.<\/li>\n<li style=\"text-align: left;\">\u00c9tablir des r\u00e8gles claires et coh\u00e9rentes concernant l\u2019utilisation des \u00e9crans.<\/li>\n<li style=\"list-style-type: none;\"><\/li>\n<\/ul>\n<p>&nbsp;<\/p>\n<p style=\"text-align: left;\">Alors ne restez pas isol\u00e9 ! Nous sommes l\u00e0 pour vous aider \u00e0 garder le contr\u00f4le dans l&rsquo;usage des \u00e9crans et des technologies par vos enfants et ados.<\/p>\n<p style=\"text-align: left;\">Contactez nous ou venez participer \u00e0 nos ateliers d&rsquo;information et de pr\u00e9vention.<\/p>\n<h4 style=\"text-align: center;\"><\/h4>\n<p>[\/vc_cta][\/vc_tta_section][vc_tta_section title=\u00a0\u00bbTarifs\u00a0\u00bb tab_id=\u00a0\u00bb1608038383688-b8b403d4-2ae0&Prime;][vc_cta h2=\u00a0\u00bbNos tarifs\u00a0\u00bb txt_align=\u00a0\u00bbcenter\u00a0\u00bb css_animation=\u00a0\u00bblightSpeedIn\u00a0\u00bb]<\/p>\n<p style=\"text-align: center\"><strong>&#8211; En acc\u00e8s libre pour les personnes autonomes :<\/strong><\/p>\n<p style=\"text-align: center\"><em>via une adh\u00e9sion individuelle de 12 \u20ac ou familiale de 18 \u20ac \u00e0 l&rsquo;ann\u00e9e.<\/em><\/p>\n<p>&nbsp;<\/p>\n<p style=\"text-align: center\"><strong>&#8211; Pour un accompagnement sur RDV :<\/strong><\/p>\n<p style=\"text-align: center\"><em>via une adh\u00e9sion individuelle de 12 \u20ac ou familiale de 18 \u20ac \u00e0 l&rsquo;ann\u00e9e.<\/em><\/p>\n<p>&nbsp;<\/p>\n<p style=\"text-align: center\"><strong>&#8211; Pour participer \u00e0 nos ateliers th\u00e9matiques et nos parcours comp\u00e9tences :<\/strong><\/p>\n<p style=\"text-align: center\"><em>via une adh\u00e9sion individuelle de 12 \u20ac ou familiale de 18 \u20ac<\/em><\/p>\n<p style=\"text-align: center\"><em>+ un suppl\u00e9ment de 20 \u20ac \u00e0 l&rsquo;ann\u00e9e<\/em><em>.<\/em><\/p>\n<p>[\/vc_cta][\/vc_tta_section][vc_tta_section title=\u00a0\u00bbVotre \u00e9valuation\u00a0\u00bb tab_id=\u00a0\u00bb1708435472024-0b2f420a-a659&Prime;][vc_cta h2=\u00a0\u00bbL&rsquo; \u00e9valuation de votre accompagnement\u00a0\u00bb txt_align=\u00a0\u00bbcenter\u00a0\u00bb css_animation=\u00a0\u00bblightSpeedIn\u00a0\u00bb]En vue d&rsquo;am\u00e9liorer nos accompagnements et de nous adapter \u00e0 vos besoins, nous souhaitons recueillir les t\u00e9moignages de personnes qui ont \u00e9t\u00e9 accompagn\u00e9es par nos conseillers num\u00e9riques. Pour cela, nous avons cr\u00e9\u00e9 un questionnaire court et anonyme, d&rsquo;une dizaine de minutes.<\/p>\n<p>Merci d&rsquo;avance pour vos r\u00e9ponses ![\/vc_cta][vc_btn title=\u00a0\u00bbQuestionnaire\u00a0\u00bb color=\u00a0\u00bbviolet\u00a0\u00bb align=\u00a0\u00bbcenter\u00a0\u00bb link=\u00a0\u00bburl:https%3A%2F%2Fforms.gle%2F9ofuxtBBycmtCCv1A||target:%20_blank|\u00a0\u00bb][\/vc_tta_section][\/vc_tta_tour][\/vc_column][\/vc_row]<\/p>\n<\/div>","protected":false},"excerpt":{"rendered":"<p>[vc_row][vc_column][vc_custom_heading text=\u00a0\u00bbBienvenue dans l&rsquo;univers du Num\u00e9rique !\u00a0\u00bb font_container=\u00a0\u00bbtag:h2|text_align:center\u00a0\u00bb use_theme_fonts=\u00a0\u00bbyes\u00a0\u00bb css_animation=\u00a0\u00bblightSpeedIn\u00a0\u00bb][vc_empty_space height=\u00a0\u00bb15px\u00a0\u00bb][\/vc_column][\/vc_row][vc_row][vc_column][\/vc_column][\/vc_row][vc_row][vc_column width=\u00a0\u00bb1\/2&Prime;][vc_column_text] Renseignements et inscriptions aux ateliers, contactez nous :<\/p>\n","protected":false},"author":1,"featured_media":0,"parent":0,"menu_order":1,"comment_status":"closed","ping_status":"closed","template":"","meta":{"colormag_page_container_layout":"default_layout","colormag_page_sidebar_layout":"default_layout","footnotes":""},"class_list":["post-2","page","type-page","status-publish","hentry"],"_links":{"self":[{"href":"https:\/\/amaqy.fr\/epn\/wp-json\/wp\/v2\/pages\/2","targetHints":{"allow":["GET"]}}],"collection":[{"href":"https:\/\/amaqy.fr\/epn\/wp-json\/wp\/v2\/pages"}],"about":[{"href":"https:\/\/amaqy.fr\/epn\/wp-json\/wp\/v2\/types\/page"}],"author":[{"embeddable":true,"href":"https:\/\/amaqy.fr\/epn\/wp-json\/wp\/v2\/users\/1"}],"replies":[{"embeddable":true,"href":"https:\/\/amaqy.fr\/epn\/wp-json\/wp\/v2\/comments?post=2"}],"version-history":[{"count":5,"href":"https:\/\/amaqy.fr\/epn\/wp-json\/wp\/v2\/pages\/2\/revisions"}],"predecessor-version":[{"id":728,"href":"https:\/\/amaqy.fr\/epn\/wp-json\/wp\/v2\/pages\/2\/revisions\/728"}],"wp:attachment":[{"href":"https:\/\/amaqy.fr\/epn\/wp-json\/wp\/v2\/media?parent=2"}],"curies":[{"name":"wp","href":"https:\/\/api.w.org\/{rel}","templated":true}]}}