{"id":7,"date":"2013-12-02T13:59:08","date_gmt":"2013-12-02T12:59:08","guid":{"rendered":"http:\/\/amaqy.fr\/Verte\/?page_id=7"},"modified":"2024-11-27T11:52:46","modified_gmt":"2024-11-27T10:52:46","slug":"notre-projet","status":"publish","type":"page","link":"https:\/\/amaqy.fr\/Valleeverte\/accueil\/notre-projet\/","title":{"rendered":"Notre projet"},"content":{"rendered":"<div class=\"wpb-content-wrapper\"><p>[vc_row][vc_column][vc_column_text]<\/p>\n<h3><strong>La vie associative<\/strong><\/h3>\n<p>L\u2019Association de Quartier de la Vall\u00e9e Verte, fond\u00e9e sur les valeurs de l\u2019\u00e9ducation populaire, a prioris\u00e9 le principe de <strong>faire ensemble<\/strong> et la notion de <strong>partage<\/strong>. Elle se veut \u00eatre un <strong>milieu de vie o\u00f9 l\u2019on est quelqu\u2019un avec quelqu\u2019un d\u2019autre<\/strong>\u2026<\/p>\n<p>Sur cette base, les b\u00e9n\u00e9voles de l\u2019association ont \u00e0 c\u0153ur de d\u00e9velopper 3 axes prioritaires\u00a0:<\/p>\n<ul>\n<li><span style=\"color: #ff0000;\"><strong>Les solidarit\u00e9s<\/strong>:<\/span> l\u2019aide alimentaire, les bourses aux v\u00eatements, jouets, mat\u00e9riel de pu\u00e9riculture, livres, outillage&#8230;, le r\u00e9seau d\u2019\u00e9changes collectifs de savoirs,<\/li>\n<li><span style=\"color: #ff0000;\"><strong>L\u2019action \u00e9ducative et pr\u00e9ventive<\/strong>:<\/span> les accueils de loisirs, la ludoth\u00e8que, le club de jeunes et le mini-club, les s\u00e9jours, l\u2019accompagnement \u00e0 la scolarit\u00e9, les rencontres caf\u00e9-parents, \u2026<\/li>\n<li><span style=\"color: #ff0000;\"><strong>L\u2019animation culturelle<\/strong>:<\/span> f\u00eates de quartier\u00a0: Vall\u00e9e Ouverte, La Vall\u00e9e fait son cirque, les sorties adultes, expositions, concerts, &#8230;<\/li>\n<\/ul>\n<p>[\/vc_column_text][\/vc_column][\/vc_row][vc_row 0=\u00a0\u00bb\u00a0\u00bb][vc_column width=\u00a0\u00bb1\/3&Prime;][vc_btn title=\u00a0\u00bbR\u00e9glement int\u00e9rieur AMAQY\u00a0\u00bb color=\u00a0\u00bbprimary\u00a0\u00bb link=\u00a0\u00bburl:https%3A%2F%2Ffr.calameo.com%2Fread%2F006076230506abea99984|title:R%C3%A9glement%20int%C3%A9rieur%20AMAQY||\u00a0\u00bb][\/vc_column][vc_column width=\u00a0\u00bb1\/3&Prime;][vc_single_image image=\u00a0\u00bb3510&Prime; img_size=\u00a0\u00bbmedium\u00a0\u00bb onclick=\u00a0\u00bbcustom_link\u00a0\u00bb link=\u00a0\u00bbhttps:\/\/drive.google.com\/file\/d\/1AuzLZKX4-992GKKhNWedTxPywsNc_m7t\/view?usp=drive_link\u00a0\u00bb][\/vc_column][vc_column width=\u00a0\u00bb1\/3&Prime;][vc_single_image image=\u00a0\u00bb3516&Prime; img_size=\u00a0\u00bbmedium\u00a0\u00bb onclick=\u00a0\u00bbcustom_link\u00a0\u00bb link=\u00a0\u00bbhttps:\/\/drive.google.com\/file\/d\/12dHrGs52fDsDoVQzX-0CR7_gZdD7dRaD\/view?usp=drive_link\u00a0\u00bb][\/vc_column][\/vc_row]<\/p>\n<\/div>","protected":false},"excerpt":{"rendered":"<p>[vc_row][vc_column][vc_column_text] La vie associative L\u2019Association de Quartier de la Vall\u00e9e Verte, fond\u00e9e sur les valeurs de l\u2019\u00e9ducation populaire, a prioris\u00e9<\/p>\n","protected":false},"author":1,"featured_media":0,"parent":3,"menu_order":2,"comment_status":"closed","ping_status":"closed","template":"","meta":{"colormag_page_container_layout":"default_layout","colormag_page_sidebar_layout":"default_layout","footnotes":""},"class_list":["post-7","page","type-page","status-publish","hentry"],"_links":{"self":[{"href":"https:\/\/amaqy.fr\/Valleeverte\/wp-json\/wp\/v2\/pages\/7","targetHints":{"allow":["GET"]}}],"collection":[{"href":"https:\/\/amaqy.fr\/Valleeverte\/wp-json\/wp\/v2\/pages"}],"about":[{"href":"https:\/\/amaqy.fr\/Valleeverte\/wp-json\/wp\/v2\/types\/page"}],"author":[{"embeddable":true,"href":"https:\/\/amaqy.fr\/Valleeverte\/wp-json\/wp\/v2\/users\/1"}],"replies":[{"embeddable":true,"href":"https:\/\/amaqy.fr\/Valleeverte\/wp-json\/wp\/v2\/comments?post=7"}],"version-history":[{"count":5,"href":"https:\/\/amaqy.fr\/Valleeverte\/wp-json\/wp\/v2\/pages\/7\/revisions"}],"predecessor-version":[{"id":3811,"href":"https:\/\/amaqy.fr\/Valleeverte\/wp-json\/wp\/v2\/pages\/7\/revisions\/3811"}],"up":[{"embeddable":true,"href":"https:\/\/amaqy.fr\/Valleeverte\/wp-json\/wp\/v2\/pages\/3"}],"wp:attachment":[{"href":"https:\/\/amaqy.fr\/Valleeverte\/wp-json\/wp\/v2\/media?parent=7"}],"curies":[{"name":"wp","href":"https:\/\/api.w.org\/{rel}","templated":true}]}}