{"id":3760,"date":"2024-11-26T17:05:58","date_gmt":"2024-11-26T16:05:58","guid":{"rendered":"http:\/\/amaqy.fr\/Valleeverte\/?page_id=3760"},"modified":"2025-03-12T12:33:56","modified_gmt":"2025-03-12T11:33:56","slug":"accompagnement-scolaire-enfance","status":"publish","type":"page","link":"https:\/\/amaqy.fr\/Valleeverte\/accueil\/enfance\/accompagnement-scolaire-enfance\/","title":{"rendered":"Accompagnement Scolaire Enfance"},"content":{"rendered":"<div class=\"wpb-content-wrapper\"><p>[vc_row][vc_column][vc_column_text]<\/p>\n<h5><span style=\"color: #008000\">Accompagnement \u00e0 la scolarit\u00e9 pour les enfants des \u00e9coles primaires.<\/span><\/h5>\n<p><span style=\"color: #000000\"><span style=\"color: #339966\">C&rsquo;est quand ?<\/span> Tous les mardis et jeudis de 16h30 \u00e0 18h<\/span><\/p>\n<p><span style=\"color: #339966\">Notre fonctionnement ?<\/span><\/p>\n<p><span style=\"color: #000000\">L&rsquo;activit\u00e9 est gratuite. L&rsquo;\u00e9quipe encadrante (b\u00e9n\u00e9voles et professionnels) accompagne les enfants toute l&rsquo;ann\u00e9e.<\/span><\/p>\n<p><span style=\"color: #000000\">Des rencontres sont pr\u00e9vus avec les familles r\u00e9guli\u00e8rement.<\/span><\/p>\n<p><span style=\"color: #000000\"><span style=\"color: #339966\">Tout au long des s\u00e9ances, les enfants travaillent sur\u00a0 :<\/span> <\/span><\/p>\n<ul>\n<li><span style=\"color: #000000\">L&rsquo;aide m\u00e9thodologique <\/span><\/li>\n<li><span style=\"color: #000000\">L&rsquo;aide au travail scolaire<\/span><\/li>\n<li><span style=\"color: #000000\">L&rsquo;aide dans certaines discipline<\/span><\/li>\n<li><span style=\"color: #000000\">Les ateliers pratiques<\/span><\/li>\n<\/ul>\n<p>[\/vc_column_text][vc_single_image image=\u00a0\u00bb3926&Prime; img_size=\u00a0\u00bbmedium\u00a0\u00bb alignment=\u00a0\u00bbcenter\u00a0\u00bb][\/vc_column][\/vc_row]<\/p>\n<\/div>","protected":false},"excerpt":{"rendered":"<p>[vc_row][vc_column][vc_column_text] Accompagnement \u00e0 la scolarit\u00e9 pour les enfants des \u00e9coles primaires. C&rsquo;est quand ? Tous les mardis et jeudis de<\/p>\n","protected":false},"author":48,"featured_media":0,"parent":9,"menu_order":3,"comment_status":"closed","ping_status":"closed","template":"","meta":{"colormag_page_container_layout":"default_layout","colormag_page_sidebar_layout":"default_layout","footnotes":""},"class_list":["post-3760","page","type-page","status-publish","hentry"],"_links":{"self":[{"href":"https:\/\/amaqy.fr\/Valleeverte\/wp-json\/wp\/v2\/pages\/3760","targetHints":{"allow":["GET"]}}],"collection":[{"href":"https:\/\/amaqy.fr\/Valleeverte\/wp-json\/wp\/v2\/pages"}],"about":[{"href":"https:\/\/amaqy.fr\/Valleeverte\/wp-json\/wp\/v2\/types\/page"}],"author":[{"embeddable":true,"href":"https:\/\/amaqy.fr\/Valleeverte\/wp-json\/wp\/v2\/users\/48"}],"replies":[{"embeddable":true,"href":"https:\/\/amaqy.fr\/Valleeverte\/wp-json\/wp\/v2\/comments?post=3760"}],"version-history":[{"count":3,"href":"https:\/\/amaqy.fr\/Valleeverte\/wp-json\/wp\/v2\/pages\/3760\/revisions"}],"predecessor-version":[{"id":3927,"href":"https:\/\/amaqy.fr\/Valleeverte\/wp-json\/wp\/v2\/pages\/3760\/revisions\/3927"}],"up":[{"embeddable":true,"href":"https:\/\/amaqy.fr\/Valleeverte\/wp-json\/wp\/v2\/pages\/9"}],"wp:attachment":[{"href":"https:\/\/amaqy.fr\/Valleeverte\/wp-json\/wp\/v2\/media?parent=3760"}],"curies":[{"name":"wp","href":"https:\/\/api.w.org\/{rel}","templated":true}]}}