{"id":13,"date":"2013-12-02T14:00:41","date_gmt":"2013-12-02T13:00:41","guid":{"rendered":"http:\/\/amaqy.fr\/Verte\/?page_id=13"},"modified":"2026-04-07T15:46:34","modified_gmt":"2026-04-07T14:46:34","slug":"famille","status":"publish","type":"page","link":"https:\/\/amaqy.fr\/Valleeverte\/accueil\/famille\/","title":{"rendered":"Famille \/ adulte"},"content":{"rendered":"<div class=\"wpb-content-wrapper\"><p>[vc_row][vc_column width=\u00a0\u00bb2\/3&Prime;][vc_column_text]Anim\u00e9s par une \u00e9quipe de professionnels et de b\u00e9n\u00e9voles , l\u2019objectif global des centres sociaux est de rompre l\u2019isolement des habitants d\u2019un territoire, de pr\u00e9venir et de r\u00e9duire les exclusions, de renforcer les solidarit\u00e9s entre les personnes en les \u00ab int\u00e9grant \u00bb dans des projets collectifs, leur permettant d\u2019\u00eatre acteurs et d\u2019assumer un r\u00f4le social au sein d\u2019un collectif ou sur le territoire[\/vc_column_text][vc_btn title=\u00a0\u00bbProgramme avril 2026&Prime; color=\u00a0\u00bbpeacoc\u00a0\u00bb size=\u00a0\u00bblg\u00a0\u00bb align=\u00a0\u00bbcenter\u00a0\u00bb i_icon_fontawesome=\u00a0\u00bb\u00a0\u00bb css=\u00a0\u00bb\u00a0\u00bb add_icon=\u00a0\u00bbtrue\u00a0\u00bb link=\u00a0\u00bburl:https%3A%2F%2Fdrive.google.com%2Ffile%2Fd%2F1tCGdp3-P4zbFGTCYz_6PrQ84FzLu-g2f%2Fview%3Fusp%3Ddrive_link\u00a0\u00bb][\/vc_column][vc_column width=\u00a0\u00bb1\/3&Prime;][vc_single_image image=\u00a0\u00bb3328&Prime; img_size=\u00a0\u00bbfull\u00a0\u00bb add_caption=\u00a0\u00bbyes\u00a0\u00bb alignment=\u00a0\u00bbcenter\u00a0\u00bb][\/vc_column][\/vc_row][vc_row][vc_column][vc_empty_space][vc_column_text]<\/p>\n<h6 style=\"text-align: left\"><span style=\"color: #008000\"><strong>Notre projet Familles 2024-2025 se d\u00e9cline par les objectifs op\u00e9rationnels suivants :<\/strong><\/span><\/h6>\n<p><strong>Accompagner les familles dans leur fonction \u00e9ducative :<\/strong><\/p>\n<ul>\n<li>En renfor\u00e7ant notre r\u00e9seau pour aider les familles les plus en difficult\u00e9s<\/li>\n<li>En permettant une ouverture culturelle en famille<\/li>\n<\/ul>\n<p><strong>Favoriser l\u2019implication des familles :<\/strong><\/p>\n<ul style=\"list-style-type: square\">\n<li>En facilitant les initiatives des familles<\/li>\n<li>En mettant en place des temps de valorisation de l\u2019enfant ou du jeune<\/li>\n<li>En accompagnant les familles \u00e0 s\u2019impliquer b\u00e9n\u00e9volement sur nos actions<\/li>\n<\/ul>\n<p>[\/vc_column_text][vc_empty_space][vc_column_text]<\/p>\n<h6 style=\"text-align: left\"><span style=\"color: #008000\"><strong>Nos activit\u00e9s et actions Familles \/ Adultes :<\/strong><\/span><\/h6>\n<p>[\/vc_column_text][\/vc_column][\/vc_row][vc_row][vc_column width=\u00a0\u00bb1\/4&Prime;][vc_single_image image=\u00a0\u00bb3792&Prime; img_size=\u00a0\u00bbfull\u00a0\u00bb onclick=\u00a0\u00bbcustom_link\u00a0\u00bb css=\u00a0\u00bb\u00a0\u00bb link=\u00a0\u00bbhttps:\/\/drive.google.com\/file\/d\/1Acu_ZQXINKAyLorAKA11ZJnTcQYVK0zN\/view?usp=drive_link\u00a0\u00bb][\/vc_column][vc_column width=\u00a0\u00bb1\/4&Prime;][vc_single_image image=\u00a0\u00bb3794&Prime; img_size=\u00a0\u00bbfull\u00a0\u00bb][\/vc_column][vc_column width=\u00a0\u00bb1\/4&Prime;][vc_single_image image=\u00a0\u00bb3793&Prime; img_size=\u00a0\u00bbfull\u00a0\u00bb onclick=\u00a0\u00bbcustom_link\u00a0\u00bb link=\u00a0\u00bbhttp:\/\/amaqy.fr\/actions-solidaire\/\u00a0\u00bb el_class=\u00a0\u00bbimg-hover-zoom\u00a0\u00bb][\/vc_column][\/vc_row][vc_row][vc_column width=\u00a0\u00bb1\/4&Prime;][vc_single_image image=\u00a0\u00bb3795&Prime; img_size=\u00a0\u00bbfull\u00a0\u00bb][\/vc_column][vc_column width=\u00a0\u00bb1\/4&Prime;][vc_single_image image=\u00a0\u00bb3797&Prime; img_size=\u00a0\u00bbfull\u00a0\u00bb][\/vc_column][\/vc_row]<\/p>\n<\/div>","protected":false},"excerpt":{"rendered":"<p>[vc_row][vc_column width=\u00a0\u00bb2\/3&Prime;][vc_column_text]Anim\u00e9s par une \u00e9quipe de professionnels et de b\u00e9n\u00e9voles , l\u2019objectif global des centres sociaux est de rompre l\u2019isolement<\/p>\n","protected":false},"author":1,"featured_media":0,"parent":3,"menu_order":5,"comment_status":"closed","ping_status":"closed","template":"","meta":{"colormag_page_container_layout":"default_layout","colormag_page_sidebar_layout":"default_layout","footnotes":""},"class_list":["post-13","page","type-page","status-publish","hentry"],"_links":{"self":[{"href":"https:\/\/amaqy.fr\/Valleeverte\/wp-json\/wp\/v2\/pages\/13","targetHints":{"allow":["GET"]}}],"collection":[{"href":"https:\/\/amaqy.fr\/Valleeverte\/wp-json\/wp\/v2\/pages"}],"about":[{"href":"https:\/\/amaqy.fr\/Valleeverte\/wp-json\/wp\/v2\/types\/page"}],"author":[{"embeddable":true,"href":"https:\/\/amaqy.fr\/Valleeverte\/wp-json\/wp\/v2\/users\/1"}],"replies":[{"embeddable":true,"href":"https:\/\/amaqy.fr\/Valleeverte\/wp-json\/wp\/v2\/comments?post=13"}],"version-history":[{"count":5,"href":"https:\/\/amaqy.fr\/Valleeverte\/wp-json\/wp\/v2\/pages\/13\/revisions"}],"predecessor-version":[{"id":4322,"href":"https:\/\/amaqy.fr\/Valleeverte\/wp-json\/wp\/v2\/pages\/13\/revisions\/4322"}],"up":[{"embeddable":true,"href":"https:\/\/amaqy.fr\/Valleeverte\/wp-json\/wp\/v2\/pages\/3"}],"wp:attachment":[{"href":"https:\/\/amaqy.fr\/Valleeverte\/wp-json\/wp\/v2\/media?parent=13"}],"curies":[{"name":"wp","href":"https:\/\/api.w.org\/{rel}","templated":true}]}}