{"id":722,"date":"2016-10-05T10:25:44","date_gmt":"2016-10-05T09:25:44","guid":{"rendered":"http:\/\/amaqy.fr\/Andre\/?page_id=722"},"modified":"2022-11-29T17:39:04","modified_gmt":"2022-11-29T16:39:04","slug":"balade-du-jeudi","status":"publish","type":"page","link":"https:\/\/amaqy.fr\/SaintAndre\/accueil\/adultes\/balade-du-jeudi\/","title":{"rendered":"Balade du Jeudi"},"content":{"rendered":"<div class=\"wpb-content-wrapper\"><p>[vc_row 0=\u00a0\u00bb\u00a0\u00bb][vc_column width=\u00a0\u00bb1\/2&Prime;][vc_custom_heading text=\u00a0\u00bbQu&rsquo;est-ce que c&rsquo;est ?\u00a0\u00bb font_container=\u00a0\u00bbtag:h2|font_size:24|text_align:left|color:%23ffa184&Prime; use_theme_fonts=\u00a0\u00bbyes\u00a0\u00bb css_animation=\u00a0\u00bbflipInY\u00a0\u00bb][vc_column_text]La Balade du Jeudi est une activit\u00e9 organis\u00e9e par une poign\u00e9e de b\u00e9n\u00e9voles qui vous proposent des sorties de marche. Les participants se retrouvent devant la Maison de Quartier avant de se diriger \u00e0 pieds ou en voiture sur le lieu de la balade. Les d\u00e9placements en voiture fonctionnent avec un syst\u00e8me de covoiturage.[\/vc_column_text][vc_custom_heading text=\u00a0\u00bbPour qui ?\u00a0\u00bb font_container=\u00a0\u00bbtag:h2|font_size:24|text_align:left|color:%23ffa184&Prime; use_theme_fonts=\u00a0\u00bbyes\u00a0\u00bb css_animation=\u00a0\u00bbflipInY\u00a0\u00bb][vc_column_text]Pour tous : deux groupes de balades de distances diff\u00e9rentes sont syst\u00e9matiquement propos\u00e9s.<\/p>\n<p>Adh\u00e9sion AMAQY obligatoire. Participation de 7\u20ac \u00e0 l&rsquo;ann\u00e9e lors de l&rsquo;inscription \u00e0 l&rsquo;activit\u00e9.[\/vc_column_text][vc_custom_heading text=\u00a0\u00bbHoraires\u00a0\u00bb font_container=\u00a0\u00bbtag:h2|font_size:24|text_align:left|color:%23ffa184&Prime; use_theme_fonts=\u00a0\u00bbyes\u00a0\u00bb css_animation=\u00a0\u00bbflipInY\u00a0\u00bb][vc_column_text]Un jeudi sur deux \u00e0 partir de 13h15 devant la Maison de Quartier.[\/vc_column_text][\/vc_column][vc_column width=\u00a0\u00bb1\/2&Prime;][vc_empty_space][vc_column_text]<\/p>\n<p style=\"text-align: center\"><span style=\"color: #ffa184\">Calendrier des balades du 4\u00e8me trimestre 2022<\/span><\/p>\n<p>[\/vc_column_text][vc_single_image][\/vc_column][\/vc_row][vc_row 0=\u00a0\u00bb\u00a0\u00bb][vc_column 0=\u00a0\u00bb\u00a0\u00bb][vc_separator color=\u00a0\u00bbpink\u00a0\u00bb style=\u00a0\u00bbdotted\u00a0\u00bb][\/vc_column][\/vc_row]<\/p>\n<\/div>","protected":false},"excerpt":{"rendered":"<p>[vc_row 0=\u00a0\u00bb\u00a0\u00bb][vc_column width=\u00a0\u00bb1\/2&Prime;][vc_custom_heading text=\u00a0\u00bbQu&rsquo;est-ce que c&rsquo;est ?\u00a0\u00bb font_container=\u00a0\u00bbtag:h2|font_size:24|text_align:left|color:%23ffa184&Prime; use_theme_fonts=\u00a0\u00bbyes\u00a0\u00bb css_animation=\u00a0\u00bbflipInY\u00a0\u00bb][vc_column_text]La Balade du Jeudi est une activit\u00e9 organis\u00e9e par une poign\u00e9e<\/p>\n","protected":false},"author":11,"featured_media":0,"parent":2382,"menu_order":0,"comment_status":"closed","ping_status":"closed","template":"","meta":{"colormag_page_container_layout":"default_layout","colormag_page_sidebar_layout":"default_layout","footnotes":""},"class_list":["post-722","page","type-page","status-publish","hentry"],"_links":{"self":[{"href":"https:\/\/amaqy.fr\/SaintAndre\/wp-json\/wp\/v2\/pages\/722","targetHints":{"allow":["GET"]}}],"collection":[{"href":"https:\/\/amaqy.fr\/SaintAndre\/wp-json\/wp\/v2\/pages"}],"about":[{"href":"https:\/\/amaqy.fr\/SaintAndre\/wp-json\/wp\/v2\/types\/page"}],"author":[{"embeddable":true,"href":"https:\/\/amaqy.fr\/SaintAndre\/wp-json\/wp\/v2\/users\/11"}],"replies":[{"embeddable":true,"href":"https:\/\/amaqy.fr\/SaintAndre\/wp-json\/wp\/v2\/comments?post=722"}],"version-history":[{"count":5,"href":"https:\/\/amaqy.fr\/SaintAndre\/wp-json\/wp\/v2\/pages\/722\/revisions"}],"predecessor-version":[{"id":2661,"href":"https:\/\/amaqy.fr\/SaintAndre\/wp-json\/wp\/v2\/pages\/722\/revisions\/2661"}],"up":[{"embeddable":true,"href":"https:\/\/amaqy.fr\/SaintAndre\/wp-json\/wp\/v2\/pages\/2382"}],"wp:attachment":[{"href":"https:\/\/amaqy.fr\/SaintAndre\/wp-json\/wp\/v2\/media?parent=722"}],"curies":[{"name":"wp","href":"https:\/\/api.w.org\/{rel}","templated":true}]}}