{"id":4,"date":"2013-12-02T15:06:32","date_gmt":"2013-12-02T14:06:32","guid":{"rendered":"http:\/\/amaqy.fr\/Andre\/?page_id=4"},"modified":"2026-03-27T12:01:23","modified_gmt":"2026-03-27T11:01:23","slug":"accueil","status":"publish","type":"page","link":"https:\/\/amaqy.fr\/SaintAndre\/","title":{"rendered":""},"content":{"rendered":"<div class=\"wpb-content-wrapper\"><p>[vc_row full_width=\u00a0\u00bbstretch_row_content\u00a0\u00bb][vc_column width=\u00a0\u00bb1\/3&Prime;][vc_column_text]<\/p>\n<h3 style=\"text-align: left\">Accueil :<\/h3>\n<h5><span style=\"color: #ff00ff\">Hors vacances scolaires\u00a0<\/span><\/h5>\n<ul>\n<li>Du mardi au jeudi : 9H-12H \/ 14H-18H<\/li>\n<li>Le vendredi : 9H-12H \/ 14H-17H30<\/li>\n<li>Le samedi : 9H30-12H<\/li>\n<\/ul>\n<h5><span style=\"color: #ff00ff\">Pendant les vacances scolaires<\/span><\/h5>\n<ul>\n<li>Du lundi au vendredi : 9H-12H \/ 14H-17H30<\/li>\n<\/ul>\n<h5><span style=\"color: #ff00ff\">Horaires du P&rsquo;tit Caf\u00a0<\/span><\/h5>\n<ul>\n<li>Mardi, jeudi et vendredi : 12H \/ 14H<\/li>\n<\/ul>\n<p style=\"text-align: center\">Vous y trouverez \u21d3<\/p>\n<ul style=\"text-align: center\">\n<li style=\"text-align: left\">de l&rsquo;information<\/li>\n<li style=\"text-align: left\">des activit\u00e9s enfance\/jeunesse\/famille\/adultes<\/li>\n<li style=\"text-align: left\">des propositions de b\u00e9n\u00e9volat et de volontariat&#8230; et bien d&rsquo;autres activit\u00e9s ouvertes \u00e0 toutes et tous !<\/li>\n<\/ul>\n<p><strong><span style=\"color: #ff00ff\">T\u00e9l\u00e9phone<\/span><\/strong> : 02 51 62 28 99<\/p>\n<p><strong><span style=\"color: #ff00ff\">Mail<\/span><\/strong> : saintandre@amaqy.fr[\/vc_column_text][vc_row_inner][vc_column_inner width=\u00a0\u00bb1\/2&Prime;][vc_single_image image=\u00a0\u00bb3018&Prime; img_size=\u00a0\u00bb50&#215;50&Prime; add_caption=\u00a0\u00bbyes\u00a0\u00bb alignment=\u00a0\u00bbcenter\u00a0\u00bb style=\u00a0\u00bbvc_box_rounded\u00a0\u00bb onclick=\u00a0\u00bbcustom_link\u00a0\u00bb img_link_target=\u00a0\u00bb_blank\u00a0\u00bb css_animation=\u00a0\u00bbbounceIn\u00a0\u00bb link=\u00a0\u00bbhttps:\/\/www.facebook.com\/MaisondeQuartierSaintAndre\u00a0\u00bb][\/vc_column_inner][vc_column_inner width=\u00a0\u00bb1\/2&Prime;][vc_single_image image=\u00a0\u00bb3194&Prime; img_size=\u00a0\u00bb50&#215;50&Prime; add_caption=\u00a0\u00bbyes\u00a0\u00bb alignment=\u00a0\u00bbcenter\u00a0\u00bb style=\u00a0\u00bbvc_box_rounded\u00a0\u00bb onclick=\u00a0\u00bbcustom_link\u00a0\u00bb img_link_target=\u00a0\u00bb_blank\u00a0\u00bb css_animation=\u00a0\u00bbbounceIn\u00a0\u00bb link=\u00a0\u00bbhttps:\/\/www.instagram.com\/amaqy_saintandre\/\u00a0\u00bb][\/vc_column_inner][\/vc_row_inner][\/vc_column][vc_column width=\u00a0\u00bb1\/3&Prime;][vc_btn title=\u00a0\u00bbGuide de rentr\u00e9e 2025-2026&Prime; style=\u00a0\u00bb3d\u00a0\u00bb color=\u00a0\u00bbgreen\u00a0\u00bb align=\u00a0\u00bbcenter\u00a0\u00bb css_animation=\u00a0\u00bbfadeIn\u00a0\u00bb css=\u00a0\u00bb\u00a0\u00bb button_block=\u00a0\u00bbtrue\u00a0\u00bb link=\u00a0\u00bburl:https%3A%2F%2Fwww.calameo.com%2Fread%2F0055972925f4f1bcb6f2d|target:_blank\u00a0\u00bb][vc_btn title=\u00a0\u00bbJournaux de quartier\u00a0\u00bb style=\u00a0\u00bb3d\u00a0\u00bb color=\u00a0\u00bbpurple\u00a0\u00bb align=\u00a0\u00bbcenter\u00a0\u00bb css_animation=\u00a0\u00bbfadeIn\u00a0\u00bb button_block=\u00a0\u00bbtrue\u00a0\u00bb link=\u00a0\u00bburl:http%3A%2F%2Famaqy.fr%2FSaintAndre%2Farchives-des-journaux-de-quartier%2F||target:%20_blank|\u00a0\u00bb][vc_btn title=\u00a0\u00bbAnimations adultes\/familles avril et mai 2026&Prime; style=\u00a0\u00bb3d\u00a0\u00bb color=\u00a0\u00bbdanger\u00a0\u00bb align=\u00a0\u00bbcenter\u00a0\u00bb css=\u00a0\u00bb\u00a0\u00bb button_block=\u00a0\u00bbtrue\u00a0\u00bb link=\u00a0\u00bburl:https%3A%2F%2Fdrive.google.com%2Ffile%2Fd%2F1ZzBbaiFwEdv0qMcmas3ee6tg4AaU9ALA%2Fview%3Fusp%3Dsharing\u00a0\u00bb][vc_single_image image=\u00a0\u00bb3393&Prime; img_size=\u00a0\u00bblarge\u00a0\u00bb css=\u00a0\u00bb\u00a0\u00bb title=\u00a0\u00bbCaf lecture \u00ab\u00a0][\/vc_column][vc_column width=\u00a0\u00bb1\/3\u00a0\u00bb][vc_column_text]<\/p>\n<h1 style=\"text-align: center\">Actualit\u00e9s<\/h1>\n<p>[\/vc_column_text][vc_single_image image=\u00a0\u00bb3394&Prime; img_size=\u00a0\u00bblarge\u00a0\u00bb css=\u00a0\u00bb\u00a0\u00bb title=\u00a0\u00bbBal des Amis musiciens\u00a0\u00bb][\/vc_column][\/vc_row][vc_row][vc_column][\/vc_column][\/vc_row]<\/p>\n<\/div>","protected":false},"excerpt":{"rendered":"<p>[vc_row full_width=\u00a0\u00bbstretch_row_content\u00a0\u00bb][vc_column width=\u00a0\u00bb1\/3&Prime;][vc_column_text] Accueil : Hors vacances scolaires\u00a0 Du mardi au jeudi : 9H-12H \/ 14H-18H Le vendredi : 9H-12H<\/p>\n","protected":false},"author":1,"featured_media":0,"parent":0,"menu_order":0,"comment_status":"closed","ping_status":"closed","template":"","meta":{"colormag_page_container_layout":"default_layout","colormag_page_sidebar_layout":"default_layout","footnotes":""},"class_list":["post-4","page","type-page","status-publish","hentry"],"_links":{"self":[{"href":"https:\/\/amaqy.fr\/SaintAndre\/wp-json\/wp\/v2\/pages\/4","targetHints":{"allow":["GET"]}}],"collection":[{"href":"https:\/\/amaqy.fr\/SaintAndre\/wp-json\/wp\/v2\/pages"}],"about":[{"href":"https:\/\/amaqy.fr\/SaintAndre\/wp-json\/wp\/v2\/types\/page"}],"author":[{"embeddable":true,"href":"https:\/\/amaqy.fr\/SaintAndre\/wp-json\/wp\/v2\/users\/1"}],"replies":[{"embeddable":true,"href":"https:\/\/amaqy.fr\/SaintAndre\/wp-json\/wp\/v2\/comments?post=4"}],"version-history":[{"count":5,"href":"https:\/\/amaqy.fr\/SaintAndre\/wp-json\/wp\/v2\/pages\/4\/revisions"}],"predecessor-version":[{"id":3396,"href":"https:\/\/amaqy.fr\/SaintAndre\/wp-json\/wp\/v2\/pages\/4\/revisions\/3396"}],"wp:attachment":[{"href":"https:\/\/amaqy.fr\/SaintAndre\/wp-json\/wp\/v2\/media?parent=4"}],"curies":[{"name":"wp","href":"https:\/\/api.w.org\/{rel}","templated":true}]}}