{"id":2463,"date":"2021-10-28T08:28:53","date_gmt":"2021-10-28T07:28:53","guid":{"rendered":"http:\/\/amaqy.fr\/SaintAndre\/?page_id=2463"},"modified":"2025-07-21T16:25:01","modified_gmt":"2025-07-21T15:25:01","slug":"associations-adherentes","status":"publish","type":"page","link":"https:\/\/amaqy.fr\/SaintAndre\/activites\/associations-adherentes\/","title":{"rendered":"Associations adh\u00e9rentes"},"content":{"rendered":"<div class=\"wpb-content-wrapper\"><p>[vc_row 0=\u00a0\u00bb\u00a0\u00bb][vc_column width=\u00a0\u00bb1\/3&Prime;][vc_single_image image=\u00a0\u00bb2491&Prime; img_size=\u00a0\u00bb150*160&Prime; alignment=\u00a0\u00bbcenter\u00a0\u00bb onclick=\u00a0\u00bbcustom_link\u00a0\u00bb link=\u00a0\u00bbhttp:\/\/ainsidanse85.fr\/\u00a0\u00bb][vc_single_image image=\u00a0\u00bb2655&Prime; alignment=\u00a0\u00bbcenter\u00a0\u00bb][vc_single_image image=\u00a0\u00bb2654&Prime; alignment=\u00a0\u00bbcenter\u00a0\u00bb][\/vc_column][vc_column width=\u00a0\u00bb1\/3&Prime;][vc_column_text 0=\u00a0\u00bb\u00a0\u00bb]<\/p>\n<p style=\"text-align: center\"><strong>Danses rock et swing<br \/>\n<\/strong><\/p>\n<p style=\"text-align: center\">Mardi : 19h &#8211; 20h West Coast<\/p>\n<p style=\"text-align: center\">20h-21h Rock<\/p>\n<p style=\"text-align: center\">21h-22h Rock Boogie<\/p>\n<p>[\/vc_column_text][vc_column_text 0=\u00a0\u00bb\u00a0\u00bb]&nbsp;<\/p>\n<p>&nbsp;<\/p>\n<p>&nbsp;<\/p>\n<p style=\"text-align: center\"><strong>Distribution des r\u00e9coltes<\/strong><\/p>\n<p style=\"text-align: center\">Vendredi : 18h30-20h<\/p>\n<p>[\/vc_column_text][\/vc_column][vc_column width=\u00a0\u00bb1\/3&Prime;][vc_empty_space 0=\u00a0\u00bb\u00a0\u00bb][vc_column_text 0=\u00a0\u00bb\u00a0\u00bb]<\/p>\n<p style=\"text-align: center\">06 11 93 51 51<\/p>\n<p style=\"text-align: center\">ainsidanse85@gmail.com<\/p>\n<p>[\/vc_column_text][vc_column_text 0=\u00a0\u00bb\u00a0\u00bb]&nbsp;<\/p>\n<p>&nbsp;<\/p>\n<p>&nbsp;<\/p>\n<p>&nbsp;<\/p>\n<p style=\"text-align: center\">06 67 41 36 47<\/p>\n<p style=\"text-align: center\">contact@amapyon.info<\/p>\n<p>[\/vc_column_text][\/vc_column][\/vc_row][vc_row 0=\u00a0\u00bb\u00a0\u00bb][vc_column width=\u00a0\u00bb1\/3&Prime;][vc_single_image image=\u00a0\u00bb2485&Prime; img_size=\u00a0\u00bb150*150&Prime; alignment=\u00a0\u00bbcenter\u00a0\u00bb onclick=\u00a0\u00bbcustom_link\u00a0\u00bb link=\u00a0\u00bbhttps:\/\/www.arcenciel-gv.fr\/\u00a0\u00bb][\/vc_column][vc_column width=\u00a0\u00bb1\/3&Prime;][vc_empty_space 0=\u00a0\u00bb\u00a0\u00bb][vc_column_text 0=\u00a0\u00bb\u00a0\u00bb]<\/p>\n<p style=\"text-align: center\"><strong>Gymnastique volontaire<br \/>\n<\/strong><\/p>\n<p style=\"text-align: center\">Mardi : 9h15 &#8211; 10h15<\/p>\n<p style=\"text-align: center\">et 10h30 &#8211; 11h30<\/p>\n<p>[\/vc_column_text][\/vc_column][vc_column width=\u00a0\u00bb1\/3&Prime;][vc_empty_space height=\u00a0\u00bb50px\u00a0\u00bb][vc_column_text 0=\u00a0\u00bb\u00a0\u00bb]<\/p>\n<p style=\"text-align: center\">07 66 37 13 09<\/p>\n<p style=\"text-align: center\">arcenciel.gv@gmail.com<\/p>\n<p>[\/vc_column_text][\/vc_column][\/vc_row][vc_row 0=\u00a0\u00bb\u00a0\u00bb][vc_column width=\u00a0\u00bb1\/3&Prime;][vc_empty_space height=\u00a0\u00bb55px\u00a0\u00bb][\/vc_column][vc_column width=\u00a0\u00bb1\/3&Prime;][vc_empty_space height=\u00a0\u00bb65px\u00a0\u00bb][\/vc_column][\/vc_row][vc_row 0=\u00a0\u00bb\u00a0\u00bb][vc_column width=\u00a0\u00bb1\/3&Prime;][vc_single_image image=\u00a0\u00bb2488&Prime; img_size=\u00a0\u00bb200*50&Prime; alignment=\u00a0\u00bbcenter\u00a0\u00bb onclick=\u00a0\u00bbcustom_link\u00a0\u00bb link=\u00a0\u00bbhttps:\/\/www.lacimade.org\/\u00a0\u00bb][\/vc_column][vc_column width=\u00a0\u00bb1\/3&Prime;][vc_column_text 0=\u00a0\u00bb\u00a0\u00bb]<\/p>\n<p style=\"text-align: center\"><strong>Accueil de r\u00e9fugi\u00e9s en attente de cours de fran\u00e7ais<br \/>\n<\/strong><\/p>\n<p style=\"text-align: center\">Jeudi : 9h30 &#8211; 11h30<\/p>\n<p>[\/vc_column_text][\/vc_column][vc_column width=\u00a0\u00bb1\/3&Prime;][vc_empty_space height=\u00a0\u00bb24px\u00a0\u00bb][vc_column_text 0=\u00a0\u00bb\u00a0\u00bb]<\/p>\n<p style=\"text-align: center\">vendee@lacimade.org<\/p>\n<p>[\/vc_column_text][\/vc_column][\/vc_row][vc_row 0=\u00a0\u00bb\u00a0\u00bb][vc_column width=\u00a0\u00bb1\/3&Prime;][vc_single_image image=\u00a0\u00bb2495&Prime; img_size=\u00a0\u00bb260*150&Prime; alignment=\u00a0\u00bbcenter\u00a0\u00bb onclick=\u00a0\u00bbcustom_link\u00a0\u00bb link=\u00a0\u00bbhttps:\/\/www.danse-saint-andre.fr\/\u00a0\u00bb][\/vc_column][vc_column width=\u00a0\u00bb1\/3&Prime;][vc_column_text 0=\u00a0\u00bb\u00a0\u00bb]<\/p>\n<p style=\"text-align: center\"><strong>Danse de salon<br \/>\n<\/strong><\/p>\n<p style=\"text-align: center\">Mercredi : 19h &#8211; 20h D\u00e9butants<\/p>\n<p style=\"text-align: center\">20h-21h Interm\u00e9diaires<\/p>\n<p>[\/vc_column_text][\/vc_column][vc_column width=\u00a0\u00bb1\/3&Prime;][vc_empty_space height=\u00a0\u00bb20px\u00a0\u00bb][vc_column_text 0=\u00a0\u00bb\u00a0\u00bb]<\/p>\n<p style=\"text-align: center\">06 87 95 84 73<\/p>\n<p style=\"text-align: center\">dansesaintandre85@gmail.com<\/p>\n<p>[\/vc_column_text][\/vc_column][\/vc_row][vc_row 0=\u00a0\u00bb\u00a0\u00bb][vc_column width=\u00a0\u00bb1\/3&Prime;][vc_single_image image=\u00a0\u00bb2486&Prime; img_size=\u00a0\u00bb200*200&Prime; onclick=\u00a0\u00bbcustom_link\u00a0\u00bb link=\u00a0\u00bbhttps:\/\/www.energieetharmonie85.fr\/\u00a0\u00bb][vc_single_image image=\u00a0\u00bb2742&Prime; alignment=\u00a0\u00bbcenter\u00a0\u00bb][\/vc_column][vc_column width=\u00a0\u00bb1\/3&Prime;][vc_column_text 0=\u00a0\u00bb\u00a0\u00bb]<\/p>\n<p style=\"text-align: center\"><strong>Qi Gong<\/strong><\/p>\n<p style=\"text-align: center\">Lundi : 10h &#8211; 11h30<\/p>\n<p>[\/vc_column_text][vc_column_text 0=\u00a0\u00bb\u00a0\u00bb]&nbsp;<\/p>\n<p style=\"text-align: center\"><strong>Fibromyalgie<\/strong><\/p>\n<p style=\"text-align: center\">1er lundi du mois<\/p>\n<p style=\"text-align: center\">de 10 h \u00e0 12h<\/p>\n<p>[\/vc_column_text][\/vc_column][vc_column width=\u00a0\u00bb1\/3&Prime;][vc_column_text 0=\u00a0\u00bb\u00a0\u00bb]<\/p>\n<p style=\"text-align: center\">02 51 40 98 33<\/p>\n<p style=\"text-align: center\">fy.bouberg@gmail.com<\/p>\n<p>[\/vc_column_text][vc_column_text 0=\u00a0\u00bb\u00a0\u00bb]&nbsp;<\/p>\n<p style=\"text-align: center\">\u00a006 32 70 62 89<\/p>\n<p style=\"text-align: center\">fibrovendee85@sfr.fr<\/p>\n<p>[\/vc_column_text][\/vc_column][\/vc_row][vc_row 0=\u00a0\u00bb\u00a0\u00bb][vc_column width=\u00a0\u00bb1\/3&Prime;][vc_single_image image=\u00a0\u00bb2500&Prime; img_size=\u00a0\u00bb200*200&Prime; alignment=\u00a0\u00bbcenter\u00a0\u00bb onclick=\u00a0\u00bbcustom_link\u00a0\u00bb link=\u00a0\u00bbhttps:\/\/www.facebook.com\/fillove.asso\u00a0\u00bb][vc_single_image image=\u00a0\u00bb2652&Prime; alignment=\u00a0\u00bbcenter\u00a0\u00bb][vc_separator 0=\u00a0\u00bb\u00a0\u00bb][\/vc_column][vc_column width=\u00a0\u00bb1\/3&Prime;][vc_empty_space height=\u00a0\u00bb20px\u00a0\u00bb][vc_column_text 0=\u00a0\u00bb\u00a0\u00bb]<\/p>\n<p style=\"text-align: center\"><strong>Tricot \/ Crochet<br \/>\n<\/strong><\/p>\n<p style=\"text-align: center\">Samedi (une fois par mois) :\u00a0\u00a0 10h &#8211; 12h<\/p>\n<p style=\"text-align: center\"><strong>Couture<\/strong><\/p>\n<p style=\"text-align: center\">Mercredi (une fois par mois) : 14h30 &#8211; 17h30<\/p>\n<p>[\/vc_column_text][vc_column_text 0=\u00a0\u00bb\u00a0\u00bb]<\/p>\n<p style=\"text-align: center\"><strong>Sophrologie<\/strong> (1er Jeudi\/mois)<\/p>\n<p style=\"text-align: center\">9h30-11h<\/p>\n<p style=\"text-align: center\"><strong>Gym adapt\u00e9<\/strong> (tous les jeudis)<\/p>\n<p style=\"text-align: center\">11h &#8211; 12h<\/p>\n<p>[\/vc_column_text][\/vc_column][vc_column width=\u00a0\u00bb1\/3&Prime;][vc_empty_space height=\u00a0\u00bb75px\u00a0\u00bb][vc_column_text 0=\u00a0\u00bb\u00a0\u00bb]<\/p>\n<p style=\"text-align: center\">06 38 61 10 05<\/p>\n<p style=\"text-align: center\">assofillove@gmail.com<\/p>\n<p>[\/vc_column_text][vc_column_text 0=\u00a0\u00bb\u00a0\u00bb]&nbsp;<\/p>\n<p>&nbsp;<\/p>\n<p>&nbsp;<\/p>\n<p style=\"text-align: center\">06 71 73 55 79<\/p>\n<p style=\"text-align: center\">comite85@franceparkinson.fr<\/p>\n<p>[\/vc_column_text][\/vc_column][\/vc_row][vc_row 0=\u00a0\u00bb\u00a0\u00bb][vc_column width=\u00a0\u00bb1\/3&Prime;][vc_empty_space height=\u00a0\u00bb10px\u00a0\u00bb][\/vc_column][\/vc_row][vc_row 0=\u00a0\u00bb\u00a0\u00bb][vc_column width=\u00a0\u00bb1\/3&Prime;][vc_empty_space height=\u00a0\u00bb15px\u00a0\u00bb][\/vc_column][\/vc_row][vc_row 0=\u00a0\u00bb\u00a0\u00bb][vc_column width=\u00a0\u00bb1\/3&Prime;][vc_single_image image=\u00a0\u00bb2506&Prime; img_size=\u00a0\u00bb200*200&Prime; alignment=\u00a0\u00bbcenter\u00a0\u00bb onclick=\u00a0\u00bbcustom_link\u00a0\u00bb link=\u00a0\u00bbhttps:\/\/www.facebook.com\/La.LYRE.85&Prime;][\/vc_column][vc_column width=\u00a0\u00bb1\/3&Prime;][vc_empty_space height=\u00a0\u00bb15px\u00a0\u00bb][vc_empty_space height=\u00a0\u00bb40px\u00a0\u00bb][vc_column_text 0=\u00a0\u00bb\u00a0\u00bb]<\/p>\n<p style=\"text-align: center\"><strong>Jeux de r\u00f4les<br \/>\n<\/strong><\/p>\n<p style=\"text-align: center\">Vendredi : 20h30 &#8211; 1h<\/p>\n<p>[\/vc_column_text][\/vc_column][vc_column width=\u00a0\u00bb1\/3&Prime;][vc_empty_space height=\u00a0\u00bb55px\u00a0\u00bb][vc_column_text 0=\u00a0\u00bb\u00a0\u00bb]<\/p>\n<p style=\"text-align: center\">06 74 02 74 59<\/p>\n<p style=\"text-align: center\">la-lyre@hotmail.fr<\/p>\n<p>[\/vc_column_text][\/vc_column][\/vc_row][vc_row 0=\u00a0\u00bb\u00a0\u00bb][vc_column width=\u00a0\u00bb1\/3&Prime;][vc_row_inner 0=\u00a0\u00bb\u00a0\u00bb][vc_column_inner 0=\u00a0\u00bb\u00a0\u00bb][\/vc_column_inner][\/vc_row_inner][\/vc_column][vc_column width=\u00a0\u00bb1\/3&Prime;][vc_empty_space 0=\u00a0\u00bb\u00a0\u00bb][\/vc_column][vc_column width=\u00a0\u00bb1\/3&Prime;][vc_empty_space 0=\u00a0\u00bb\u00a0\u00bb][\/vc_column][\/vc_row]<\/p>\n<\/div>","protected":false},"excerpt":{"rendered":"<p>[vc_row 0=\u00a0\u00bb\u00a0\u00bb][vc_column width=\u00a0\u00bb1\/3&Prime;][vc_single_image image=\u00a0\u00bb2491&Prime; img_size=\u00a0\u00bb150*160&Prime; alignment=\u00a0\u00bbcenter\u00a0\u00bb onclick=\u00a0\u00bbcustom_link\u00a0\u00bb link=\u00a0\u00bbhttp:\/\/ainsidanse85.fr\/\u00a0\u00bb][vc_single_image image=\u00a0\u00bb2655&Prime; alignment=\u00a0\u00bbcenter\u00a0\u00bb][vc_single_image image=\u00a0\u00bb2654&Prime; alignment=\u00a0\u00bbcenter\u00a0\u00bb][\/vc_column][vc_column width=\u00a0\u00bb1\/3&Prime;][vc_column_text 0=\u00a0\u00bb\u00a0\u00bb] Danses rock et swing Mardi :<\/p>\n","protected":false},"author":1,"featured_media":0,"parent":2462,"menu_order":0,"comment_status":"closed","ping_status":"closed","template":"","meta":{"colormag_page_container_layout":"default_layout","colormag_page_sidebar_layout":"default_layout","footnotes":""},"class_list":["post-2463","page","type-page","status-publish","hentry"],"_links":{"self":[{"href":"https:\/\/amaqy.fr\/SaintAndre\/wp-json\/wp\/v2\/pages\/2463","targetHints":{"allow":["GET"]}}],"collection":[{"href":"https:\/\/amaqy.fr\/SaintAndre\/wp-json\/wp\/v2\/pages"}],"about":[{"href":"https:\/\/amaqy.fr\/SaintAndre\/wp-json\/wp\/v2\/types\/page"}],"author":[{"embeddable":true,"href":"https:\/\/amaqy.fr\/SaintAndre\/wp-json\/wp\/v2\/users\/1"}],"replies":[{"embeddable":true,"href":"https:\/\/amaqy.fr\/SaintAndre\/wp-json\/wp\/v2\/comments?post=2463"}],"version-history":[{"count":5,"href":"https:\/\/amaqy.fr\/SaintAndre\/wp-json\/wp\/v2\/pages\/2463\/revisions"}],"predecessor-version":[{"id":3255,"href":"https:\/\/amaqy.fr\/SaintAndre\/wp-json\/wp\/v2\/pages\/2463\/revisions\/3255"}],"up":[{"embeddable":true,"href":"https:\/\/amaqy.fr\/SaintAndre\/wp-json\/wp\/v2\/pages\/2462"}],"wp:attachment":[{"href":"https:\/\/amaqy.fr\/SaintAndre\/wp-json\/wp\/v2\/media?parent=2463"}],"curies":[{"name":"wp","href":"https:\/\/api.w.org\/{rel}","templated":true}]}}