{"id":2081,"date":"2020-04-16T13:36:11","date_gmt":"2020-04-16T12:36:11","guid":{"rendered":"http:\/\/amaqy.fr\/SaintAndre\/?page_id=2081"},"modified":"2024-10-09T15:18:36","modified_gmt":"2024-10-09T14:18:36","slug":"atelier-broderie","status":"publish","type":"page","link":"https:\/\/amaqy.fr\/SaintAndre\/accueil\/adultes\/atelier-broderie\/","title":{"rendered":"Atelier Broderie"},"content":{"rendered":"<div class=\"wpb-content-wrapper\"><p>[vc_row][vc_column width=\u00a0\u00bb1\/2&Prime;][vc_custom_heading text=\u00a0\u00bbQu&rsquo;est-ce que c&rsquo;est ?\u00a0\u00bb font_container=\u00a0\u00bbtag:h2|font_size:24|text_align:left|color:%23f9b411&Prime; use_theme_fonts=\u00a0\u00bbyes\u00a0\u00bb css_animation=\u00a0\u00bbflipInY\u00a0\u00bb][vc_column_text]<span style=\"color: #000000\">Un moment de d\u00e9tente autour d\u2019une passion et de la cr\u00e9ativit\u00e9.<\/span>[\/vc_column_text][vc_custom_heading text=\u00a0\u00bbPour qui ?\u00a0\u00bb font_container=\u00a0\u00bbtag:h2|font_size:24|text_align:left|color:%23f9b411&Prime; use_theme_fonts=\u00a0\u00bbyes\u00a0\u00bb css_animation=\u00a0\u00bbflipInY\u00a0\u00bb][vc_column_text]<span style=\"color: #000000\">Pour tou(te)s les passionn\u00e9(e)s !<\/span><\/p>\n<p><span style=\"color: #000000\">Une fois par mois, une intervenante b\u00e9n\u00e9vole anime un stage \u00e0 la journ\u00e9e.<\/span><\/p>\n<p>Adh\u00e9sion AMAQY obligatoire.[\/vc_column_text][vc_custom_heading text=\u00a0\u00bbHoraires\u00a0\u00bb font_container=\u00a0\u00bbtag:h2|font_size:24|text_align:left|color:%23f9b411&Prime; use_theme_fonts=\u00a0\u00bbyes\u00a0\u00bb css_animation=\u00a0\u00bbflipInY\u00a0\u00bb][vc_column_text]<span style=\"color: #000000\">Le jeudi de 14h \u00e0 17h<\/span><br \/>\n<span style=\"color: #000000\">(hors vacances scolaires)<\/span><\/p>\n<p><span style=\"color: #000000\">Stage \u00e0 la journ\u00e9e une fois par mois (10h-17h)<\/span><\/p>\n<p><em>Reprise le 5 septembre 2024<\/em>[\/vc_column_text][\/vc_column][vc_column width=\u00a0\u00bb1\/2&Prime;][vc_empty_space height=\u00a0\u00bb96px\u00a0\u00bb][vc_single_image image=\u00a0\u00bb2057&Prime; img_size=\u00a0\u00bbmedium\u00a0\u00bb alignment=\u00a0\u00bbcenter\u00a0\u00bb style=\u00a0\u00bbvc_box_border_circle\u00a0\u00bb border_color=\u00a0\u00bborange\u00a0\u00bb][\/vc_column][\/vc_row]<\/p>\n<\/div>","protected":false},"excerpt":{"rendered":"<p>[vc_row][vc_column width=\u00a0\u00bb1\/2&Prime;][vc_custom_heading text=\u00a0\u00bbQu&rsquo;est-ce que c&rsquo;est ?\u00a0\u00bb font_container=\u00a0\u00bbtag:h2|font_size:24|text_align:left|color:%23f9b411&Prime; use_theme_fonts=\u00a0\u00bbyes\u00a0\u00bb css_animation=\u00a0\u00bbflipInY\u00a0\u00bb][vc_column_text]Un moment de d\u00e9tente autour d\u2019une passion et de la cr\u00e9ativit\u00e9.[\/vc_column_text][vc_custom_heading text=\u00a0\u00bbPour<\/p>\n","protected":false},"author":11,"featured_media":0,"parent":2382,"menu_order":0,"comment_status":"closed","ping_status":"closed","template":"","meta":{"colormag_page_container_layout":"default_layout","colormag_page_sidebar_layout":"default_layout","footnotes":""},"class_list":["post-2081","page","type-page","status-publish","hentry"],"_links":{"self":[{"href":"https:\/\/amaqy.fr\/SaintAndre\/wp-json\/wp\/v2\/pages\/2081","targetHints":{"allow":["GET"]}}],"collection":[{"href":"https:\/\/amaqy.fr\/SaintAndre\/wp-json\/wp\/v2\/pages"}],"about":[{"href":"https:\/\/amaqy.fr\/SaintAndre\/wp-json\/wp\/v2\/types\/page"}],"author":[{"embeddable":true,"href":"https:\/\/amaqy.fr\/SaintAndre\/wp-json\/wp\/v2\/users\/11"}],"replies":[{"embeddable":true,"href":"https:\/\/amaqy.fr\/SaintAndre\/wp-json\/wp\/v2\/comments?post=2081"}],"version-history":[{"count":5,"href":"https:\/\/amaqy.fr\/SaintAndre\/wp-json\/wp\/v2\/pages\/2081\/revisions"}],"predecessor-version":[{"id":3116,"href":"https:\/\/amaqy.fr\/SaintAndre\/wp-json\/wp\/v2\/pages\/2081\/revisions\/3116"}],"up":[{"embeddable":true,"href":"https:\/\/amaqy.fr\/SaintAndre\/wp-json\/wp\/v2\/pages\/2382"}],"wp:attachment":[{"href":"https:\/\/amaqy.fr\/SaintAndre\/wp-json\/wp\/v2\/media?parent=2081"}],"curies":[{"name":"wp","href":"https:\/\/api.w.org\/{rel}","templated":true}]}}