{"id":1241,"date":"2018-07-02T10:46:44","date_gmt":"2018-07-02T09:46:44","guid":{"rendered":"http:\/\/amaqy.fr\/SaintAndre\/?page_id=1241"},"modified":"2021-12-28T17:48:48","modified_gmt":"2021-12-28T16:48:48","slug":"les-promeneurs-du-ptit-bois","status":"publish","type":"page","link":"https:\/\/amaqy.fr\/SaintAndre\/accueil\/famille\/les-promeneurs-du-ptit-bois\/","title":{"rendered":"Les promeneurs du P&rsquo;tit Bois"},"content":{"rendered":"<div class=\"wpb-content-wrapper\"><p>[vc_row][vc_column width=\u00a0\u00bb1\/2&Prime;][vc_custom_heading text=\u00a0\u00bbQu&rsquo;est-ce que c&rsquo;est ?\u00a0\u00bb font_container=\u00a0\u00bbtag:h2|font_size:32|text_align:left|color:%23583866&Prime; use_theme_fonts=\u00a0\u00bbyes\u00a0\u00bb css_animation=\u00a0\u00bbflipInY\u00a0\u00bb][vc_column_text 0=\u00a0\u00bb\u00a0\u00bb]Marches familiales autour du quartier organis\u00e9es dans le cadre du Caf\u00e9 du P&rsquo;tit Bois. Un go\u00fbter est offert au retour.[\/vc_column_text][vc_custom_heading text=\u00a0\u00bbPour qui ?\u00a0\u00bb font_container=\u00a0\u00bbtag:h2|font_size:32|text_align:left|color:%23583866&Prime; use_theme_fonts=\u00a0\u00bbyes\u00a0\u00bb css_animation=\u00a0\u00bbflipInY\u00a0\u00bb][vc_column_text 0=\u00a0\u00bb\u00a0\u00bb]Pour tous : des marcheurs confirm\u00e9s (environ 10km) aux familles avec enfants (environ 5km).<\/p>\n<p>Adh\u00e9sion AMAQY obligatoire. Participation de 1\u20ac par adulte (gratuit pour les enfants).[\/vc_column_text][vc_custom_heading text=\u00a0\u00bbHoraires\u00a0\u00bb font_container=\u00a0\u00bbtag:h2|font_size:32|text_align:left|color:%23583866&Prime; use_theme_fonts=\u00a0\u00bbyes\u00a0\u00bb css_animation=\u00a0\u00bbflipInY\u00a0\u00bb][vc_column_text 0=\u00a0\u00bb\u00a0\u00bb]Les 1er et 3e dimanches de chaque mois \u00e0 14h.[\/vc_column_text][\/vc_column][vc_column width=\u00a0\u00bb1\/2&Prime;][vc_column_text 0=\u00a0\u00bb\u00a0\u00bb]<\/p>\n<h6 style=\"text-align: center\">Planning 2021-2022<\/h6>\n<p>[\/vc_column_text][vc_column_text 0=\u00a0\u00bb\u00a0\u00bb]<\/p>\n<p style=\"text-align: center\">Modifications des dates de janvier : promenades les dimanches <span style=\"color: #ff0000\">9 et 23 janvier<\/span><\/p>\n<p>[\/vc_column_text][vc_single_image image=\u00a0\u00bb2364&Prime; img_size=\u00a0\u00bblarge\u00a0\u00bb][\/vc_column][\/vc_row]<\/p>\n<\/div>","protected":false},"excerpt":{"rendered":"<p>[vc_row][vc_column width=\u00a0\u00bb1\/2&Prime;][vc_custom_heading text=\u00a0\u00bbQu&rsquo;est-ce que c&rsquo;est ?\u00a0\u00bb font_container=\u00a0\u00bbtag:h2|font_size:32|text_align:left|color:%23583866&Prime; use_theme_fonts=\u00a0\u00bbyes\u00a0\u00bb css_animation=\u00a0\u00bbflipInY\u00a0\u00bb][vc_column_text 0=\u00a0\u00bb\u00a0\u00bb]Marches familiales autour du quartier organis\u00e9es dans le cadre du Caf\u00e9<\/p>\n","protected":false},"author":11,"featured_media":0,"parent":16,"menu_order":0,"comment_status":"closed","ping_status":"closed","template":"","meta":{"colormag_page_container_layout":"default_layout","colormag_page_sidebar_layout":"default_layout","footnotes":""},"class_list":["post-1241","page","type-page","status-publish","hentry"],"_links":{"self":[{"href":"https:\/\/amaqy.fr\/SaintAndre\/wp-json\/wp\/v2\/pages\/1241","targetHints":{"allow":["GET"]}}],"collection":[{"href":"https:\/\/amaqy.fr\/SaintAndre\/wp-json\/wp\/v2\/pages"}],"about":[{"href":"https:\/\/amaqy.fr\/SaintAndre\/wp-json\/wp\/v2\/types\/page"}],"author":[{"embeddable":true,"href":"https:\/\/amaqy.fr\/SaintAndre\/wp-json\/wp\/v2\/users\/11"}],"replies":[{"embeddable":true,"href":"https:\/\/amaqy.fr\/SaintAndre\/wp-json\/wp\/v2\/comments?post=1241"}],"version-history":[{"count":5,"href":"https:\/\/amaqy.fr\/SaintAndre\/wp-json\/wp\/v2\/pages\/1241\/revisions"}],"predecessor-version":[{"id":2552,"href":"https:\/\/amaqy.fr\/SaintAndre\/wp-json\/wp\/v2\/pages\/1241\/revisions\/2552"}],"up":[{"embeddable":true,"href":"https:\/\/amaqy.fr\/SaintAndre\/wp-json\/wp\/v2\/pages\/16"}],"wp:attachment":[{"href":"https:\/\/amaqy.fr\/SaintAndre\/wp-json\/wp\/v2\/media?parent=1241"}],"curies":[{"name":"wp","href":"https:\/\/api.w.org\/{rel}","templated":true}]}}