{"id":10,"date":"2013-12-02T15:07:32","date_gmt":"2013-12-02T14:07:32","guid":{"rendered":"http:\/\/amaqy.fr\/Andre\/?page_id=10"},"modified":"2023-01-17T15:05:15","modified_gmt":"2023-01-17T14:05:15","slug":"notre-projet","status":"publish","type":"page","link":"https:\/\/amaqy.fr\/SaintAndre\/accueil\/notre-projet\/","title":{"rendered":"Notre projet"},"content":{"rendered":"<div class=\"wpb-content-wrapper\"><p>[vc_row 0=\u00a0\u00bb\u00a0\u00bb][vc_column 0=\u00a0\u00bb\u00a0\u00bb][vc_empty_space 0=\u00a0\u00bb\u00a0\u00bb][vc_column_text 0=\u00a0\u00bb\u00a0\u00bb]<\/p>\n<p style=\"text-align: justify\"><span style=\"color: #000000\"><span style=\"color: #008000\">Notre projet<\/span> permet l&rsquo;accessibilit\u00e9 pour tous, en coh\u00e9rence avec les droits et devoirs, les valeurs r\u00e9publicaines et associatives. Il doit aussi permettre \u00e0 chacun de d\u00e9couvrir la culture de l&rsquo;autre. <\/span><\/p>\n<p style=\"text-align: justify\"><span style=\"color: #000000\">Dans le cadre du <span style=\"color: #008000\">projet Enfance Jeunesse de Territoire <\/span>que nous portons depuis 2010 avec les associations de quartiers de Forges et du Val d&rsquo;Ornay, nous avons travaill\u00e9 nos valeurs partag\u00e9es autour de deux notions transversales :<br \/>\n<strong>l&rsquo;inter-g\u00e9n\u00e9ration et l&rsquo;interculturel. <\/strong><\/span><\/p>\n<p style=\"text-align: justify\"><span style=\"color: #000000\">Le<span style=\"color: #008000\"> projet famille<\/span> prend une dimension globale dans l&rsquo;ensemble de nos activit\u00e9s et de nos animations. Nous diversifions les propositions en d\u00e9veloppant le travail en r\u00e9seau (partenaires sociaux et culturels) pour soutenir les famille dans l\u2019exercice de leur parentalit\u00e9 et pour leur permettre de vivre des relations parents\/enfants et parents\/jeunes dans les loisirs.<br \/>\n<\/span><br \/>\n<span style=\"color: #000000\">Ce <span style=\"color: #008000\">projet global<\/span> se d\u00e9veloppe principalement au sein des commission \u00ab\u00a0animations\/activit\u00e9s\/familles\u00a0\u00bb, \u00ab\u00a0enfance\u00a0\u00bb et \u00ab\u00a0jeunesse\u00a0\u00bb.<\/span><\/p>\n<p>[\/vc_column_text][vc_empty_space 0=\u00a0\u00bb\u00a0\u00bb][vc_column_text 0=\u00a0\u00bb\u00a0\u00bb]<\/p>\n<h4 style=\"text-align: justify\"><span style=\"color: #000000\">Le projet de quartier s&rsquo;appuie sur plusieurs valeurs :<\/span><br \/>\n<strong><span style=\"color: #ff9900\">La solidarit\u00e9<\/span>, <span style=\"color: #008000\">la citoyennet\u00e9<\/span>,<span style=\"color: #3366ff\"> la tol\u00e9rance et la la\u00efcit\u00e9.<\/span><\/strong><\/h4>\n<p>[\/vc_column_text][vc_column_text 0=\u00a0\u00bb\u00a0\u00bb]<\/p>\n<h4 style=\"text-align: center\"><span style=\"color: #ff9900\"><strong>Encourager la solidarit\u00e9\u00a0<\/strong><\/span><\/h4>\n<p><span style=\"color: #000000\"> En favorisant la rencontre entre les g\u00e9n\u00e9rations, en permettant \u00e0 chacun d&rsquo;\u00e9changer et de d\u00e9couvrir l&rsquo;autre. Permettre aussi, le partage de connaissances ou de savoirs-faire, l&rsquo;entraide.<br \/>\n<em>\u00ab\u00a0La solidarit\u00e9 c&rsquo;est la volont\u00e9 d&rsquo;interpr\u00e9ter positivement l&rsquo;interd\u00e9pendance des individus et des groupes humains. Elle implique la r\u00e9ciprocit\u00e9 et s&rsquo;exprime par l&rsquo;\u00e9change, l&rsquo;entraide et le partage des connaissances comme des richesses. Elle s&rsquo;apprend par des pratiques collectives\u00a0\u00bb.<\/em><\/span>[\/vc_column_text][vc_column_text 0=\u00a0\u00bb\u00a0\u00bb]<\/p>\n<h4 style=\"text-align: center\"><span style=\"color: #000000\"><span style=\"color: #008000\">Favoriser la citoyennet\u00e9<\/span> <\/span><\/h4>\n<p style=\"text-align: justify\"><span style=\"color: #000000\">Nous pensons que tout individu doit \u00eatre reconnu comme membre de la soci\u00e9t\u00e9. Il doit participer \u00e0 la vie publique et \u00eatre reconnu en qualit\u00e9 de citoyen. Nous souhaitons favoriser l&rsquo;exercice de la citoyennet\u00e9 en proposant aux habitants des espaces d&rsquo;expression, d&rsquo;actions et de prises de responsabilit\u00e9.<\/span><strong><span style=\"color: #3366ff\"><br \/>\n<\/span><\/strong><\/p>\n<p>[\/vc_column_text][vc_column_text 0=\u00a0\u00bb\u00a0\u00bb]<\/p>\n<h4 style=\"text-align: center\"><span style=\"color: #3366ff\">Tol\u00e9rance et la\u00efcit\u00e9<\/span><\/h4>\n<h6 style=\"text-align: justify\"><span style=\"color: #333333\"><em><span style=\"color: #000000\">\u00ab\u00a0La la\u00efcit\u00e9 est une valeur li\u00e9e au respect mutuel. Elle va au-del\u00e0 de la tol\u00e9rance, elle invite \u00e0 comprendre et non seulement \u00e0 admettre\u00a0\u00bb.<\/span> <\/em><\/span><\/h6>\n<p>[\/vc_column_text][\/vc_column][\/vc_row][vc_row][vc_column][vc_btn title=\u00a0\u00bbR\u00e8glement Int\u00e9rieur\u00a0\u00bb color=\u00a0\u00bbpink\u00a0\u00bb size=\u00a0\u00bblg\u00a0\u00bb align=\u00a0\u00bbcenter\u00a0\u00bb link=\u00a0\u00bburl:https%3A%2F%2Fdrive.google.com%2Ffile%2Fd%2F1nckE2nHXsRAi26iw0dPb7xP9MrGVTA-D%2Fview%3Fusp%3Dsharing|||\u00a0\u00bb][\/vc_column][\/vc_row]<\/p>\n<\/div>","protected":false},"excerpt":{"rendered":"<p>[vc_row 0=\u00a0\u00bb\u00a0\u00bb][vc_column 0=\u00a0\u00bb\u00a0\u00bb][vc_empty_space 0=\u00a0\u00bb\u00a0\u00bb][vc_column_text 0=\u00a0\u00bb\u00a0\u00bb] Notre projet permet l&rsquo;accessibilit\u00e9 pour tous, en coh\u00e9rence avec les droits et devoirs, les valeurs<\/p>\n","protected":false},"author":1,"featured_media":0,"parent":4,"menu_order":2,"comment_status":"closed","ping_status":"closed","template":"","meta":{"colormag_page_container_layout":"default_layout","colormag_page_sidebar_layout":"default_layout","footnotes":""},"class_list":["post-10","page","type-page","status-publish","hentry"],"_links":{"self":[{"href":"https:\/\/amaqy.fr\/SaintAndre\/wp-json\/wp\/v2\/pages\/10","targetHints":{"allow":["GET"]}}],"collection":[{"href":"https:\/\/amaqy.fr\/SaintAndre\/wp-json\/wp\/v2\/pages"}],"about":[{"href":"https:\/\/amaqy.fr\/SaintAndre\/wp-json\/wp\/v2\/types\/page"}],"author":[{"embeddable":true,"href":"https:\/\/amaqy.fr\/SaintAndre\/wp-json\/wp\/v2\/users\/1"}],"replies":[{"embeddable":true,"href":"https:\/\/amaqy.fr\/SaintAndre\/wp-json\/wp\/v2\/comments?post=10"}],"version-history":[{"count":5,"href":"https:\/\/amaqy.fr\/SaintAndre\/wp-json\/wp\/v2\/pages\/10\/revisions"}],"predecessor-version":[{"id":2696,"href":"https:\/\/amaqy.fr\/SaintAndre\/wp-json\/wp\/v2\/pages\/10\/revisions\/2696"}],"up":[{"embeddable":true,"href":"https:\/\/amaqy.fr\/SaintAndre\/wp-json\/wp\/v2\/pages\/4"}],"wp:attachment":[{"href":"https:\/\/amaqy.fr\/SaintAndre\/wp-json\/wp\/v2\/media?parent=10"}],"curies":[{"name":"wp","href":"https:\/\/api.w.org\/{rel}","templated":true}]}}