{"id":42,"date":"2013-12-02T09:45:41","date_gmt":"2013-12-02T08:45:41","guid":{"rendered":"http:\/\/amaqy.fr\/Pyramides\/?page_id=42"},"modified":"2026-03-16T14:15:42","modified_gmt":"2026-03-16T13:15:42","slug":"famille","status":"publish","type":"page","link":"https:\/\/amaqy.fr\/Pyramides\/accueil\/famille\/","title":{"rendered":"Famille"},"content":{"rendered":"<div class=\"wpb-content-wrapper\"><p>[vc_row][vc_column][vc_column_text]<\/p>\n<h4><strong>Le secteur Famille de la Maison de Quartier des Pyramides<\/strong><\/h4>\n<p>propose des animations tout au long de l&rsquo;ann\u00e9e et pendant les vacances scolaires.<\/p>\n<p>L&rsquo;\u00e9quipe du secteur peut vous emmener en sortie \u00e0 la journ\u00e9e (Moulin Papon, Puy du Fou,&#8230;), faciliter les d\u00e9parts en vacances, organiser \u00a0des caf\u00e9s parents, des ateliers cuisine, des temps conviviaux comme la f\u00eate de No\u00ebl, les journ\u00e9es culturelles, des soir\u00e9es \u00e0 th\u00e8me,&#8230;[\/vc_column_text][\/vc_column][\/vc_row]<\/p>\n<\/div>","protected":false},"excerpt":{"rendered":"<p>[vc_row][vc_column][vc_column_text] Le secteur Famille de la Maison de Quartier des Pyramides propose des animations tout au long de l&rsquo;ann\u00e9e et<\/p>\n","protected":false},"author":1,"featured_media":0,"parent":4,"menu_order":6,"comment_status":"closed","ping_status":"closed","template":"","meta":{"colormag_page_container_layout":"default_layout","colormag_page_sidebar_layout":"default_layout","footnotes":""},"class_list":["post-42","page","type-page","status-publish","hentry"],"_links":{"self":[{"href":"https:\/\/amaqy.fr\/Pyramides\/wp-json\/wp\/v2\/pages\/42","targetHints":{"allow":["GET"]}}],"collection":[{"href":"https:\/\/amaqy.fr\/Pyramides\/wp-json\/wp\/v2\/pages"}],"about":[{"href":"https:\/\/amaqy.fr\/Pyramides\/wp-json\/wp\/v2\/types\/page"}],"author":[{"embeddable":true,"href":"https:\/\/amaqy.fr\/Pyramides\/wp-json\/wp\/v2\/users\/1"}],"replies":[{"embeddable":true,"href":"https:\/\/amaqy.fr\/Pyramides\/wp-json\/wp\/v2\/comments?post=42"}],"version-history":[{"count":5,"href":"https:\/\/amaqy.fr\/Pyramides\/wp-json\/wp\/v2\/pages\/42\/revisions"}],"predecessor-version":[{"id":3650,"href":"https:\/\/amaqy.fr\/Pyramides\/wp-json\/wp\/v2\/pages\/42\/revisions\/3650"}],"up":[{"embeddable":true,"href":"https:\/\/amaqy.fr\/Pyramides\/wp-json\/wp\/v2\/pages\/4"}],"wp:attachment":[{"href":"https:\/\/amaqy.fr\/Pyramides\/wp-json\/wp\/v2\/media?parent=42"}],"curies":[{"name":"wp","href":"https:\/\/api.w.org\/{rel}","templated":true}]}}