{"id":4,"date":"2013-11-14T10:45:12","date_gmt":"2013-11-14T09:45:12","guid":{"rendered":"http:\/\/amaqy.fr\/pyramides\/?page_id=4"},"modified":"2026-02-11T16:40:29","modified_gmt":"2026-02-11T15:40:29","slug":"accueil","status":"publish","type":"page","link":"https:\/\/amaqy.fr\/Pyramides\/","title":{"rendered":"Accueil"},"content":{"rendered":"<div class=\"wpb-content-wrapper\"><p>[vc_row][vc_column][vc_column_text]<\/p>\n<p style=\"text-align: justify\">La Maison de Quartier des Pyramides est heureuse de vous accueillir et de vous proposer des services, des animations et\u00a0des activit\u00e9s tout au long de l&rsquo;ann\u00e9e.<\/p>\n<p style=\"text-align: justify\">Sa priorit\u00e9 est de d\u00e9velopper le mieux vivre ensemble dans ce quartier riche de ses diversit\u00e9s, de favoriser la participation des habitants et de d\u00e9velopper la solidarit\u00e9 en cr\u00e9ant du lien social et en soutenant la fonction \u00e9ducative.<\/p>\n<p style=\"text-align: justify\">La Maison de Quartier g\u00e8re\u00a0en collaboration avec la Maison de Quartier Jean Yole, l&rsquo;accueil de loisirs Jacques GOLLY tous les mercredis et pendant les vacances, ainsi que le club de jeunes Le Rancard.<\/p>\n<p style=\"text-align: justify\">Pour tout savoir sur notre Maison de Quartier n&rsquo;h\u00e9sitez pas \u00e0 venir chercher le Guide ou \u00e0 naviguer sur le site!<\/p>\n<p>[\/vc_column_text][\/vc_column][\/vc_row][vc_row][vc_column width=\u00a0\u00bb1\/4&Prime;][vc_single_image image=\u00a0\u00bb2694&Prime; img_size=\u00a0\u00bbmedium\u00a0\u00bb alignment=\u00a0\u00bbright\u00a0\u00bb][\/vc_column][vc_column width=\u00a0\u00bb3\/4&Prime;][vc_custom_heading text=\u00a0\u00bbNouveaux horaires\u00a0\u00bb font_container=\u00a0\u00bbtag:h2|text_align:center|color:%23c732db\u00a0\u00bb google_fonts=\u00a0\u00bbfont_family:Armata%3Aregular|font_style:400%20regular%3A400%3Anormal\u00a0\u00bb][vc_column_text css=\u00a0\u00bb.vc_custom_1704211532121{margin-left: 0px !important;border-left-width: 0px !important;padding-left: 0px !important;}\u00a0\u00bb]<\/p>\n<p style=\"text-align: center\"><strong>Hors Vacances scolaires:<\/strong><\/p>\n<p style=\"text-align: center\">Lundi: 8h45 -12h15 et 14h- 17h30<br \/>\nMardi: 9h-12h15 et 14h -18h<br \/>\nMercredi 8h45-12h15 et 14h-17h<br \/>\nJeudi: 9h-12h15 et 14h -18h<br \/>\nVendredi 8h45-12h15 et 14h -17h<\/p>\n<p style=\"text-align: center\"><strong>Pendant les vacances scolaires<\/strong><\/p>\n<p style=\"text-align: center\">Du lundi au vendredi<br \/>\n9h -12h30 et 14h-17h30[\/vc_column_text][\/vc_column][\/vc_row][vc_row][vc_column width=\u00a0\u00bb1\/4&Prime;][vc_custom_heading text=\u00a0\u00bbRejoins nous ! \u00a0\u00bb font_container=\u00a0\u00bbtag:h2|text_align:right|color:%23c732db\u00a0\u00bb google_fonts=\u00a0\u00bbfont_family:Armata%3Aregular|font_style:400%20regular%3A400%3Anormal\u00a0\u00bb css=\u00a0\u00bb\u00a0\u00bb][\/vc_column][vc_column width=\u00a0\u00bb1\/4&Prime;][vc_single_image image=\u00a0\u00bb3621&Prime; img_size=\u00a0\u00bb100*100&Prime; alignment=\u00a0\u00bbright\u00a0\u00bb onclick=\u00a0\u00bbcustom_link\u00a0\u00bb img_link_target=\u00a0\u00bb_blank\u00a0\u00bb css=\u00a0\u00bb\u00a0\u00bb link=\u00a0\u00bbhttps:\/\/www.facebook.com\/MaisondeQuartierdesPyramides\/\u00a0\u00bb][\/vc_column][vc_column width=\u00a0\u00bb1\/4&Prime;][vc_single_image image=\u00a0\u00bb3622&Prime; img_size=\u00a0\u00bb100*100&Prime; onclick=\u00a0\u00bbcustom_link\u00a0\u00bb img_link_target=\u00a0\u00bb_blank\u00a0\u00bb css=\u00a0\u00bb\u00a0\u00bb link=\u00a0\u00bbhttps:\/\/www.instagram.com\/amaqypyramides\/\u00a0\u00bb][\/vc_column][vc_column width=\u00a0\u00bb1\/4&Prime;][\/vc_column][\/vc_row]<\/p>\n<\/div>","protected":false},"excerpt":{"rendered":"<p>[vc_row][vc_column][vc_column_text] La Maison de Quartier des Pyramides est heureuse de vous accueillir et de vous proposer des services, des animations<\/p>\n","protected":false},"author":1,"featured_media":0,"parent":0,"menu_order":0,"comment_status":"closed","ping_status":"closed","template":"","meta":{"colormag_page_container_layout":"default_layout","colormag_page_sidebar_layout":"default_layout","footnotes":""},"class_list":["post-4","page","type-page","status-publish","hentry"],"_links":{"self":[{"href":"https:\/\/amaqy.fr\/Pyramides\/wp-json\/wp\/v2\/pages\/4","targetHints":{"allow":["GET"]}}],"collection":[{"href":"https:\/\/amaqy.fr\/Pyramides\/wp-json\/wp\/v2\/pages"}],"about":[{"href":"https:\/\/amaqy.fr\/Pyramides\/wp-json\/wp\/v2\/types\/page"}],"author":[{"embeddable":true,"href":"https:\/\/amaqy.fr\/Pyramides\/wp-json\/wp\/v2\/users\/1"}],"replies":[{"embeddable":true,"href":"https:\/\/amaqy.fr\/Pyramides\/wp-json\/wp\/v2\/comments?post=4"}],"version-history":[{"count":5,"href":"https:\/\/amaqy.fr\/Pyramides\/wp-json\/wp\/v2\/pages\/4\/revisions"}],"predecessor-version":[{"id":3626,"href":"https:\/\/amaqy.fr\/Pyramides\/wp-json\/wp\/v2\/pages\/4\/revisions\/3626"}],"wp:attachment":[{"href":"https:\/\/amaqy.fr\/Pyramides\/wp-json\/wp\/v2\/media?parent=4"}],"curies":[{"name":"wp","href":"https:\/\/api.w.org\/{rel}","templated":true}]}}