{"id":382,"date":"2015-10-27T17:11:07","date_gmt":"2015-10-27T16:11:07","guid":{"rendered":"http:\/\/amaqy.fr\/Pyramides\/?page_id=382"},"modified":"2025-11-04T11:16:03","modified_gmt":"2025-11-04T10:16:03","slug":"accueil-de-loisirs","status":"publish","type":"page","link":"https:\/\/amaqy.fr\/Pyramides\/accueil\/enfance\/accueil-de-loisirs\/","title":{"rendered":"Centre de Loisirs Jacques Golly"},"content":{"rendered":"<div class=\"wpb-content-wrapper\"><p>[vc_row][vc_column width=\u00a0\u00bb1\/2&Prime;][vc_column_text]<\/p>\n<p style=\"text-align: justify\"><span style=\"color: #000000\">L&rsquo;ALSH Jacques GOLLY est ouvert tous les mercredis de l&rsquo;ann\u00e9e et tous les jours (du lundi au vendredi) pendant les vacances de 9h \u00e0 17h avec la possibilit\u00e9 d&rsquo;un accueil matin \u00e0 partir de 7h30 et un accueil soir jusqu&rsquo;\u00e0 18h30<\/span><\/p>\n<p style=\"text-align: left\"><span style=\"color: #0000ff\"><span style=\"color: #000000\">Les inscriptions pour les Centres de Loisirs se font via votre espace <\/span><\/span><span style=\"color: #0000ff\"><span style=\"color: #000000\"><a href=\"https:\/\/www.espace-citoyens.net\/amaqy\/espace-citoyens\/Home\/AccueilPublic\">\u00ab\u00a0<span style=\"color: #e31956\">Amaqy en ligne<\/span><\/a>\u00ab\u00a0.<br \/>\n<\/span><\/span><span style=\"color: #0000ff\"><span style=\"color: #000000\"><em> (cliquer sur le lien)<\/em><br \/>\nSi vous avez des questions veuillez <\/span><\/span><span style=\"color: #0000ff\"><span style=\"color: #000000\">contacter le secr\u00e9tariat <\/span><\/span><span style=\"color: #0000ff\"><span style=\"color: #000000\">au 02 51 37 56 54 ou pyramides@amaqy.fr<br \/>\n<\/span><\/span>[\/vc_column_text][\/vc_column][vc_column width=\u00a0\u00bb1\/2&Prime;][vc_gmaps link=\u00a0\u00bb#E-8_JTNDaWZyYW1lJTIwc3JjJTNEJTIyaHR0cHMlM0ElMkYlMkZ3d3cuZ29vZ2xlLmNvbSUyRm1hcHMlMkZkJTJGdSUyRjAlMkZlbWJlZCUzRm1pZCUzRDFVSGVaUXlqZ2pHUDU4WS1adzhTSGtONVJyUjdxUEoyTyUyMiUyMHdpZHRoJTNEJTIyNjQwJTIyJTIwaGVpZ2h0JTNEJTIyNDgwJTIyJTNFJTNDJTJGaWZyYW1lJTNF\u00a0\u00bb size=\u00a0\u00bb300&Prime;][\/vc_column][\/vc_row][vc_row][vc_column width=\u00a0\u00bb1\/2&Prime;][vc_btn title=\u00a0\u00bbR\u00e8glement int\u00e9rieur de Golly\u00a0\u00bb style=\u00a0\u00bb3d\u00a0\u00bb color=\u00a0\u00bbturquoise\u00a0\u00bb size=\u00a0\u00bblg\u00a0\u00bb align=\u00a0\u00bbcenter\u00a0\u00bb button_block=\u00a0\u00bbtrue\u00a0\u00bb link=\u00a0\u00bburl:https%3A%2F%2Fwww.calameo.com%2Fread%2F006076230e3b52cdd00bc||target:%20_blank|\u00a0\u00bb][\/vc_column][vc_column width=\u00a0\u00bb1\/2&Prime;][\/vc_column][\/vc_row][vc_row][vc_column width=\u00a0\u00bb1\/3&Prime;][vc_single_image image=\u00a0\u00bb761&Prime; img_size=\u00a0\u00bbmedium\u00a0\u00bb alignment=\u00a0\u00bbcenter\u00a0\u00bb onclick=\u00a0\u00bbcustom_link\u00a0\u00bb link=\u00a0\u00bbhttps:\/\/amaqy.fr\/Pyramides\/plannings-periodes\u00a0\u00bb][\/vc_column][vc_column width=\u00a0\u00bb1\/3&Prime;][vc_single_image image=\u00a0\u00bb760&Prime; img_size=\u00a0\u00bbmedium\u00a0\u00bb alignment=\u00a0\u00bbcenter\u00a0\u00bb onclick=\u00a0\u00bbcustom_link\u00a0\u00bb img_link_target=\u00a0\u00bb_blank\u00a0\u00bb link=\u00a0\u00bbhttps:\/\/amaqy.fr\/Pyramides\/dossier-adhesion-2020-alsh\/\u00a0\u00bb][\/vc_column][vc_column width=\u00a0\u00bb1\/3&Prime;][vc_single_image image=\u00a0\u00bb785&Prime; img_size=\u00a0\u00bbmedium\u00a0\u00bb alignment=\u00a0\u00bbcenter\u00a0\u00bb onclick=\u00a0\u00bbcustom_link\u00a0\u00bb img_link_target=\u00a0\u00bb_blank\u00a0\u00bb link=\u00a0\u00bbhttps:\/\/iframe.larochesuryon.fr\/quotient_familial\/form_qf_connu.php\u00a0\u00bb][\/vc_column][\/vc_row][vc_row][vc_column][\/vc_column][\/vc_row]<\/p>\n<\/div>","protected":false},"excerpt":{"rendered":"<p>[vc_row][vc_column width=\u00a0\u00bb1\/2&Prime;][vc_column_text] L&rsquo;ALSH Jacques GOLLY est ouvert tous les mercredis de l&rsquo;ann\u00e9e et tous les jours (du lundi au vendredi)<\/p>\n","protected":false},"author":15,"featured_media":0,"parent":38,"menu_order":0,"comment_status":"closed","ping_status":"closed","template":"","meta":{"colormag_page_container_layout":"default_layout","colormag_page_sidebar_layout":"default_layout","footnotes":""},"class_list":["post-382","page","type-page","status-publish","hentry"],"_links":{"self":[{"href":"https:\/\/amaqy.fr\/Pyramides\/wp-json\/wp\/v2\/pages\/382","targetHints":{"allow":["GET"]}}],"collection":[{"href":"https:\/\/amaqy.fr\/Pyramides\/wp-json\/wp\/v2\/pages"}],"about":[{"href":"https:\/\/amaqy.fr\/Pyramides\/wp-json\/wp\/v2\/types\/page"}],"author":[{"embeddable":true,"href":"https:\/\/amaqy.fr\/Pyramides\/wp-json\/wp\/v2\/users\/15"}],"replies":[{"embeddable":true,"href":"https:\/\/amaqy.fr\/Pyramides\/wp-json\/wp\/v2\/comments?post=382"}],"version-history":[{"count":5,"href":"https:\/\/amaqy.fr\/Pyramides\/wp-json\/wp\/v2\/pages\/382\/revisions"}],"predecessor-version":[{"id":3514,"href":"https:\/\/amaqy.fr\/Pyramides\/wp-json\/wp\/v2\/pages\/382\/revisions\/3514"}],"up":[{"embeddable":true,"href":"https:\/\/amaqy.fr\/Pyramides\/wp-json\/wp\/v2\/pages\/38"}],"wp:attachment":[{"href":"https:\/\/amaqy.fr\/Pyramides\/wp-json\/wp\/v2\/media?parent=382"}],"curies":[{"name":"wp","href":"https:\/\/api.w.org\/{rel}","templated":true}]}}