{"id":3404,"date":"2025-08-22T14:58:40","date_gmt":"2025-08-22T13:58:40","guid":{"rendered":"https:\/\/amaqy.fr\/Pyramides\/?page_id=3404"},"modified":"2025-08-22T15:02:11","modified_gmt":"2025-08-22T14:02:11","slug":"gym-chinoise","status":"publish","type":"page","link":"https:\/\/amaqy.fr\/Pyramides\/accueil\/famille\/vie-de-quartier\/gym-chinoise\/","title":{"rendered":"Gym chinoise"},"content":{"rendered":"<div class=\"wpb-content-wrapper\"><p>[vc_row][vc_column width=\u00a0\u00bb1\/4&Prime;][vc_single_image image=\u00a0\u00bb3406&Prime; img_size=\u00a0\u00bbmedium\u00a0\u00bb style=\u00a0\u00bbvc_box_shadow_3d\u00a0\u00bb css=\u00a0\u00bb\u00a0\u00bb][\/vc_column][vc_column width=\u00a0\u00bb3\/4&Prime;][vc_column_text css=\u00a0\u00bb\u00a0\u00bb]<span class=\"a_GcMg font-feature-liga-off font-feature-clig-off font-feature-calt-off text-decoration-none text-strikethrough-none\">Un atelier bien \u00eatre inspir\u00e9 des pratiques de gymnastique chinoise comme le Qi Gong. Mouvements lents synchronis\u00e9s \u00e0 la respiration, \u00e9tirements, \u00e9quilibre, l\u2019\u00e9nergie circule dans toutes les parties du corps.<\/span> <span class=\"a_GcMg font-feature-liga-off font-feature-clig-off font-feature-calt-off text-decoration-none text-strikethrough-none\">Les pratiques se font debout. Pr\u00e9voir une tenue souple et chaussures confortables.<\/span>[\/vc_column_text][\/vc_column][\/vc_row][vc_row][vc_column width=\u00a0\u00bb1\/2&Prime;][vc_column_text css=\u00a0\u00bb\u00a0\u00bb]<\/p>\n<h3><em>Modalit\u00e9s d&rsquo;inscription:<\/em><\/h3>\n<p>Adh\u00e9sion Amaqy et s&rsquo;inscrire aupr\u00e8s de la Maison de Quartier.<\/p>\n<h4><em>Tarifs en fonction du Quotient CAF ou avis d&rsquo;imp\u00f4t<\/em><\/h4>\n<p>Pour les Yonnais<br \/>\nCAF &lt;700:&nbsp; 40\u20ac\/ an<br \/>\nCAF &gt; 700 : 50\u20ac \/ an<\/p>\n<p>Pour les Non Yonnais<br \/>\nCAF &lt;700:&nbsp; 50\u20ac\/ an<br \/>\nCAF &gt; 700 : 60\u20ac \/ an<\/p>\n<p>R\u00e8glement en 3 ch\u00e8ques<\/p>\n<p>&nbsp;[\/vc_column_text][\/vc_column][vc_column width=\u00a0\u00bb1\/2&Prime;][vc_column_text css=\u00a0\u00bb\u00a0\u00bb]<\/p>\n<h3><em>Jour et Horaire:<\/em><\/h3>\n<p><span style=\"color: #ff9900;\">Le lundi de 10h \u00e0 11h15<br \/>\n<\/span>[\/vc_column_text][\/vc_column][\/vc_row]<\/p>\n<\/div>","protected":false},"excerpt":{"rendered":"<p>[vc_row][vc_column width=\u00a0\u00bb1\/4&Prime;][vc_single_image image=\u00a0\u00bb3406&Prime; img_size=\u00a0\u00bbmedium\u00a0\u00bb style=\u00a0\u00bbvc_box_shadow_3d\u00a0\u00bb css=\u00a0\u00bb\u00a0\u00bb][\/vc_column][vc_column width=\u00a0\u00bb3\/4&Prime;][vc_column_text css=\u00a0\u00bb\u00a0\u00bb]Un atelier bien \u00eatre inspir\u00e9 des pratiques de gymnastique chinoise comme le Qi<\/p>\n","protected":false},"author":15,"featured_media":0,"parent":491,"menu_order":2,"comment_status":"closed","ping_status":"closed","template":"","meta":{"colormag_page_container_layout":"default_layout","colormag_page_sidebar_layout":"default_layout","footnotes":""},"class_list":["post-3404","page","type-page","status-publish","hentry"],"_links":{"self":[{"href":"https:\/\/amaqy.fr\/Pyramides\/wp-json\/wp\/v2\/pages\/3404","targetHints":{"allow":["GET"]}}],"collection":[{"href":"https:\/\/amaqy.fr\/Pyramides\/wp-json\/wp\/v2\/pages"}],"about":[{"href":"https:\/\/amaqy.fr\/Pyramides\/wp-json\/wp\/v2\/types\/page"}],"author":[{"embeddable":true,"href":"https:\/\/amaqy.fr\/Pyramides\/wp-json\/wp\/v2\/users\/15"}],"replies":[{"embeddable":true,"href":"https:\/\/amaqy.fr\/Pyramides\/wp-json\/wp\/v2\/comments?post=3404"}],"version-history":[{"count":2,"href":"https:\/\/amaqy.fr\/Pyramides\/wp-json\/wp\/v2\/pages\/3404\/revisions"}],"predecessor-version":[{"id":3407,"href":"https:\/\/amaqy.fr\/Pyramides\/wp-json\/wp\/v2\/pages\/3404\/revisions\/3407"}],"up":[{"embeddable":true,"href":"https:\/\/amaqy.fr\/Pyramides\/wp-json\/wp\/v2\/pages\/491"}],"wp:attachment":[{"href":"https:\/\/amaqy.fr\/Pyramides\/wp-json\/wp\/v2\/media?parent=3404"}],"curies":[{"name":"wp","href":"https:\/\/api.w.org\/{rel}","templated":true}]}}