{"id":2795,"date":"2023-08-09T14:48:53","date_gmt":"2023-08-09T13:48:53","guid":{"rendered":"http:\/\/amaqy.fr\/Pyramides\/?page_id=2795"},"modified":"2025-08-22T11:26:58","modified_gmt":"2025-08-22T10:26:58","slug":"sophrologie","status":"publish","type":"page","link":"https:\/\/amaqy.fr\/Pyramides\/accueil\/famille\/vie-de-quartier\/sophrologie\/","title":{"rendered":"Sophrologie"},"content":{"rendered":"<div class=\"wpb-content-wrapper\"><p>[vc_row][vc_column width=\u00a0\u00bb1\/4&Prime;][vc_single_image image=\u00a0\u00bb2776&Prime; img_size=\u00a0\u00bblarge\u00a0\u00bb style=\u00a0\u00bbvc_box_shadow_3d\u00a0\u00bb][\/vc_column][vc_column width=\u00a0\u00bb3\/4&Prime;][vc_column_text]Ensemble de techniques orientales et occidentales qui permet d\u2019acqu\u00e9rir une meilleure connaissance de soi et d\u2019affronter les d\u00e9fis du quotidien avec s\u00e9r\u00e9nit\u00e9.[\/vc_column_text][\/vc_column][\/vc_row][vc_row][vc_column width=\u00a0\u00bb1\/2&Prime;][vc_column_text css=\u00a0\u00bb\u00a0\u00bb]<\/p>\n<h3><em>Modalit\u00e9s d&rsquo;inscription:<\/em><\/h3>\n<p>Adh\u00e9sion Amaqy et s&rsquo;inscrire aupr\u00e8s de la Maison de Quartier.<\/p>\n<h4><em>Tarifs en fonction du Quotient CAF ou avis d&rsquo;imp\u00f4t<\/em><\/h4>\n<p>Pour les Yonnais<br \/>\nCAF &lt;700:&nbsp; 150\u20ac\/ an<br \/>\nCAF &gt; 700 : 180\u20ac \/ an<\/p>\n<p>Pour les Non Yonnais<br \/>\nCAF &lt;700:&nbsp; 175\u20ac\/ an<br \/>\nCAF &gt; 700 : 205\u20ac \/ an<\/p>\n<p>Paiement en 3 ch\u00e8ques \u00e0 l&rsquo;inscription[\/vc_column_text][\/vc_column][vc_column width=\u00a0\u00bb1\/2&Prime;][vc_column_text css=\u00a0\u00bb\u00a0\u00bb]<\/p>\n<h3><em>Jour et Horaire:<\/em><\/h3>\n<p><span style=\"color: #ff9900;\">Lundi de 11h30 \u00e0 12h30<\/span>[\/vc_column_text][\/vc_column][\/vc_row]<\/p>\n<\/div>","protected":false},"excerpt":{"rendered":"<p>[vc_row][vc_column width=\u00a0\u00bb1\/4&Prime;][vc_single_image image=\u00a0\u00bb2776&Prime; img_size=\u00a0\u00bblarge\u00a0\u00bb style=\u00a0\u00bbvc_box_shadow_3d\u00a0\u00bb][\/vc_column][vc_column width=\u00a0\u00bb3\/4&Prime;][vc_column_text]Ensemble de techniques orientales et occidentales qui permet d\u2019acqu\u00e9rir une meilleure connaissance de soi et<\/p>\n","protected":false},"author":15,"featured_media":0,"parent":491,"menu_order":2,"comment_status":"closed","ping_status":"closed","template":"","meta":{"colormag_page_container_layout":"default_layout","colormag_page_sidebar_layout":"default_layout","footnotes":""},"class_list":["post-2795","page","type-page","status-publish","hentry"],"_links":{"self":[{"href":"https:\/\/amaqy.fr\/Pyramides\/wp-json\/wp\/v2\/pages\/2795","targetHints":{"allow":["GET"]}}],"collection":[{"href":"https:\/\/amaqy.fr\/Pyramides\/wp-json\/wp\/v2\/pages"}],"about":[{"href":"https:\/\/amaqy.fr\/Pyramides\/wp-json\/wp\/v2\/types\/page"}],"author":[{"embeddable":true,"href":"https:\/\/amaqy.fr\/Pyramides\/wp-json\/wp\/v2\/users\/15"}],"replies":[{"embeddable":true,"href":"https:\/\/amaqy.fr\/Pyramides\/wp-json\/wp\/v2\/comments?post=2795"}],"version-history":[{"count":5,"href":"https:\/\/amaqy.fr\/Pyramides\/wp-json\/wp\/v2\/pages\/2795\/revisions"}],"predecessor-version":[{"id":3401,"href":"https:\/\/amaqy.fr\/Pyramides\/wp-json\/wp\/v2\/pages\/2795\/revisions\/3401"}],"up":[{"embeddable":true,"href":"https:\/\/amaqy.fr\/Pyramides\/wp-json\/wp\/v2\/pages\/491"}],"wp:attachment":[{"href":"https:\/\/amaqy.fr\/Pyramides\/wp-json\/wp\/v2\/media?parent=2795"}],"curies":[{"name":"wp","href":"https:\/\/api.w.org\/{rel}","templated":true}]}}