{"id":2654,"date":"2023-03-31T10:18:03","date_gmt":"2023-03-31T09:18:03","guid":{"rendered":"http:\/\/amaqy.fr\/Pyramides\/?page_id=2654"},"modified":"2025-08-21T10:12:55","modified_gmt":"2025-08-21T09:12:55","slug":"bridge","status":"publish","type":"page","link":"https:\/\/amaqy.fr\/Pyramides\/bridge\/","title":{"rendered":"Bridge Loisirs"},"content":{"rendered":"<div class=\"wpb-content-wrapper\"><p>[vc_row][vc_column width=\u00a0\u00bb1\/4&Prime;][vc_single_image image=\u00a0\u00bb2656&Prime; img_size=\u00a0\u00bblarge\u00a0\u00bb style=\u00a0\u00bbvc_box_shadow_3d\u00a0\u00bb][\/vc_column][vc_column width=\u00a0\u00bb3\/4&Prime;][vc_column_text]Bridge Tr\u00e8fle Loisirs. Vous savez jouer \u00e0 la belotte ou aux tarots, la moiti\u00e9 de l&rsquo;apprentissage est fait.\u00a0 D\u00e9butants? Pas de souci, prenez rendez vous avec la Maison de Quartier pour apprendre la pratique du Bridge.[\/vc_column_text][\/vc_column][\/vc_row][vc_row][vc_column width=\u00a0\u00bb1\/2&Prime;][vc_column_text css=\u00a0\u00bb\u00a0\u00bb]<\/p>\n<h3><em>Modalit\u00e9s d&rsquo;inscription:<\/em><\/h3>\n<p>Adh\u00e9sion Amaqy et s&rsquo;inscrire aupr\u00e8s de la Maison de Quartier.<\/p>\n<h4><em>Tarifs en fonction du Quotient CAF ou avis d&rsquo;imp\u00f4t<\/em><\/h4>\n<p>Pour les Yonnais<br \/>\nCAF &lt;700:&nbsp; 11\u20ac\/ an<br \/>\nCAF &gt; 700 : 15\u20ac \/ an<\/p>\n<p>Pour les Non Yonnais<br \/>\nCAF &lt;700:&nbsp; 13\u20ac\/ an<br \/>\nCAF &gt; 700 : 17\u20ac \/ an[\/vc_column_text][\/vc_column][vc_column width=\u00a0\u00bb1\/2&Prime;][vc_column_text]<\/p>\n<h3><em>Jour et Horaire:<\/em><\/h3>\n<p><span style=\"color: #ff9900\">Le mardi de 14h \u00e0 18h30<\/span><\/p>\n<p>Les d\u00e9butants apprendront le bridge sur d&rsquo;autres cr\u00e9neaux horaires.[\/vc_column_text][\/vc_column][\/vc_row]<\/p>\n<\/div>","protected":false},"excerpt":{"rendered":"<p>[vc_row][vc_column width=\u00a0\u00bb1\/4&Prime;][vc_single_image image=\u00a0\u00bb2656&Prime; img_size=\u00a0\u00bblarge\u00a0\u00bb style=\u00a0\u00bbvc_box_shadow_3d\u00a0\u00bb][\/vc_column][vc_column width=\u00a0\u00bb3\/4&Prime;][vc_column_text]Bridge Tr\u00e8fle Loisirs. Vous savez jouer \u00e0 la belotte ou aux tarots, la moiti\u00e9 de<\/p>\n","protected":false},"author":15,"featured_media":0,"parent":0,"menu_order":0,"comment_status":"closed","ping_status":"closed","template":"","meta":{"colormag_page_container_layout":"default_layout","colormag_page_sidebar_layout":"default_layout","footnotes":""},"class_list":["post-2654","page","type-page","status-publish","hentry"],"_links":{"self":[{"href":"https:\/\/amaqy.fr\/Pyramides\/wp-json\/wp\/v2\/pages\/2654","targetHints":{"allow":["GET"]}}],"collection":[{"href":"https:\/\/amaqy.fr\/Pyramides\/wp-json\/wp\/v2\/pages"}],"about":[{"href":"https:\/\/amaqy.fr\/Pyramides\/wp-json\/wp\/v2\/types\/page"}],"author":[{"embeddable":true,"href":"https:\/\/amaqy.fr\/Pyramides\/wp-json\/wp\/v2\/users\/15"}],"replies":[{"embeddable":true,"href":"https:\/\/amaqy.fr\/Pyramides\/wp-json\/wp\/v2\/comments?post=2654"}],"version-history":[{"count":5,"href":"https:\/\/amaqy.fr\/Pyramides\/wp-json\/wp\/v2\/pages\/2654\/revisions"}],"predecessor-version":[{"id":3388,"href":"https:\/\/amaqy.fr\/Pyramides\/wp-json\/wp\/v2\/pages\/2654\/revisions\/3388"}],"wp:attachment":[{"href":"https:\/\/amaqy.fr\/Pyramides\/wp-json\/wp\/v2\/media?parent=2654"}],"curies":[{"name":"wp","href":"https:\/\/api.w.org\/{rel}","templated":true}]}}