{"id":2639,"date":"2023-03-30T10:18:52","date_gmt":"2023-03-30T09:18:52","guid":{"rendered":"http:\/\/amaqy.fr\/Pyramides\/?page_id=2639"},"modified":"2023-03-30T10:27:36","modified_gmt":"2023-03-30T09:27:36","slug":"ufolep","status":"publish","type":"page","link":"https:\/\/amaqy.fr\/Pyramides\/ufolep\/","title":{"rendered":"UFOLEP"},"content":{"rendered":"<div class=\"wpb-content-wrapper\"><p>[vc_row][vc_column width=\u00a0\u00bb2\/3&Prime;][vc_column_text]L&rsquo;Ufolep c&rsquo;est une vision du sport \u00e0 dimension sociale et citoyenne pour r\u00e9pondre aux enjeux actuels d&rsquo;accessibilit\u00e9, de sant\u00e9 pour tous, de solidarit\u00e9 et d&rsquo;engagement.<br \/>\nCours le mercredi de 9h \u00e0 10h et de 10h \u00e0 11h<br \/>\nCes programmes propos\u00e9s par l&rsquo;UFOLEP ont pour but de sensibiliser \u00e0 la pratique d&rsquo;une activit\u00e9 physique \u00e0 travers diff\u00e9rentes situations adaptes. Possibilit\u00e9 de s&rsquo;inscrire au trimestre<br \/>\nAdh\u00e9sion Amaqy obligatoire pour les cours \u00e0 la Maison de Quartier des Pyramides.<\/p>\n<p>Inscription et renseignements: 07 71 06 57 24.[\/vc_column_text][\/vc_column][vc_column width=\u00a0\u00bb1\/3&Prime;][vc_single_image image=\u00a0\u00bb2642&Prime; img_size=\u00a0\u00bbmedium\u00a0\u00bb][\/vc_column][\/vc_row][vc_row][vc_column][vc_btn title=\u00a0\u00bbInformations\u00a0\u00bb color=\u00a0\u00bbvista-blue\u00a0\u00bb link=\u00a0\u00bburl:http%3A%2F%2Famaqy.fr%2FPyramides%2Fwp-content%2Fuploads%2Fsites%2F4%2F2023%2F03%2Fprogramme-ufo-3s-la-roche-2022-23-1.pdf||target:%20_blank|\u00a0\u00bb][\/vc_column][\/vc_row]<\/p>\n<\/div>","protected":false},"excerpt":{"rendered":"<p>[vc_row][vc_column width=\u00a0\u00bb2\/3&Prime;][vc_column_text]L&rsquo;Ufolep c&rsquo;est une vision du sport \u00e0 dimension sociale et citoyenne pour r\u00e9pondre aux enjeux actuels d&rsquo;accessibilit\u00e9, de sant\u00e9<\/p>\n","protected":false},"author":15,"featured_media":0,"parent":0,"menu_order":0,"comment_status":"closed","ping_status":"closed","template":"","meta":{"colormag_page_container_layout":"default_layout","colormag_page_sidebar_layout":"default_layout","footnotes":""},"class_list":["post-2639","page","type-page","status-publish","hentry"],"_links":{"self":[{"href":"https:\/\/amaqy.fr\/Pyramides\/wp-json\/wp\/v2\/pages\/2639","targetHints":{"allow":["GET"]}}],"collection":[{"href":"https:\/\/amaqy.fr\/Pyramides\/wp-json\/wp\/v2\/pages"}],"about":[{"href":"https:\/\/amaqy.fr\/Pyramides\/wp-json\/wp\/v2\/types\/page"}],"author":[{"embeddable":true,"href":"https:\/\/amaqy.fr\/Pyramides\/wp-json\/wp\/v2\/users\/15"}],"replies":[{"embeddable":true,"href":"https:\/\/amaqy.fr\/Pyramides\/wp-json\/wp\/v2\/comments?post=2639"}],"version-history":[{"count":2,"href":"https:\/\/amaqy.fr\/Pyramides\/wp-json\/wp\/v2\/pages\/2639\/revisions"}],"predecessor-version":[{"id":2644,"href":"https:\/\/amaqy.fr\/Pyramides\/wp-json\/wp\/v2\/pages\/2639\/revisions\/2644"}],"wp:attachment":[{"href":"https:\/\/amaqy.fr\/Pyramides\/wp-json\/wp\/v2\/media?parent=2639"}],"curies":[{"name":"wp","href":"https:\/\/api.w.org\/{rel}","templated":true}]}}