{"id":2177,"date":"2021-11-15T16:56:51","date_gmt":"2021-11-15T15:56:51","guid":{"rendered":"http:\/\/amaqy.fr\/Pyramides\/?page_id=2177"},"modified":"2021-11-22T14:18:50","modified_gmt":"2021-11-22T13:18:50","slug":"ajafpy","status":"publish","type":"page","link":"https:\/\/amaqy.fr\/Pyramides\/ajafpy\/","title":{"rendered":"AJAFPY"},"content":{"rendered":"<div class=\"wpb-content-wrapper\"><p>[vc_row][vc_column width=\u00a0\u00bb2\/3&Prime;][vc_column_text]L\u2019Association des Jardins Familiaux pour Yonnais (AJAFPY) regroupe 4 cit\u00e9s-jardins g\u00e9rant des parcelles, propri\u00e9t\u00e9 de la commune de La Roche-sur-Yon, \u00e0 destination d\u2019une agriculture domestique.<\/p>\n<p>La cit\u00e9-jardin du Moulin Neuf est situ\u00e9e vers la queue du barrage de Moulin Papon. Cette cit\u00e9 nomm\u00e9e \u00e9galement \u00ab Aymon PETIT\u00a0\u00bb en raison du nom du donateur des parcelles, regroupe environs 65 jardiniers sur des parcelles de 100 \u00e0 200 m\u00b2 avec un acc\u00e8s \u00e0 l\u2019eau et des cabanes en bois individuelles et partag\u00e9es. Les potagers sont un lieu de convivialit\u00e9, d\u2019\u00e9change de conseils et de semences, o\u00f9 les fruits et l\u00e9gumes de qualit\u00e9 sont produits selon vos envies.<\/p>\n<p>L\u2019\u00e9loignement de la ville est une difficult\u00e9 pour y acc\u00e9der, mais de nombreux jardiniers r\u00e9sidant dans les quartiers du Nord Est de la Roche Sur Yon, les occasions de covoiturer peuvent se cr\u00e9er. Il est \u00e9galement possible d\u2019utiliser le service de transport \u00e0 la demande du r\u00e9seau de bus \u00ab Impulsyon \u00bb.<br \/>\nLa cotisation annuelle est de 8,40 \u20ac par adh\u00e9rent et le loyer est de 0,28 le m\u00b2 pour une ann\u00e9e.<\/p>\n<p>Inscription sur le site internet de la Ville de la Roche sur Yon agglom\u00e9ration :<\/p>\n<p>https:\/\/www.larochesuryon.fr\/services-infos-pratiques\/vos-demarches-en-ligne\/jardins-familiaux\/[\/vc_column_text][\/vc_column][vc_column width=\u00a0\u00bb1\/3&Prime;][vc_single_image image=\u00a0\u00bb2184&Prime; img_size=\u00a0\u00bblarge\u00a0\u00bb][\/vc_column][\/vc_row][vc_row][vc_column width=\u00a0\u00bb1\/3&Prime;][vc_single_image image=\u00a0\u00bb2185&Prime; img_size=\u00a0\u00bblarge\u00a0\u00bb][\/vc_column][vc_column width=\u00a0\u00bb1\/3&Prime;][vc_single_image image=\u00a0\u00bb2186&Prime; img_size=\u00a0\u00bblarge\u00a0\u00bb][\/vc_column][vc_column width=\u00a0\u00bb1\/3&Prime;][vc_single_image image=\u00a0\u00bb2187&Prime; img_size=\u00a0\u00bblarge\u00a0\u00bb][\/vc_column][\/vc_row]<\/p>\n<\/div>","protected":false},"excerpt":{"rendered":"<p>[vc_row][vc_column width=\u00a0\u00bb2\/3&Prime;][vc_column_text]L\u2019Association des Jardins Familiaux pour Yonnais (AJAFPY) regroupe 4 cit\u00e9s-jardins g\u00e9rant des parcelles, propri\u00e9t\u00e9 de la commune de La<\/p>\n","protected":false},"author":15,"featured_media":0,"parent":0,"menu_order":0,"comment_status":"closed","ping_status":"closed","template":"","meta":{"colormag_page_container_layout":"default_layout","colormag_page_sidebar_layout":"default_layout","footnotes":""},"class_list":["post-2177","page","type-page","status-publish","hentry"],"_links":{"self":[{"href":"https:\/\/amaqy.fr\/Pyramides\/wp-json\/wp\/v2\/pages\/2177","targetHints":{"allow":["GET"]}}],"collection":[{"href":"https:\/\/amaqy.fr\/Pyramides\/wp-json\/wp\/v2\/pages"}],"about":[{"href":"https:\/\/amaqy.fr\/Pyramides\/wp-json\/wp\/v2\/types\/page"}],"author":[{"embeddable":true,"href":"https:\/\/amaqy.fr\/Pyramides\/wp-json\/wp\/v2\/users\/15"}],"replies":[{"embeddable":true,"href":"https:\/\/amaqy.fr\/Pyramides\/wp-json\/wp\/v2\/comments?post=2177"}],"version-history":[{"count":2,"href":"https:\/\/amaqy.fr\/Pyramides\/wp-json\/wp\/v2\/pages\/2177\/revisions"}],"predecessor-version":[{"id":2188,"href":"https:\/\/amaqy.fr\/Pyramides\/wp-json\/wp\/v2\/pages\/2177\/revisions\/2188"}],"wp:attachment":[{"href":"https:\/\/amaqy.fr\/Pyramides\/wp-json\/wp\/v2\/media?parent=2177"}],"curies":[{"name":"wp","href":"https:\/\/api.w.org\/{rel}","templated":true}]}}