{"id":2175,"date":"2021-11-15T16:55:58","date_gmt":"2021-11-15T15:55:58","guid":{"rendered":"http:\/\/amaqy.fr\/Pyramides\/?page_id=2175"},"modified":"2023-08-24T15:19:08","modified_gmt":"2023-08-24T14:19:08","slug":"acb-85","status":"publish","type":"page","link":"https:\/\/amaqy.fr\/Pyramides\/acb-85\/","title":{"rendered":"ACB 85"},"content":{"rendered":"<div class=\"wpb-content-wrapper\"><p>[vc_row][vc_column width=\u00a0\u00bb2\/3&Prime;][vc_column_text]<\/p>\n<div>\n<p>L&rsquo;association culturelle berb\u00e8re 85 a pour vocation de faire d\u00e9couvrir aux yonnaises et yonnais la culture berb\u00e8re et la Kabylie en particulier.<\/p>\n<p>L&rsquo;ACB 85 souhaite aider \u00e0 la connaissance mutuelle de nos deux peuples et au renforcement de leurs liens.<\/p>\n<p>Les actions fortes sont le nouvel an berb\u00e8re en janvier (<span id=\"OBJ_PREFIX_DWT1900_com_zimbra_date\" class=\"Object\" role=\"link\"><span id=\"OBJ_PREFIX_DWT1907_com_zimbra_date\" class=\"Object\" role=\"link\">22 janvier\u00a02022<\/span><\/span>),des actions artistiques et culturelles ( projet culturel berb\u00e8re au fond de dotation de la chardi\u00e8re \u00e0 Chantonnay du 29 avril au 8 mai),des actions p\u00e9dagogiques.<\/p>\n<p>L&rsquo;ACB 85 est aussi pr\u00e9sente dans les actions de solidarit\u00e9 et les projets pluri associatifs. Elle est une association qui \u0153uvre pour le bien vivre ensemble dans la cit\u00e9.<br \/>\n<a href=\"http:\/\/acb85.cleasite.fr\/\">Site Internet<\/a><\/p>\n<\/div>\n<p><a href=\"https:\/\/www.facebook.com\/Association-Culturelle-Berb%C3%A8re-85-111006974095196\">Facebook\u00a0<\/a>\u00a0<span id=\"OBJ_PREFIX_DWT1899_com_zimbra_url\" class=\"Object\" role=\"link\"><span id=\"OBJ_PREFIX_DWT1906_com_zimbra_url\" class=\"Object\" role=\"link\"><\/span><\/span><\/p>\n<p>&nbsp;[\/vc_column_text][\/vc_column][vc_column width=\u00a0\u00bb1\/3&Prime;][vc_single_image image=\u00a0\u00bb2157&Prime; img_size=\u00a0\u00bbfull\u00a0\u00bb][\/vc_column][\/vc_row]<\/p>\n<\/div>","protected":false},"excerpt":{"rendered":"<p>[vc_row][vc_column width=\u00a0\u00bb2\/3&Prime;][vc_column_text] L&rsquo;association culturelle berb\u00e8re 85 a pour vocation de faire d\u00e9couvrir aux yonnaises et yonnais la culture berb\u00e8re et<\/p>\n","protected":false},"author":15,"featured_media":0,"parent":0,"menu_order":0,"comment_status":"closed","ping_status":"closed","template":"","meta":{"colormag_page_container_layout":"default_layout","colormag_page_sidebar_layout":"default_layout","footnotes":""},"class_list":["post-2175","page","type-page","status-publish","hentry"],"_links":{"self":[{"href":"https:\/\/amaqy.fr\/Pyramides\/wp-json\/wp\/v2\/pages\/2175","targetHints":{"allow":["GET"]}}],"collection":[{"href":"https:\/\/amaqy.fr\/Pyramides\/wp-json\/wp\/v2\/pages"}],"about":[{"href":"https:\/\/amaqy.fr\/Pyramides\/wp-json\/wp\/v2\/types\/page"}],"author":[{"embeddable":true,"href":"https:\/\/amaqy.fr\/Pyramides\/wp-json\/wp\/v2\/users\/15"}],"replies":[{"embeddable":true,"href":"https:\/\/amaqy.fr\/Pyramides\/wp-json\/wp\/v2\/comments?post=2175"}],"version-history":[{"count":4,"href":"https:\/\/amaqy.fr\/Pyramides\/wp-json\/wp\/v2\/pages\/2175\/revisions"}],"predecessor-version":[{"id":2823,"href":"https:\/\/amaqy.fr\/Pyramides\/wp-json\/wp\/v2\/pages\/2175\/revisions\/2823"}],"wp:attachment":[{"href":"https:\/\/amaqy.fr\/Pyramides\/wp-json\/wp\/v2\/media?parent=2175"}],"curies":[{"name":"wp","href":"https:\/\/api.w.org\/{rel}","templated":true}]}}