{"id":2163,"date":"2021-11-15T14:42:58","date_gmt":"2021-11-15T13:42:58","guid":{"rendered":"http:\/\/amaqy.fr\/Pyramides\/?page_id=2163"},"modified":"2021-11-15T16:35:18","modified_gmt":"2021-11-15T15:35:18","slug":"amcv-atout-coeur","status":"publish","type":"page","link":"https:\/\/amaqy.fr\/Pyramides\/amcv-atout-coeur\/","title":{"rendered":"AMCV Atout C\u0153ur"},"content":{"rendered":"<div class=\"wpb-content-wrapper\"><p>[vc_row][vc_column width=\u00a0\u00bb2\/3&Prime;][vc_column_text]A TOUT C\u0152UR VEND\u00c9E<br \/>\n56 Boulevard d&rsquo;Austerlitz &#8211; B\u00e2t J<br \/>\n85000 LA ROCHE SUR YON<br \/>\nT\u00e9l: 02 51 67 17 46 ou 06 16 12 25 28<br \/>\nemail: a-tout-coeur.association-amcv@orange.fr<\/p>\n<p><a href=\"http:\/\/www.atoutcoeurvendee.com\/\">Site internet\u00a0<\/a>[\/vc_column_text][\/vc_column][vc_column width=\u00a0\u00bb1\/3&Prime;][vc_single_image image=\u00a0\u00bb2170&Prime; img_size=\u00a0\u00bbfull\u00a0\u00bb][\/vc_column][\/vc_row]<\/p>\n<\/div>","protected":false},"excerpt":{"rendered":"<p>[vc_row][vc_column width=\u00a0\u00bb2\/3&Prime;][vc_column_text]A TOUT C\u0152UR VEND\u00c9E 56 Boulevard d&rsquo;Austerlitz &#8211; B\u00e2t J 85000 LA ROCHE SUR YON T\u00e9l: 02 51 67<\/p>\n","protected":false},"author":15,"featured_media":0,"parent":0,"menu_order":0,"comment_status":"closed","ping_status":"closed","template":"","meta":{"colormag_page_container_layout":"default_layout","colormag_page_sidebar_layout":"default_layout","footnotes":""},"class_list":["post-2163","page","type-page","status-publish","hentry"],"_links":{"self":[{"href":"https:\/\/amaqy.fr\/Pyramides\/wp-json\/wp\/v2\/pages\/2163","targetHints":{"allow":["GET"]}}],"collection":[{"href":"https:\/\/amaqy.fr\/Pyramides\/wp-json\/wp\/v2\/pages"}],"about":[{"href":"https:\/\/amaqy.fr\/Pyramides\/wp-json\/wp\/v2\/types\/page"}],"author":[{"embeddable":true,"href":"https:\/\/amaqy.fr\/Pyramides\/wp-json\/wp\/v2\/users\/15"}],"replies":[{"embeddable":true,"href":"https:\/\/amaqy.fr\/Pyramides\/wp-json\/wp\/v2\/comments?post=2163"}],"version-history":[{"count":3,"href":"https:\/\/amaqy.fr\/Pyramides\/wp-json\/wp\/v2\/pages\/2163\/revisions"}],"predecessor-version":[{"id":2172,"href":"https:\/\/amaqy.fr\/Pyramides\/wp-json\/wp\/v2\/pages\/2163\/revisions\/2172"}],"wp:attachment":[{"href":"https:\/\/amaqy.fr\/Pyramides\/wp-json\/wp\/v2\/media?parent=2163"}],"curies":[{"name":"wp","href":"https:\/\/api.w.org\/{rel}","templated":true}]}}