{"id":2141,"date":"2021-11-15T14:25:15","date_gmt":"2021-11-15T13:25:15","guid":{"rendered":"http:\/\/amaqy.fr\/Pyramides\/?page_id=2141"},"modified":"2021-11-15T16:38:52","modified_gmt":"2021-11-15T15:38:52","slug":"fmh-ud","status":"publish","type":"page","link":"https:\/\/amaqy.fr\/Pyramides\/fmh-ud\/","title":{"rendered":"FMH UD"},"content":{"rendered":"<div class=\"wpb-content-wrapper\"><p>[vc_row][vc_column width=\u00a0\u00bb2\/3&Prime;][vc_column_text]La F\u00e9d\u00e9ration des Malades et Handicap\u00e9s est \u00e0 l\u2019\u00e9coute des Personnes les plus d\u00e9favoris\u00e9es, se Former, s\u2019informer collectivement afin d\u2019avoir les comp\u00e9tences pour r\u00e9pondre aux besoins sp\u00e9cifiques des personnes handicap\u00e9es et leur permettre d\u2019acqu\u00e9rir par la d\u00e9fense des droits une meilleure qualit\u00e9 de vie et la reconnaissance de leur handicap dans la soci\u00e9t\u00e9<\/p>\n<p>Activit\u00e9s principales\u00a0:\u00a0La F\u00e9d\u00e9ration des Malades et Handicap\u00e9s re\u00e7oit sur rendez-vous dans les diff\u00e9rentes sections (Montaigu, Pouzauges, Les Herbiers, La Roche sur Yon).<\/p>\n<p>Elle organise des Ateliers de Convivialit\u00e9 dans les sections de La Roche sur Yon et Montaigu pour permettre \u00e0 chacun de se retrouver et de s\u2019exprimer \u00e0 travers des r\u00e9alisations manuelles, mais qui surtout r\u00e9pondent \u00e0 une demande des plus isol\u00e9s.<\/p>\n<p><a href=\"http:\/\/www.fmh-association.org\">Site internet<\/a>[\/vc_column_text][\/vc_column][vc_column width=\u00a0\u00bb1\/3&Prime;][vc_single_image image=\u00a0\u00bb2173&Prime; img_size=\u00a0\u00bbfull\u00a0\u00bb][\/vc_column][\/vc_row]<\/p>\n<\/div>","protected":false},"excerpt":{"rendered":"<p>[vc_row][vc_column width=\u00a0\u00bb2\/3&Prime;][vc_column_text]La F\u00e9d\u00e9ration des Malades et Handicap\u00e9s est \u00e0 l\u2019\u00e9coute des Personnes les plus d\u00e9favoris\u00e9es, se Former, s\u2019informer collectivement afin<\/p>\n","protected":false},"author":15,"featured_media":0,"parent":0,"menu_order":0,"comment_status":"closed","ping_status":"closed","template":"","meta":{"colormag_page_container_layout":"default_layout","colormag_page_sidebar_layout":"default_layout","footnotes":""},"class_list":["post-2141","page","type-page","status-publish","hentry"],"_links":{"self":[{"href":"https:\/\/amaqy.fr\/Pyramides\/wp-json\/wp\/v2\/pages\/2141","targetHints":{"allow":["GET"]}}],"collection":[{"href":"https:\/\/amaqy.fr\/Pyramides\/wp-json\/wp\/v2\/pages"}],"about":[{"href":"https:\/\/amaqy.fr\/Pyramides\/wp-json\/wp\/v2\/types\/page"}],"author":[{"embeddable":true,"href":"https:\/\/amaqy.fr\/Pyramides\/wp-json\/wp\/v2\/users\/15"}],"replies":[{"embeddable":true,"href":"https:\/\/amaqy.fr\/Pyramides\/wp-json\/wp\/v2\/comments?post=2141"}],"version-history":[{"count":2,"href":"https:\/\/amaqy.fr\/Pyramides\/wp-json\/wp\/v2\/pages\/2141\/revisions"}],"predecessor-version":[{"id":2174,"href":"https:\/\/amaqy.fr\/Pyramides\/wp-json\/wp\/v2\/pages\/2141\/revisions\/2174"}],"wp:attachment":[{"href":"https:\/\/amaqy.fr\/Pyramides\/wp-json\/wp\/v2\/media?parent=2141"}],"curies":[{"name":"wp","href":"https:\/\/api.w.org\/{rel}","templated":true}]}}