{"id":2139,"date":"2021-11-15T14:24:28","date_gmt":"2021-11-15T13:24:28","guid":{"rendered":"http:\/\/amaqy.fr\/Pyramides\/?page_id=2139"},"modified":"2022-07-18T09:10:34","modified_gmt":"2022-07-18T08:10:34","slug":"dojo-shodokan","status":"publish","type":"page","link":"https:\/\/amaqy.fr\/Pyramides\/dojo-shodokan\/","title":{"rendered":"Dojo Shodokan"},"content":{"rendered":"<div class=\"wpb-content-wrapper\"><p>[vc_row][vc_column width=\u00a0\u00bb1\/2&Prime;][vc_column_text]<\/p>\n<p dir=\"auto\"><strong>KENDO &#8211; l&rsquo;escrime japonaise<\/strong><\/p>\n<p dir=\"auto\">Le Kendo est l\u2019h\u00e9ritage des combats au sabre que se livraient les guerriers Japonais (Samoura\u00ef) dans les si\u00e8cles pass\u00e9s. Il apporte l\u2019augmentation des facult\u00e9s d\u2019observations, vitesse de d\u00e9cision, d\u2019action, du dynamisme g\u00e9n\u00e9ral, l\u2019adresse et la coordination. Il s\u2019adresse \u00e0 tous quelque soit l\u2019\u00e2ge et les aptitudes. On peut d\u00e9buter \u00e0 tout \u00e2ge.<\/p>\n<p dir=\"auto\">Les entra\u00eenements:<\/p>\n<p dir=\"auto\"><strong>Les entrainements sont dirig\u00e9s par Morgan PRUVOST, 4e Dan de Kendo<\/strong><\/p>\n<p dir=\"auto\">\u00e9l\u00e8ve de Jacques MULLER sense\u00ef, 7e Dan de Kendo<\/p>\n<p dir=\"auto\"><strong>Salle du Rancard, 8 Rue Louis Loucheur<\/strong><\/p>\n<p dir=\"auto\"><strong>Tous les mercredis\u00a0<\/strong>(hors vacances scolaires)<\/p>\n<p dir=\"auto\"><strong>20h00-21h30<\/strong><\/p>\n<p dir=\"auto\"><strong>Cours d\u2019essai gratuit<\/strong><\/p>\n<p dir=\"auto\">Le mat\u00e9riel n\u00e9cessaire est pr\u00eat\u00e9 gratuitement.<\/p>\n<p dir=\"auto\"><strong>Site internet:<\/strong><\/p>\n<p dir=\"auto\"><a href=\"http:\/\/www.shodokan-kendo.com\/\" target=\"_blank\" rel=\"noopener\" data-saferedirecturl=\"https:\/\/www.google.com\/url?q=http:\/\/www.shodokan-kendo.com\/&amp;source=gmail&amp;ust=1658213282008000&amp;usg=AOvVaw2jVztsGg3JPklbMbyNMmV_\">www.shodokan-kendo.com<\/a><\/p>\n<p>[\/vc_column_text][\/vc_column][vc_column width=\u00a0\u00bb1\/2&Prime;][vc_gallery type=\u00a0\u00bbimage_grid\u00a0\u00bb images=\u00a0\u00bb2379,2380,2381,2382&Prime; img_size=\u00a0\u00bbmedium\u00a0\u00bb onclick=\u00a0\u00bb\u00a0\u00bb css_animation=\u00a0\u00bbfadeIn\u00a0\u00bb][\/vc_column][\/vc_row]<\/p>\n<\/div>","protected":false},"excerpt":{"rendered":"<p>[vc_row][vc_column width=\u00a0\u00bb1\/2&Prime;][vc_column_text] KENDO &#8211; l&rsquo;escrime japonaise Le Kendo est l\u2019h\u00e9ritage des combats au sabre que se livraient les guerriers Japonais<\/p>\n","protected":false},"author":15,"featured_media":0,"parent":0,"menu_order":0,"comment_status":"closed","ping_status":"closed","template":"","meta":{"colormag_page_container_layout":"default_layout","colormag_page_sidebar_layout":"default_layout","footnotes":""},"class_list":["post-2139","page","type-page","status-publish","hentry"],"_links":{"self":[{"href":"https:\/\/amaqy.fr\/Pyramides\/wp-json\/wp\/v2\/pages\/2139","targetHints":{"allow":["GET"]}}],"collection":[{"href":"https:\/\/amaqy.fr\/Pyramides\/wp-json\/wp\/v2\/pages"}],"about":[{"href":"https:\/\/amaqy.fr\/Pyramides\/wp-json\/wp\/v2\/types\/page"}],"author":[{"embeddable":true,"href":"https:\/\/amaqy.fr\/Pyramides\/wp-json\/wp\/v2\/users\/15"}],"replies":[{"embeddable":true,"href":"https:\/\/amaqy.fr\/Pyramides\/wp-json\/wp\/v2\/comments?post=2139"}],"version-history":[{"count":2,"href":"https:\/\/amaqy.fr\/Pyramides\/wp-json\/wp\/v2\/pages\/2139\/revisions"}],"predecessor-version":[{"id":2383,"href":"https:\/\/amaqy.fr\/Pyramides\/wp-json\/wp\/v2\/pages\/2139\/revisions\/2383"}],"wp:attachment":[{"href":"https:\/\/amaqy.fr\/Pyramides\/wp-json\/wp\/v2\/media?parent=2139"}],"curies":[{"name":"wp","href":"https:\/\/api.w.org\/{rel}","templated":true}]}}