{"id":2128,"date":"2021-11-15T14:16:45","date_gmt":"2021-11-15T13:16:45","guid":{"rendered":"http:\/\/amaqy.fr\/Pyramides\/?page_id=2128"},"modified":"2021-11-25T09:49:18","modified_gmt":"2021-11-25T08:49:18","slug":"aein","status":"publish","type":"page","link":"https:\/\/amaqy.fr\/Pyramides\/aein\/","title":{"rendered":"AEIN"},"content":{"rendered":"<div class=\"wpb-content-wrapper\"><p>[vc_row 0=\u00a0\u00bb\u00a0\u00bb][vc_column width=\u00a0\u00bb2\/3&Prime;][vc_column_text 0=\u00a0\u00bb\u00a0\u00bb]L\u2019Association pour les Echanges Internationaux et Nationaux (AEIN) a pour objet de\u00a0faciliter les \u00e9changes scolaires, sportifs, culturels et familiaux et de favoriser le partenariat pour le d\u00e9veloppement des populations, avec des pays, des r\u00e9gions, des villes, \u00e0 l\u2019\u00e9tranger et en France.<\/p>\n<p>L\u2019association est situ\u00e9e au 6 rue de Bretagne \u2013 R\u00e9sidence Bretagne \u00e0 La Roche-sur-Yon.<\/p>\n<p>Son secr\u00e9tariat est ouvert le\u00a0lundi\u00a0de 9h00 \u00e0 12h00 et de 14h00 \u00e0 17h00, le\u00a0mardi\u00a0et le\u00a0mercredi\u00a0de 9h00 \u00e0 12h00 (et uniquement joignable au t\u00e9l\u00e9phone de 14h00 \u00e0 17h00), et le\u00a0jeudi\u00a0et le\u00a0vendredi\u00a0de 9h00 \u00e0 12h00 et de 14h00 \u00e0 17h00.<\/p>\n<p>Pour la contacter\u00a0:\u00a0<a href=\"02.51.36.13.29\">02.51.36.13.29<\/a>\u00a0ou\u00a0<a href=\"mailto:larocheaein@aein.org\">larocheaein@aein.org<\/a><\/p>\n<p><a href=\"https:\/\/aein-coursdelangues-larochesuryon.business.site\/?utm_source=gmb&amp;utm_medium=referral\">Site internet\u00a0<\/a>[\/vc_column_text][\/vc_column][vc_column width=\u00a0\u00bb1\/3&Prime;][vc_single_image image=\u00a0\u00bb2189&Prime; img_size=\u00a0\u00bbfull\u00a0\u00bb][\/vc_column][\/vc_row]<\/p>\n<\/div>","protected":false},"excerpt":{"rendered":"<p>[vc_row 0=\u00a0\u00bb\u00a0\u00bb][vc_column width=\u00a0\u00bb2\/3&Prime;][vc_column_text 0=\u00a0\u00bb\u00a0\u00bb]L\u2019Association pour les Echanges Internationaux et Nationaux (AEIN) a pour objet de\u00a0faciliter les \u00e9changes scolaires, sportifs, culturels<\/p>\n","protected":false},"author":15,"featured_media":0,"parent":0,"menu_order":0,"comment_status":"closed","ping_status":"closed","template":"","meta":{"colormag_page_container_layout":"default_layout","colormag_page_sidebar_layout":"default_layout","footnotes":""},"class_list":["post-2128","page","type-page","status-publish","hentry"],"_links":{"self":[{"href":"https:\/\/amaqy.fr\/Pyramides\/wp-json\/wp\/v2\/pages\/2128","targetHints":{"allow":["GET"]}}],"collection":[{"href":"https:\/\/amaqy.fr\/Pyramides\/wp-json\/wp\/v2\/pages"}],"about":[{"href":"https:\/\/amaqy.fr\/Pyramides\/wp-json\/wp\/v2\/types\/page"}],"author":[{"embeddable":true,"href":"https:\/\/amaqy.fr\/Pyramides\/wp-json\/wp\/v2\/users\/15"}],"replies":[{"embeddable":true,"href":"https:\/\/amaqy.fr\/Pyramides\/wp-json\/wp\/v2\/comments?post=2128"}],"version-history":[{"count":3,"href":"https:\/\/amaqy.fr\/Pyramides\/wp-json\/wp\/v2\/pages\/2128\/revisions"}],"predecessor-version":[{"id":2190,"href":"https:\/\/amaqy.fr\/Pyramides\/wp-json\/wp\/v2\/pages\/2128\/revisions\/2190"}],"wp:attachment":[{"href":"https:\/\/amaqy.fr\/Pyramides\/wp-json\/wp\/v2\/media?parent=2128"}],"curies":[{"name":"wp","href":"https:\/\/api.w.org\/{rel}","templated":true}]}}