{"id":1493,"date":"2020-02-18T14:11:00","date_gmt":"2020-02-18T13:11:00","guid":{"rendered":"http:\/\/amaqy.fr\/Pyramides\/?page_id=1493"},"modified":"2026-04-07T10:25:27","modified_gmt":"2026-04-07T09:25:27","slug":"table-ouverte","status":"publish","type":"page","link":"https:\/\/amaqy.fr\/Pyramides\/adultes\/table-ouverte\/","title":{"rendered":"Table ouverte"},"content":{"rendered":"<div class=\"wpb-content-wrapper\"><p>[vc_row][vc_column width=\u00a0\u00bb1\/4&Prime;][vc_single_image image=\u00a0\u00bb1519&Prime; img_size=\u00a0\u00bbmedium\u00a0\u00bb style=\u00a0\u00bbvc_box_shadow_3d\u00a0\u00bb][\/vc_column][vc_column width=\u00a0\u00bb3\/4&Prime;][vc_column_text]L&rsquo;objectif de la Table ouverte est de r\u00e9unir les habitants autour d&rsquo;un repas \u00e9quilibr\u00e9 \u00e0 petit prix.<\/p>\n<p>Ce d\u00e9jeuner est r\u00e9alis\u00e9 par l&rsquo;association d&rsquo;insertion <a href=\"http:\/\/www.grainedid.fr\/site\/\">Graine d&rsquo;ID,<\/a> en collaboration avec les maisons de quartier Jean Yole et Pyramides. Ce repas est suivi pour ceux qui le souhaitent de jeux de soci\u00e9t\u00e9.[\/vc_column_text][\/vc_column][\/vc_row][vc_row][vc_column width=\u00a0\u00bb1\/2&Prime;][vc_column_text]<\/p>\n<h3><em>Modalit\u00e9s d&rsquo;inscription:<\/em><\/h3>\n<p>Inscription les lundis matin de 10h \u00e0 12h \u00e0 Jean Yole et les lundis apr\u00e8s midi de 14h \u00e0 16h \u00e0 Pyramides.<\/p>\n<h3><em>Tarifs:<\/em><\/h3>\n<p>Adh\u00e9rents: 6.50\u20ac ou 4.50\u20ac (r\u00e9duit*)<\/p>\n<p>Non adh\u00e9rents: 9.50\u20ac<\/p>\n<p>Tarif d\u00e9couverte: 4.50\u20ac<\/p>\n<p>*Tarif r\u00e9duit sur pr\u00e9sentation d&rsquo;un justificatif CAF.[\/vc_column_text][\/vc_column][vc_column width=\u00a0\u00bb1\/2&Prime;][vc_column_text]<\/p>\n<h3><em>Jour et Horaire:<\/em><\/h3>\n<p><span style=\"color: #ff9900\">Le jeudi \u00e0 12h30<\/span> en alternance \u00e0 la Maison de Quartier des Pyramides ou de Jean Yole (voir planning)[\/vc_column_text][vc_btn title=\u00a0\u00bbPlanning Table ouverte\u00a0\u00bb style=\u00a0\u00bb3d\u00a0\u00bb color=\u00a0\u00bbpeacoc\u00a0\u00bb align=\u00a0\u00bbcenter\u00a0\u00bb css=\u00a0\u00bb\u00a0\u00bb button_block=\u00a0\u00bbtrue\u00a0\u00bb link=\u00a0\u00bburl:https%3A%2F%2Famaqy.fr%2FPyramides%2Fwp-content%2Fuploads%2Fsites%2F4%2F2026%2F03%2FCapture-decran-2026-03-30-150505.webp|target:_blank\u00a0\u00bb][vc_btn title=\u00a0\u00bbMenu de la semaine\u00a0\u00bb style=\u00a0\u00bb3d\u00a0\u00bb color=\u00a0\u00bbpeacoc\u00a0\u00bb align=\u00a0\u00bbcenter\u00a0\u00bb css=\u00a0\u00bb\u00a0\u00bb button_block=\u00a0\u00bbtrue\u00a0\u00bb link=\u00a0\u00bburl:https%3A%2F%2Famaqy.fr%2FPyramides%2Fwp-content%2Fuploads%2Fsites%2F4%2F2026%2F04%2FMENU-DU-09-04.webp|target:_blank\u00a0\u00bb][\/vc_column][\/vc_row][vc_row][vc_column width=\u00a0\u00bb1\/2&Prime;][\/vc_column][vc_column width=\u00a0\u00bb1\/2&Prime;][\/vc_column][\/vc_row]<\/p>\n<\/div>","protected":false},"excerpt":{"rendered":"<p>[vc_row][vc_column width=\u00a0\u00bb1\/4&Prime;][vc_single_image image=\u00a0\u00bb1519&Prime; img_size=\u00a0\u00bbmedium\u00a0\u00bb style=\u00a0\u00bbvc_box_shadow_3d\u00a0\u00bb][\/vc_column][vc_column width=\u00a0\u00bb3\/4&Prime;][vc_column_text]L&rsquo;objectif de la Table ouverte est de r\u00e9unir les habitants autour d&rsquo;un repas \u00e9quilibr\u00e9 \u00e0<\/p>\n","protected":false},"author":15,"featured_media":0,"parent":1585,"menu_order":8,"comment_status":"closed","ping_status":"closed","template":"","meta":{"colormag_page_container_layout":"default_layout","colormag_page_sidebar_layout":"default_layout","footnotes":""},"class_list":["post-1493","page","type-page","status-publish","hentry"],"_links":{"self":[{"href":"https:\/\/amaqy.fr\/Pyramides\/wp-json\/wp\/v2\/pages\/1493","targetHints":{"allow":["GET"]}}],"collection":[{"href":"https:\/\/amaqy.fr\/Pyramides\/wp-json\/wp\/v2\/pages"}],"about":[{"href":"https:\/\/amaqy.fr\/Pyramides\/wp-json\/wp\/v2\/types\/page"}],"author":[{"embeddable":true,"href":"https:\/\/amaqy.fr\/Pyramides\/wp-json\/wp\/v2\/users\/15"}],"replies":[{"embeddable":true,"href":"https:\/\/amaqy.fr\/Pyramides\/wp-json\/wp\/v2\/comments?post=1493"}],"version-history":[{"count":5,"href":"https:\/\/amaqy.fr\/Pyramides\/wp-json\/wp\/v2\/pages\/1493\/revisions"}],"predecessor-version":[{"id":3686,"href":"https:\/\/amaqy.fr\/Pyramides\/wp-json\/wp\/v2\/pages\/1493\/revisions\/3686"}],"up":[{"embeddable":true,"href":"https:\/\/amaqy.fr\/Pyramides\/wp-json\/wp\/v2\/pages\/1585"}],"wp:attachment":[{"href":"https:\/\/amaqy.fr\/Pyramides\/wp-json\/wp\/v2\/media?parent=1493"}],"curies":[{"name":"wp","href":"https:\/\/api.w.org\/{rel}","templated":true}]}}