{"id":1479,"date":"2020-02-18T14:01:44","date_gmt":"2020-02-18T13:01:44","guid":{"rendered":"http:\/\/amaqy.fr\/Pyramides\/?page_id=1479"},"modified":"2026-01-23T11:48:12","modified_gmt":"2026-01-23T10:48:12","slug":"randonnee","status":"publish","type":"page","link":"https:\/\/amaqy.fr\/Pyramides\/adultes\/randonnee\/","title":{"rendered":"Randonn\u00e9e"},"content":{"rendered":"<div class=\"wpb-content-wrapper\"><p>[vc_row][vc_column width=\u00a0\u00bb1\/4&Prime;][vc_single_image image=\u00a0\u00bb1509&Prime; img_size=\u00a0\u00bbmedium\u00a0\u00bb style=\u00a0\u00bbvc_box_shadow_3d\u00a0\u00bb][\/vc_column][vc_column width=\u00a0\u00bb3\/4&Prime;][vc_column_text css=\u00a0\u00bb\u00a0\u00bb]Depuis Janvier 2025, nous vous proposons 2 possibilit\u00e9s de randonn\u00e9e avec la Maison de Quartier !<br \/>\nUne randonn\u00e9e \u00e0 destination des s\u00e9niors ou des personnes d\u00e9sireuses de marcher sur de courtes distances (environ 4 km ou 1h30) le lundi matin. D\u00e9part devant la Maison de Quartier.<\/p>\n<p>Et une autre randonn\u00e9e pour les bons marcheurs entre 7 et 10kms\u00a0 dans les communes environnantes. (25 kms maximum). Deux ou trois journ\u00e9es sont pr\u00e9vues dans l&rsquo;ann\u00e9e avec un pique-nique. D\u00e9part pr\u00e9vu \u00e0 14h sur le parking de l&rsquo;Enrilise, Bat J, face \u00e0 la Maison de Quartier.<\/p>\n<p>Une sortie annuelle avec visite et randonn\u00e9e est ouverte \u00e0 tous.[\/vc_column_text][\/vc_column][\/vc_row][vc_row][vc_column width=\u00a0\u00bb1\/2&Prime;][vc_column_text]<\/p>\n<h3><em>Modalit\u00e9s d&rsquo;inscription:<\/em><\/h3>\n<p>Adh\u00e9sion Amaqy<\/p>\n<h3><em>Tarifs<\/em><\/h3>\n<p>Covoiturage en fonction du lieu de randonn\u00e9e<\/p>\n<p>entre 1 et 2\u20ac[\/vc_column_text][\/vc_column][vc_column width=\u00a0\u00bb1\/2&Prime;][vc_column_text css=\u00a0\u00bb\u00a0\u00bb]<\/p>\n<h3 style=\"text-align: left;\"><em>Jour et horaire:<\/em><\/h3>\n<p><span style=\"color: #ff9900;\">Lundi 9h30<br \/>\nMercredi 14h<\/span>[\/vc_column_text][vc_btn title=\u00a0\u00bbProgramme des randonn\u00e9es\u00a0\u00bb style=\u00a0\u00bb3d\u00a0\u00bb color=\u00a0\u00bbpeacoc\u00a0\u00bb align=\u00a0\u00bbcenter\u00a0\u00bb css=\u00a0\u00bb\u00a0\u00bb link=\u00a0\u00bburl:https%3A%2F%2Fdrive.google.com%2Ffile%2Fd%2F17_Ocv0sZ9hdcWzqgLyc78H75r5QcUFjU%2Fview%3Fusp%3Dsharing|target:_blank\u00a0\u00bb][\/vc_column][\/vc_row]<\/p>\n<\/div>","protected":false},"excerpt":{"rendered":"<p>[vc_row][vc_column width=\u00a0\u00bb1\/4&Prime;][vc_single_image image=\u00a0\u00bb1509&Prime; img_size=\u00a0\u00bbmedium\u00a0\u00bb style=\u00a0\u00bbvc_box_shadow_3d\u00a0\u00bb][\/vc_column][vc_column width=\u00a0\u00bb3\/4&Prime;][vc_column_text css=\u00a0\u00bb\u00a0\u00bb]Depuis Janvier 2025, nous vous proposons 2 possibilit\u00e9s de randonn\u00e9e avec la Maison de<\/p>\n","protected":false},"author":15,"featured_media":0,"parent":1585,"menu_order":1,"comment_status":"closed","ping_status":"closed","template":"","meta":{"colormag_page_container_layout":"default_layout","colormag_page_sidebar_layout":"default_layout","footnotes":""},"class_list":["post-1479","page","type-page","status-publish","hentry"],"_links":{"self":[{"href":"https:\/\/amaqy.fr\/Pyramides\/wp-json\/wp\/v2\/pages\/1479","targetHints":{"allow":["GET"]}}],"collection":[{"href":"https:\/\/amaqy.fr\/Pyramides\/wp-json\/wp\/v2\/pages"}],"about":[{"href":"https:\/\/amaqy.fr\/Pyramides\/wp-json\/wp\/v2\/types\/page"}],"author":[{"embeddable":true,"href":"https:\/\/amaqy.fr\/Pyramides\/wp-json\/wp\/v2\/users\/15"}],"replies":[{"embeddable":true,"href":"https:\/\/amaqy.fr\/Pyramides\/wp-json\/wp\/v2\/comments?post=1479"}],"version-history":[{"count":5,"href":"https:\/\/amaqy.fr\/Pyramides\/wp-json\/wp\/v2\/pages\/1479\/revisions"}],"predecessor-version":[{"id":3592,"href":"https:\/\/amaqy.fr\/Pyramides\/wp-json\/wp\/v2\/pages\/1479\/revisions\/3592"}],"up":[{"embeddable":true,"href":"https:\/\/amaqy.fr\/Pyramides\/wp-json\/wp\/v2\/pages\/1585"}],"wp:attachment":[{"href":"https:\/\/amaqy.fr\/Pyramides\/wp-json\/wp\/v2\/media?parent=1479"}],"curies":[{"name":"wp","href":"https:\/\/api.w.org\/{rel}","templated":true}]}}