{"id":1476,"date":"2020-02-18T11:48:13","date_gmt":"2020-02-18T10:48:13","guid":{"rendered":"http:\/\/amaqy.fr\/Pyramides\/?page_id=1476"},"modified":"2025-08-21T09:50:06","modified_gmt":"2025-08-21T08:50:06","slug":"yoga","status":"publish","type":"page","link":"https:\/\/amaqy.fr\/Pyramides\/yoga\/","title":{"rendered":"Yoga"},"content":{"rendered":"<div class=\"wpb-content-wrapper\"><p>[vc_row][vc_column width=\u00a0\u00bb1\/4&Prime;][vc_single_image image=\u00a0\u00bb1502&Prime; img_size=\u00a0\u00bblarge\u00a0\u00bb style=\u00a0\u00bbvc_box_shadow_3d\u00a0\u00bb][\/vc_column][vc_column width=\u00a0\u00bb3\/4&Prime;][vc_column_text]Prendre soin de soi, apprendre \u00e0 se conna\u00eetre, \u00e9couter son corps, se d\u00e9tendre, respirer, souffler un peu&#8230;Venu des Indes, le yoga peut apporter des r\u00e9ponses aux probl\u00e8mes du monde actuel: stress, insomnie, anxi\u00e9t\u00e9, surmenage, fatigue. Le Yoga s&rsquo;adresse \u00e0 tous ceux et celles qui \u00e9prouvent la n\u00e9cessit\u00e9 de se sentir mieux dans leur corps, dans leur vie, dans le monde.[\/vc_column_text][\/vc_column][\/vc_row][vc_row][vc_column width=\u00a0\u00bb1\/2&Prime;][vc_column_text css=\u00a0\u00bb\u00a0\u00bb]<\/p>\n<h3><em>Modalit\u00e9s d&rsquo;inscription<\/em>:<\/h3>\n<p>Adh\u00e9sion Amaqy. 1er cours d&rsquo;essai gratuit.<\/p>\n<p><em><strong>Tarifs en fonction du Quotient CAF ou avis d&rsquo;imposition<\/strong><br \/>\n<\/em>Pour les Yonnais:<br \/>\nCAF &lt; 700 : 105\u20ac<br \/>\nCAF &gt; 700 : 145\u20ac\/ an<\/p>\n<p>Pour les non Yonnais:<br \/>\nCAF &lt; 700 : 125\u20ac<br \/>\nCAF &gt; 700 : 165\u20ac\/ an<\/p>\n<p>Paiement en 3 ch\u00e8ques \u00e0 l&rsquo;inscription.<\/p>\n<p>&nbsp;[\/vc_column_text][\/vc_column][vc_column width=\u00a0\u00bb1\/2&Prime;][vc_column_text]<\/p>\n<h3><em>Jours et Horaires:<\/em><\/h3>\n<p><span style=\"color: #ff9900\">Le lundi de 18h45 \u00e0 20h\u00a0<\/span><\/p>\n<p><span style=\"color: #ff9900\">Le mardi de 10h15 \u00e0 11h30\u00a0<\/span><\/p>\n<p>Pr\u00e9voir une tenue souple, une couverture ou un duvet. D\u00e9but des cours en Septembre. A partir de 16 ans. Fournir un certificat m\u00e9dical de moins de 3 ans.[\/vc_column_text][\/vc_column][\/vc_row]<\/p>\n<\/div>","protected":false},"excerpt":{"rendered":"<p>[vc_row][vc_column width=\u00a0\u00bb1\/4&Prime;][vc_single_image image=\u00a0\u00bb1502&Prime; img_size=\u00a0\u00bblarge\u00a0\u00bb style=\u00a0\u00bbvc_box_shadow_3d\u00a0\u00bb][\/vc_column][vc_column width=\u00a0\u00bb3\/4&Prime;][vc_column_text]Prendre soin de soi, apprendre \u00e0 se conna\u00eetre, \u00e9couter son corps, se d\u00e9tendre, respirer, souffler<\/p>\n","protected":false},"author":15,"featured_media":0,"parent":0,"menu_order":0,"comment_status":"closed","ping_status":"closed","template":"","meta":{"colormag_page_container_layout":"default_layout","colormag_page_sidebar_layout":"default_layout","footnotes":""},"class_list":["post-1476","page","type-page","status-publish","hentry"],"_links":{"self":[{"href":"https:\/\/amaqy.fr\/Pyramides\/wp-json\/wp\/v2\/pages\/1476","targetHints":{"allow":["GET"]}}],"collection":[{"href":"https:\/\/amaqy.fr\/Pyramides\/wp-json\/wp\/v2\/pages"}],"about":[{"href":"https:\/\/amaqy.fr\/Pyramides\/wp-json\/wp\/v2\/types\/page"}],"author":[{"embeddable":true,"href":"https:\/\/amaqy.fr\/Pyramides\/wp-json\/wp\/v2\/users\/15"}],"replies":[{"embeddable":true,"href":"https:\/\/amaqy.fr\/Pyramides\/wp-json\/wp\/v2\/comments?post=1476"}],"version-history":[{"count":5,"href":"https:\/\/amaqy.fr\/Pyramides\/wp-json\/wp\/v2\/pages\/1476\/revisions"}],"predecessor-version":[{"id":3378,"href":"https:\/\/amaqy.fr\/Pyramides\/wp-json\/wp\/v2\/pages\/1476\/revisions\/3378"}],"wp:attachment":[{"href":"https:\/\/amaqy.fr\/Pyramides\/wp-json\/wp\/v2\/media?parent=1476"}],"curies":[{"name":"wp","href":"https:\/\/api.w.org\/{rel}","templated":true}]}}