{"id":3160,"date":"2025-09-16T16:14:40","date_gmt":"2025-09-16T15:14:40","guid":{"rendered":"https:\/\/amaqy.fr\/Morineau\/?page_id=3160"},"modified":"2025-09-16T16:14:40","modified_gmt":"2025-09-16T15:14:40","slug":"theatre-les-jeux-dits","status":"publish","type":"page","link":"https:\/\/amaqy.fr\/Morineau\/theatre-les-jeux-dits\/","title":{"rendered":"THEATRE LES JEUX DITS"},"content":{"rendered":"<div class=\"wpb-content-wrapper\"><p>[vc_row][vc_column css=\u00a0\u00bb.vc_custom_1756996291633{background-color: #FFFFFF !important;border-color: #FFFFFF !important;}\u00a0\u00bb][vc_column_text css=\u00a0\u00bb\u00a0\u00bb]<strong>Descriptifs :<\/strong>\u00a0D\u00e9couverte, initiation au jeux th\u00e9\u00e2tral. D\u00e9velopper la pr\u00e9sence et l\u2019\u00e9coute au travers de jeux sc\u00e9niques et de l\u2019improvisation. Appr\u00e9hender un projet collectif.<\/p>\n<p><b>P\u00e9riode\u00a0 :\u00a0<\/b>Septembre \u00e0 Juin<\/p>\n<p><strong>Reprise : <span style=\"color: #993300\">Jeudi 02 octobre<\/span><\/strong><\/p>\n<p><strong>Genres :\u00a0<\/strong>Cr\u00e9ation artistique<\/p>\n<p><strong>Intervenant professionnel :\u00a0<\/strong>Karl Brochoire<\/p>\n<p><strong>B\u00e9n\u00e9vole r\u00e9f\u00e9rente<\/strong>\u00a0: Catherine Renaudin<\/p>\n<p><strong>Jours et Heures :\u00a0<\/strong>Jeudi scolaire tous les 15j (25h\/an)<\/p>\n<p><strong>Publics :\u00a0<\/strong>A partir de 18 ans<\/p>\n<p><strong>Tarifs 2025-2026 :\u00a0<\/strong><\/p>\n<p><em><strong>Yonnais<\/strong><\/em><br \/>\nQF &gt; 700 : 258\u20ac<br \/>\nQF &lt; 700 : 219\u20ac<\/p>\n<p><em><strong>Non yonnais<\/strong><\/em><br \/>\nQF &gt; 700 : 279\u20ac<br \/>\nQF &lt; 700 : 237\u20ac<\/p>\n<p><strong>Activit\u00e9 sur place :\u00a0<\/strong>Oui<\/p>\n<p>[\/vc_column_text][\/vc_column][\/vc_row][vc_row][vc_column][\/vc_column][\/vc_row]<\/p>\n<\/div>","protected":false},"excerpt":{"rendered":"<p>[vc_row][vc_column css=\u00a0\u00bb.vc_custom_1756996291633{background-color: #FFFFFF !important;border-color: #FFFFFF !important;}\u00a0\u00bb][vc_column_text css=\u00a0\u00bb\u00a0\u00bb]Descriptifs :\u00a0D\u00e9couverte, initiation au jeux th\u00e9\u00e2tral. D\u00e9velopper la pr\u00e9sence et l\u2019\u00e9coute au travers de<\/p>\n","protected":false},"author":12,"featured_media":0,"parent":0,"menu_order":0,"comment_status":"closed","ping_status":"closed","template":"","meta":{"colormag_page_container_layout":"default_layout","colormag_page_sidebar_layout":"default_layout","footnotes":""},"class_list":["post-3160","page","type-page","status-publish","hentry"],"_links":{"self":[{"href":"https:\/\/amaqy.fr\/Morineau\/wp-json\/wp\/v2\/pages\/3160","targetHints":{"allow":["GET"]}}],"collection":[{"href":"https:\/\/amaqy.fr\/Morineau\/wp-json\/wp\/v2\/pages"}],"about":[{"href":"https:\/\/amaqy.fr\/Morineau\/wp-json\/wp\/v2\/types\/page"}],"author":[{"embeddable":true,"href":"https:\/\/amaqy.fr\/Morineau\/wp-json\/wp\/v2\/users\/12"}],"replies":[{"embeddable":true,"href":"https:\/\/amaqy.fr\/Morineau\/wp-json\/wp\/v2\/comments?post=3160"}],"version-history":[{"count":1,"href":"https:\/\/amaqy.fr\/Morineau\/wp-json\/wp\/v2\/pages\/3160\/revisions"}],"predecessor-version":[{"id":3161,"href":"https:\/\/amaqy.fr\/Morineau\/wp-json\/wp\/v2\/pages\/3160\/revisions\/3161"}],"wp:attachment":[{"href":"https:\/\/amaqy.fr\/Morineau\/wp-json\/wp\/v2\/media?parent=3160"}],"curies":[{"name":"wp","href":"https:\/\/api.w.org\/{rel}","templated":true}]}}