{"id":3157,"date":"2025-09-16T16:11:00","date_gmt":"2025-09-16T15:11:00","guid":{"rendered":"https:\/\/amaqy.fr\/Morineau\/?page_id=3157"},"modified":"2025-09-16T16:11:00","modified_gmt":"2025-09-16T15:11:00","slug":"la-gambette-randonnee","status":"publish","type":"page","link":"https:\/\/amaqy.fr\/Morineau\/la-gambette-randonnee\/","title":{"rendered":"LA GAMBETTE : RANDONNEE"},"content":{"rendered":"<div class=\"wpb-content-wrapper\"><p>[vc_row][vc_column css=\u00a0\u00bb.vc_custom_1756996291633{background-color: #FFFFFF !important;border-color: #FFFFFF !important;}\u00a0\u00bb][vc_column_text css=\u00a0\u00bb\u00a0\u00bb]<strong>Descriptifs :\u00a0<\/strong>Se retrouver pour marcher tranquillement, rire, papoter et partager un moment convivial (environ 4 km de balade).<\/p>\n<p><strong>Genres :\u00a0<\/strong>Marcher c\u2019est bon pour la sant\u00e9<\/p>\n<p><b>P\u00e9riode\u00a0 :\u00a0<\/b>Septembre \u00e0 Juin (arr\u00eat des randonn\u00e9es en juillet et ao\u00fbt)<\/p>\n<p><strong>Reprise :\u00a0<span style=\"color: #993300\">Mardi 07 octobre 2025<\/span><\/strong><\/p>\n<p><strong>B\u00e9n\u00e9voles :\u00a0<\/strong>Andr\u00e9 Hamon et Jacques Berthom\u00e9<\/p>\n<p><strong>Jours et Heures :\u00a0<\/strong>Mardi tous les 15 jours de 14h \u00e0 17h (en matin\u00e9e \u00e0 partir de mai\/juin)<\/p>\n<p><strong>Publics :\u00a0<\/strong>Tout public<\/p>\n<p><strong>Tarifs 2025-2026 :\u00a0<\/strong><\/p>\n<p><em><strong>Yonnais<\/strong><\/em><br \/>\nQF &gt; 700 : 9\u20ac<br \/>\nQF &lt; 700 : 5\u20ac<\/p>\n<p><em><strong>Non yonnais<\/strong><\/em><br \/>\nQF &gt; 700 : 11\u20ac<br \/>\nQF &lt; 700 : 7\u20ac<\/p>\n<p>&nbsp;<\/p>\n<p><strong>Activit\u00e9 sur place :\u00a0<\/strong>Oui[\/vc_column_text][\/vc_column][\/vc_row][vc_row][vc_column][\/vc_column][\/vc_row]<\/p>\n<\/div>","protected":false},"excerpt":{"rendered":"<p>[vc_row][vc_column css=\u00a0\u00bb.vc_custom_1756996291633{background-color: #FFFFFF !important;border-color: #FFFFFF !important;}\u00a0\u00bb][vc_column_text css=\u00a0\u00bb\u00a0\u00bb]Descriptifs :\u00a0Se retrouver pour marcher tranquillement, rire, papoter et partager un moment convivial (environ<\/p>\n","protected":false},"author":12,"featured_media":0,"parent":0,"menu_order":0,"comment_status":"closed","ping_status":"closed","template":"","meta":{"colormag_page_container_layout":"default_layout","colormag_page_sidebar_layout":"default_layout","footnotes":""},"class_list":["post-3157","page","type-page","status-publish","hentry"],"_links":{"self":[{"href":"https:\/\/amaqy.fr\/Morineau\/wp-json\/wp\/v2\/pages\/3157","targetHints":{"allow":["GET"]}}],"collection":[{"href":"https:\/\/amaqy.fr\/Morineau\/wp-json\/wp\/v2\/pages"}],"about":[{"href":"https:\/\/amaqy.fr\/Morineau\/wp-json\/wp\/v2\/types\/page"}],"author":[{"embeddable":true,"href":"https:\/\/amaqy.fr\/Morineau\/wp-json\/wp\/v2\/users\/12"}],"replies":[{"embeddable":true,"href":"https:\/\/amaqy.fr\/Morineau\/wp-json\/wp\/v2\/comments?post=3157"}],"version-history":[{"count":1,"href":"https:\/\/amaqy.fr\/Morineau\/wp-json\/wp\/v2\/pages\/3157\/revisions"}],"predecessor-version":[{"id":3158,"href":"https:\/\/amaqy.fr\/Morineau\/wp-json\/wp\/v2\/pages\/3157\/revisions\/3158"}],"wp:attachment":[{"href":"https:\/\/amaqy.fr\/Morineau\/wp-json\/wp\/v2\/media?parent=3157"}],"curies":[{"name":"wp","href":"https:\/\/api.w.org\/{rel}","templated":true}]}}