{"id":3153,"date":"2025-09-16T16:09:43","date_gmt":"2025-09-16T15:09:43","guid":{"rendered":"https:\/\/amaqy.fr\/Morineau\/?page_id=3153"},"modified":"2025-09-16T16:09:43","modified_gmt":"2025-09-16T15:09:43","slug":"la-gambade-randonnee","status":"publish","type":"page","link":"https:\/\/amaqy.fr\/Morineau\/la-gambade-randonnee\/","title":{"rendered":"LA GAMBADE : RANDONNEE"},"content":{"rendered":"<div class=\"wpb-content-wrapper\"><p>[vc_row][vc_column css=\u00a0\u00bb.vc_custom_1756996291633{background-color: #FFFFFF !important;border-color: #FFFFFF !important;}\u00a0\u00bb][vc_column_text css=\u00a0\u00bb\u00a0\u00bb]<strong>Descriptifs :\u00a0<\/strong>bouger, marcher, rire et bavarder. Temps de convivialit\u00e9 avec le partage du go\u00fbter. Sorties \u00e0 la journ\u00e9e, restaurant et soir\u00e9es r\u00e9tro ! 2 circuits propos\u00e9s : 10 kms ou 8 kms.<\/p>\n<p><strong>Genres :\u00a0<\/strong>Marcher c\u2019est bon pour la sant\u00e9<\/p>\n<p><b>P\u00e9riode\u00a0 :\u00a0<\/b>Septembre \u00e0 Juin, l\u2019apr\u00e8s-midi ou le matin en belle saison (arr\u00eat des randonn\u00e9es en juillet et ao\u00fbt)<\/p>\n<p><strong>Reprise :\u00a0<span style=\"color: #993300\">Jeudi 04 septembre 2025<\/span><\/strong><\/p>\n<p><strong>B\u00e9n\u00e9voles\u00a0 :\u00a0<\/strong>Groupe de la Gambade<\/p>\n<p><strong>Jours et Heures :\u00a0<\/strong>Jeudi<\/p>\n<p>En apr\u00e8s- midi : rendez vous devant la maison de quartier \u00e0 13h15 d\u00e9part \u00e0 13h30 avec un retour pr\u00e9vu entre 17h30 et 18h<\/p>\n<p>ou<\/p>\n<p>A la journ\u00e9e : rendez vous devant la maison de quartier \u00e0 9h pour un d\u00e9part \u00e0 9h15 retour entre 16h et 18h (pr\u00e9voir pique-nique)<\/p>\n<p><strong>Publics :\u00a0<\/strong>Adultes<\/p>\n<p><strong>Tarifs 2025-2026 :\u00a0<\/strong><\/p>\n<p><em><strong>Yonnais<\/strong><\/em><br \/>\nQF &gt; 700 : 15\u20ac<br \/>\nQF &lt; 700 : 11\u20ac<\/p>\n<p><em><strong>Non yonnais<\/strong><\/em><br \/>\nQF &gt; 700 : 17\u20ac<br \/>\nQF &lt; 700 : 13\u20ac<\/p>\n<p><strong>Activit\u00e9 sur place :\u00a0<\/strong>Oui[\/vc_column_text][\/vc_column][\/vc_row][vc_row][vc_column][\/vc_column][\/vc_row]<\/p>\n<\/div>","protected":false},"excerpt":{"rendered":"<p>[vc_row][vc_column css=\u00a0\u00bb.vc_custom_1756996291633{background-color: #FFFFFF !important;border-color: #FFFFFF !important;}\u00a0\u00bb][vc_column_text css=\u00a0\u00bb\u00a0\u00bb]Descriptifs :\u00a0bouger, marcher, rire et bavarder. Temps de convivialit\u00e9 avec le partage du go\u00fbter.<\/p>\n","protected":false},"author":12,"featured_media":0,"parent":0,"menu_order":0,"comment_status":"closed","ping_status":"closed","template":"","meta":{"colormag_page_container_layout":"default_layout","colormag_page_sidebar_layout":"default_layout","footnotes":""},"class_list":["post-3153","page","type-page","status-publish","hentry"],"_links":{"self":[{"href":"https:\/\/amaqy.fr\/Morineau\/wp-json\/wp\/v2\/pages\/3153","targetHints":{"allow":["GET"]}}],"collection":[{"href":"https:\/\/amaqy.fr\/Morineau\/wp-json\/wp\/v2\/pages"}],"about":[{"href":"https:\/\/amaqy.fr\/Morineau\/wp-json\/wp\/v2\/types\/page"}],"author":[{"embeddable":true,"href":"https:\/\/amaqy.fr\/Morineau\/wp-json\/wp\/v2\/users\/12"}],"replies":[{"embeddable":true,"href":"https:\/\/amaqy.fr\/Morineau\/wp-json\/wp\/v2\/comments?post=3153"}],"version-history":[{"count":1,"href":"https:\/\/amaqy.fr\/Morineau\/wp-json\/wp\/v2\/pages\/3153\/revisions"}],"predecessor-version":[{"id":3154,"href":"https:\/\/amaqy.fr\/Morineau\/wp-json\/wp\/v2\/pages\/3153\/revisions\/3154"}],"wp:attachment":[{"href":"https:\/\/amaqy.fr\/Morineau\/wp-json\/wp\/v2\/media?parent=3153"}],"curies":[{"name":"wp","href":"https:\/\/api.w.org\/{rel}","templated":true}]}}