{"id":3118,"date":"2025-09-15T15:40:08","date_gmt":"2025-09-15T14:40:08","guid":{"rendered":"https:\/\/amaqy.fr\/Morineau\/?page_id=3118"},"modified":"2025-09-15T16:10:12","modified_gmt":"2025-09-15T15:10:12","slug":"tarot","status":"publish","type":"page","link":"https:\/\/amaqy.fr\/Morineau\/tarot\/","title":{"rendered":"TAROT"},"content":{"rendered":"<div class=\"wpb-content-wrapper\"><p>[vc_row][vc_column css=\u00a0\u00bb.vc_custom_1756996291633{background-color: #FFFFFF !important;border-color: #FFFFFF !important;}\u00a0\u00bb][vc_column_text css=\u00a0\u00bb\u00a0\u00bb]<b>Descriptifs :&nbsp;<\/b>Pour les \u00ab&nbsp;mordus&nbsp;\u00bb du tarot soir\u00e9e conviviale pour jouer et rompre la solitude. Pas de comp\u00e9tition, juste pour le plaisir !<\/p>\n<p><strong>Genres :&nbsp;<\/strong>Loisirs<\/p>\n<p><strong>P\u00e9riode :&nbsp;<span style=\"color: #993300;\">Sans interruption<\/span><\/strong><\/p>\n<p><strong>B\u00e9n\u00e9vole r\u00e9f\u00e9rent :&nbsp;<\/strong>Guy Trichet<\/p>\n<p><strong>Jours et Heures :&nbsp;<\/strong>Mardi de 20h \u00e0 23h<\/p>\n<p><strong>Publics :&nbsp;<\/strong>Tout public<\/p>\n<p><strong>Tarifs 2025-2026 :&nbsp;<\/strong><\/p>\n<p><em><strong>Yonnais<\/strong><\/em><br \/>\nQF &gt; 700 : 16\u20ac<br \/>\nQF &lt; 700 : 12\u20ac<\/p>\n<p><em><strong>Non yonnais<\/strong><\/em><br \/>\nQF &gt; 700 : 18\u20ac<br \/>\nQF &lt; 700 : 14\u20ac<\/p>\n<p><strong>Activit\u00e9 sur place :&nbsp;<\/strong>Oui[\/vc_column_text][\/vc_column][\/vc_row][vc_row][vc_column][\/vc_column][\/vc_row]<\/p>\n<\/div>","protected":false},"excerpt":{"rendered":"<p>[vc_row][vc_column css=\u00a0\u00bb.vc_custom_1756996291633{background-color: #FFFFFF !important;border-color: #FFFFFF !important;}\u00a0\u00bb][vc_column_text css=\u00a0\u00bb\u00a0\u00bb]Descriptifs :&nbsp;Pour les \u00ab&nbsp;mordus&nbsp;\u00bb du tarot soir\u00e9e conviviale pour jouer et rompre la solitude.<\/p>\n","protected":false},"author":12,"featured_media":0,"parent":0,"menu_order":0,"comment_status":"closed","ping_status":"closed","template":"","meta":{"colormag_page_container_layout":"default_layout","colormag_page_sidebar_layout":"default_layout","footnotes":""},"class_list":["post-3118","page","type-page","status-publish","hentry"],"_links":{"self":[{"href":"https:\/\/amaqy.fr\/Morineau\/wp-json\/wp\/v2\/pages\/3118","targetHints":{"allow":["GET"]}}],"collection":[{"href":"https:\/\/amaqy.fr\/Morineau\/wp-json\/wp\/v2\/pages"}],"about":[{"href":"https:\/\/amaqy.fr\/Morineau\/wp-json\/wp\/v2\/types\/page"}],"author":[{"embeddable":true,"href":"https:\/\/amaqy.fr\/Morineau\/wp-json\/wp\/v2\/users\/12"}],"replies":[{"embeddable":true,"href":"https:\/\/amaqy.fr\/Morineau\/wp-json\/wp\/v2\/comments?post=3118"}],"version-history":[{"count":2,"href":"https:\/\/amaqy.fr\/Morineau\/wp-json\/wp\/v2\/pages\/3118\/revisions"}],"predecessor-version":[{"id":3132,"href":"https:\/\/amaqy.fr\/Morineau\/wp-json\/wp\/v2\/pages\/3118\/revisions\/3132"}],"wp:attachment":[{"href":"https:\/\/amaqy.fr\/Morineau\/wp-json\/wp\/v2\/media?parent=3118"}],"curies":[{"name":"wp","href":"https:\/\/api.w.org\/{rel}","templated":true}]}}