{"id":3116,"date":"2025-09-15T15:39:04","date_gmt":"2025-09-15T14:39:04","guid":{"rendered":"https:\/\/amaqy.fr\/Morineau\/?page_id=3116"},"modified":"2025-09-15T16:11:36","modified_gmt":"2025-09-15T15:11:36","slug":"https-amaqy-fr-morineau-2021-08-19-amr-3","status":"publish","type":"page","link":"https:\/\/amaqy.fr\/Morineau\/https-amaqy-fr-morineau-2021-08-19-amr-3\/","title":{"rendered":"APRES-MIDI RENCONTRES"},"content":{"rendered":"<div class=\"wpb-content-wrapper\"><p>[vc_row][vc_column css=\u00a0\u00bb.vc_custom_1756996291633{background-color: #FFFFFF !important;border-color: #FFFFFF !important;}\u00a0\u00bb][vc_column_text css=\u00a0\u00bb\u00a0\u00bb el_id=\u00a0\u00bbhttps:\/\/amaqy.fr\/Morineau\/2021\/08\/19\/amr-3\/\u00a0\u00bb]<strong>Descriptifs :&nbsp;<\/strong>Se retrouver pour un apr\u00e8s-midi convivial \u2013 rompre la solitude, jeux : belote, tarot, triomino, rumicube\u2026.<\/p>\n<p><b>P\u00e9riode :&nbsp;<\/b><span style=\"color: #993300;\"><strong>Sans interruption<\/strong><\/span><\/p>\n<p><strong>Genres :&nbsp;<\/strong>Jeux de soci\u00e9t\u00e9<\/p>\n<p><strong>B\u00e9n\u00e9voles r\u00e9f\u00e9rent(e)s :&nbsp;<\/strong>Guy Trichet<\/p>\n<p><strong>Jours et Heures :&nbsp;<\/strong>Jeudi de 14h \u00e0 17h30<\/p>\n<p><strong>Publics :&nbsp;<\/strong>Tout public<\/p>\n<p><strong>Tarifs 2025-2026 :&nbsp;<\/strong><\/p>\n<p><em><strong>Yonnais<\/strong><\/em><br \/>\nQF &gt; 700 : 22\u20ac<br \/>\nQF &lt; 700 : 18\u20ac<\/p>\n<p><em><strong>Non yonnais<\/strong><\/em><br \/>\nQF &gt; 700 : 24\u20ac<br \/>\nQF &lt; 700 : 20\u20ac<\/p>\n<p><strong>Activit\u00e9 sur place :&nbsp;<\/strong>Oui[\/vc_column_text][\/vc_column][\/vc_row][vc_row][vc_column][\/vc_column][\/vc_row]<\/p>\n<\/div>","protected":false},"excerpt":{"rendered":"<p>[vc_row][vc_column css=\u00a0\u00bb.vc_custom_1756996291633{background-color: #FFFFFF !important;border-color: #FFFFFF !important;}\u00a0\u00bb][vc_column_text css=\u00a0\u00bb\u00a0\u00bb el_id=\u00a0\u00bbhttps:\/\/amaqy.fr\/Morineau\/2021\/08\/19\/amr-3\/\u00a0\u00bb]Descriptifs :&nbsp;Se retrouver pour un apr\u00e8s-midi convivial \u2013 rompre la solitude, jeux :<\/p>\n","protected":false},"author":12,"featured_media":0,"parent":0,"menu_order":0,"comment_status":"closed","ping_status":"closed","template":"","meta":{"colormag_page_container_layout":"default_layout","colormag_page_sidebar_layout":"default_layout","footnotes":""},"class_list":["post-3116","page","type-page","status-publish","hentry"],"_links":{"self":[{"href":"https:\/\/amaqy.fr\/Morineau\/wp-json\/wp\/v2\/pages\/3116","targetHints":{"allow":["GET"]}}],"collection":[{"href":"https:\/\/amaqy.fr\/Morineau\/wp-json\/wp\/v2\/pages"}],"about":[{"href":"https:\/\/amaqy.fr\/Morineau\/wp-json\/wp\/v2\/types\/page"}],"author":[{"embeddable":true,"href":"https:\/\/amaqy.fr\/Morineau\/wp-json\/wp\/v2\/users\/12"}],"replies":[{"embeddable":true,"href":"https:\/\/amaqy.fr\/Morineau\/wp-json\/wp\/v2\/comments?post=3116"}],"version-history":[{"count":4,"href":"https:\/\/amaqy.fr\/Morineau\/wp-json\/wp\/v2\/pages\/3116\/revisions"}],"predecessor-version":[{"id":3135,"href":"https:\/\/amaqy.fr\/Morineau\/wp-json\/wp\/v2\/pages\/3116\/revisions\/3135"}],"wp:attachment":[{"href":"https:\/\/amaqy.fr\/Morineau\/wp-json\/wp\/v2\/media?parent=3116"}],"curies":[{"name":"wp","href":"https:\/\/api.w.org\/{rel}","templated":true}]}}