{"id":3105,"date":"2025-09-04T15:46:46","date_gmt":"2025-09-04T14:46:46","guid":{"rendered":"https:\/\/amaqy.fr\/Morineau\/?page_id=3105"},"modified":"2025-09-15T16:04:29","modified_gmt":"2025-09-15T15:04:29","slug":"photo-numerique-et-argentique","status":"publish","type":"page","link":"https:\/\/amaqy.fr\/Morineau\/photo-numerique-et-argentique\/","title":{"rendered":"PHOTO NUMERIQUE ET ARGENTIQUE"},"content":{"rendered":"<div class=\"wpb-content-wrapper\"><p>[vc_row][vc_column css=\u00a0\u00bb.vc_custom_1756996291633{background-color: #FFFFFF !important;border-color: #FFFFFF !important;}\u00a0\u00bb][vc_column_text css=\u00a0\u00bb\u00a0\u00bb]<strong>Descriptifs :<\/strong><\/p>\n<p>Photo num\u00e9rique : pratique amateur de la photo dans un esprit convivial et de mutualisation des connaissances, sorties, partenariats\u2026<\/p>\n<p>Photo argentique : avec un labo photo \u00e0 votre disposition<\/p>\n<p><strong>Genres :\u00a0<\/strong>activit\u00e9 artistique, partage de savoir<\/p>\n<p><strong>P\u00e9riode :\u00a0<\/strong>Septembre \u00e0 Juin<\/p>\n<p><strong>R\u00e9union d\u2019information et reprise :\u00a0<span style=\"color: #993300\">Mardi 09 septembre 2025<\/span><\/strong><\/p>\n<p><strong>R\u00e9f\u00e9rents b\u00e9n\u00e9voles\u00a0 :\u00a0<\/strong>Catherine Renaudin (Argentique), Philippe Turpin (Num\u00e9rique)<\/p>\n<p><strong>Jours et Heures :\u00a0<\/strong><\/p>\n<ul>\n<li><b>Num\u00e9rique :\u00a0<\/b>Les mardis des semaines impaires de 20h30 \u00e0 22h30<\/li>\n<li><strong>Argentique<\/strong>\u00a0:\u00a0 les mardis et jeudis scolaires toutes les semaines de 20h30 \u00e0 22h30<\/li>\n<\/ul>\n<p><strong>Publics :\u00a0<\/strong>Tout public \u00e0 partir de 15 ans<\/p>\n<p><strong>Tarifs 2025-2026 :\u00a0<\/strong><\/p>\n<p><em><strong>Yonnais<\/strong><\/em><br \/>\nQF &gt; 700 : 49\u20ac<br \/>\nQF &lt; 700 : 45\u20ac<\/p>\n<p><em><strong>Non yonnais<\/strong><\/em><br \/>\nQF &gt; 700 : 51\u20ac<br \/>\nQF &lt; 700 : 47\u20ac<\/p>\n<p><strong>Activit\u00e9 sur place :\u00a0<\/strong>Oui[\/vc_column_text][\/vc_column][\/vc_row][vc_row][vc_column][\/vc_column][\/vc_row]<\/p>\n<\/div>","protected":false},"excerpt":{"rendered":"<p>[vc_row][vc_column css=\u00a0\u00bb.vc_custom_1756996291633{background-color: #FFFFFF !important;border-color: #FFFFFF !important;}\u00a0\u00bb][vc_column_text css=\u00a0\u00bb\u00a0\u00bb]Descriptifs : Photo num\u00e9rique : pratique amateur de la photo dans un esprit convivial<\/p>\n","protected":false},"author":12,"featured_media":0,"parent":0,"menu_order":0,"comment_status":"closed","ping_status":"closed","template":"","meta":{"colormag_page_container_layout":"default_layout","colormag_page_sidebar_layout":"default_layout","footnotes":""},"class_list":["post-3105","page","type-page","status-publish","hentry"],"_links":{"self":[{"href":"https:\/\/amaqy.fr\/Morineau\/wp-json\/wp\/v2\/pages\/3105","targetHints":{"allow":["GET"]}}],"collection":[{"href":"https:\/\/amaqy.fr\/Morineau\/wp-json\/wp\/v2\/pages"}],"about":[{"href":"https:\/\/amaqy.fr\/Morineau\/wp-json\/wp\/v2\/types\/page"}],"author":[{"embeddable":true,"href":"https:\/\/amaqy.fr\/Morineau\/wp-json\/wp\/v2\/users\/12"}],"replies":[{"embeddable":true,"href":"https:\/\/amaqy.fr\/Morineau\/wp-json\/wp\/v2\/comments?post=3105"}],"version-history":[{"count":3,"href":"https:\/\/amaqy.fr\/Morineau\/wp-json\/wp\/v2\/pages\/3105\/revisions"}],"predecessor-version":[{"id":3123,"href":"https:\/\/amaqy.fr\/Morineau\/wp-json\/wp\/v2\/pages\/3105\/revisions\/3123"}],"wp:attachment":[{"href":"https:\/\/amaqy.fr\/Morineau\/wp-json\/wp\/v2\/media?parent=3105"}],"curies":[{"name":"wp","href":"https:\/\/api.w.org\/{rel}","templated":true}]}}