{"id":31,"date":"2013-12-02T14:48:26","date_gmt":"2013-12-02T13:48:26","guid":{"rendered":"http:\/\/amaqy.fr\/Morineau\/?page_id=31"},"modified":"2024-09-27T08:31:06","modified_gmt":"2024-09-27T07:31:06","slug":"notre-projet","status":"publish","type":"page","link":"https:\/\/amaqy.fr\/Morineau\/accueil\/notre-projet\/","title":{"rendered":"Notre projet"},"content":{"rendered":"<div class=\"wpb-content-wrapper\"><p>[vc_row 0=\u00a0\u00bb\u00a0\u00bb][vc_column 0=\u00a0\u00bb\u00a0\u00bb][vc_column_text 0=\u00a0\u00bb\u00a0\u00bb]Le quartier du Centre-Ville\/Pont Morineau riche de 9900 habitants est agr\u00e9\u00e9 Centre Social, et notre projet, renouvel\u00e9 dans nos PAGS successifs s&rsquo;inscrit dans le respect de nos valeurs de d\u00e9mocratie, de citoyennet\u00e9, de solidarit\u00e9 et de la\u00efcit\u00e9.<\/p>\n<p>Dans les respects des missions de la CAF et des objectifs de la mission d&rsquo;int\u00e9r\u00eat g\u00e9n\u00e9ral que la ville nous a confi\u00e9s, ce projet nous permet d&rsquo;envisager les objectifs suivants\u00a0:<\/p>\n<ul>\n<li><strong>Favoriser la solidarit\u00e9<\/strong><\/li>\n<li><strong>D\u00e9velopper la citoyennet\u00e9<\/strong><\/li>\n<li><strong>D\u00e9velopper nos projets famille et la co\u00e9ducation<\/strong><\/li>\n<li><strong>D\u00e9velopper ou amplifier les partenariats<\/strong><\/li>\n<li><strong>Veiller \u00e0 mieux englober les nouveaux territoires (Zola, Pentagone)<\/strong><\/li>\n<\/ul>\n<p>Des habitants du quartier s&rsquo;investissent dans la gouvernance, les diff\u00e9rentes commissions et les groupes de b\u00e9n\u00e9voles.<\/p>\n<p>Ce projet se traduit \u00e0 travers plusieurs secteurs, la <strong>famille<\/strong>, la <strong>jeunesse<\/strong>, les <strong>ateliers<\/strong> et la <strong>commission culturelle<\/strong> que vous pouvez d\u00e9couvrir sur notre site.<\/p>\n<p>Les repr\u00e9sentantes[\/vc_column_text][vc_btn title=\u00a0\u00bbR\u00e8glement int\u00e9rieur AMAQY\u00a0\u00bb color=\u00a0\u00bbviolet\u00a0\u00bb size=\u00a0\u00bblg\u00a0\u00bb align=\u00a0\u00bbcenter\u00a0\u00bb button_block=\u00a0\u00bbtrue\u00a0\u00bb link=\u00a0\u00bburl:http%3A%2F%2Famaqy.fr%2Fwp-content%2Fuploads%2F2024%2F05%2F2024-Reglt-Interieur-Statutaire-AMAQY-validation-CA-du-21-12-2023-signe.pdf||target:%20_blank|\u00a0\u00bb][\/vc_column][\/vc_row]<\/p>\n<\/div>","protected":false},"excerpt":{"rendered":"<p>[vc_row 0=\u00a0\u00bb\u00a0\u00bb][vc_column 0=\u00a0\u00bb\u00a0\u00bb][vc_column_text 0=\u00a0\u00bb\u00a0\u00bb]Le quartier du Centre-Ville\/Pont Morineau riche de 9900 habitants est agr\u00e9\u00e9 Centre Social, et notre projet, renouvel\u00e9<\/p>\n","protected":false},"author":1,"featured_media":0,"parent":11,"menu_order":2,"comment_status":"closed","ping_status":"closed","template":"","meta":{"colormag_page_container_layout":"default_layout","colormag_page_sidebar_layout":"default_layout","footnotes":""},"class_list":["post-31","page","type-page","status-publish","hentry"],"_links":{"self":[{"href":"https:\/\/amaqy.fr\/Morineau\/wp-json\/wp\/v2\/pages\/31","targetHints":{"allow":["GET"]}}],"collection":[{"href":"https:\/\/amaqy.fr\/Morineau\/wp-json\/wp\/v2\/pages"}],"about":[{"href":"https:\/\/amaqy.fr\/Morineau\/wp-json\/wp\/v2\/types\/page"}],"author":[{"embeddable":true,"href":"https:\/\/amaqy.fr\/Morineau\/wp-json\/wp\/v2\/users\/1"}],"replies":[{"embeddable":true,"href":"https:\/\/amaqy.fr\/Morineau\/wp-json\/wp\/v2\/comments?post=31"}],"version-history":[{"count":5,"href":"https:\/\/amaqy.fr\/Morineau\/wp-json\/wp\/v2\/pages\/31\/revisions"}],"predecessor-version":[{"id":2852,"href":"https:\/\/amaqy.fr\/Morineau\/wp-json\/wp\/v2\/pages\/31\/revisions\/2852"}],"up":[{"embeddable":true,"href":"https:\/\/amaqy.fr\/Morineau\/wp-json\/wp\/v2\/pages\/11"}],"wp:attachment":[{"href":"https:\/\/amaqy.fr\/Morineau\/wp-json\/wp\/v2\/media?parent=31"}],"curies":[{"name":"wp","href":"https:\/\/api.w.org\/{rel}","templated":true}]}}