{"id":1192,"date":"2020-04-29T14:35:59","date_gmt":"2020-04-29T13:35:59","guid":{"rendered":"http:\/\/amaqy.fr\/Morineau\/?page_id=1192"},"modified":"2025-09-04T15:41:13","modified_gmt":"2025-09-04T14:41:13","slug":"feldenkrais","status":"publish","type":"page","link":"https:\/\/amaqy.fr\/Morineau\/feldenkrais\/","title":{"rendered":"FELDENKRAIS"},"content":{"rendered":"<div class=\"wpb-content-wrapper\"><p>[vc_row][vc_column css=\u00a0\u00bb.vc_custom_1756996291633{background-color: #FFFFFF !important;border-color: #FFFFFF !important;}\u00a0\u00bb][vc_column_text css=\u00a0\u00bb\u00a0\u00bb]<b>Descriptifs :&nbsp;<\/b>Acquisition d\u2019une mobilit\u00e9 fluide et efficace. Entretenir ses articulations par une meilleure connaissance et utilisation de son corps. Apprendre \u00e0 se mouvoir sans douleur.<\/p>\n<p><strong>Genres :&nbsp;<\/strong>D\u00e9tente<\/p>\n<p><strong>P\u00e9riode :&nbsp;<\/strong>Septembre \u00e0 Juin<\/p>\n<p><strong>Reprise :<\/strong>&nbsp;<span style=\"color: #993300;\"><strong>Jeudi 18 septembre 2025<\/strong><\/span><\/p>\n<p><strong>Intervenante&nbsp; :&nbsp;<\/strong>Val\u00e9rie Pujol<\/p>\n<p><strong>R\u00e9f\u00e9rente b\u00e9n\u00e9vole<\/strong>&nbsp;: Francette Piveteau<\/p>\n<p><strong>Jours et Heures :&nbsp;<\/strong>Jeudi scolaire de 19h15 \u00e0 20h15<\/p>\n<p><strong>Publics :&nbsp;<\/strong>Tout public<\/p>\n<p><strong>Tarifs 2025-2026 :&nbsp;<\/strong><\/p>\n<p><em><strong>Yonnais<\/strong><\/em><br \/>\nQF &gt; 700 : 141\u20ac<br \/>\nQF &lt; 700 : 101\u20ac<\/p>\n<p><em><strong>Non yonnais<\/strong><\/em><br \/>\nQF &gt; 700 : 162\u20ac<br \/>\nQF &lt; 700 : 121\u20ac<\/p>\n<p><strong>Activit\u00e9 sur place :&nbsp;<\/strong>Oui[\/vc_column_text][\/vc_column][\/vc_row][vc_row][vc_column][\/vc_column][\/vc_row]<\/p>\n<\/div>","protected":false},"excerpt":{"rendered":"<p>[vc_row][vc_column css=\u00a0\u00bb.vc_custom_1756996291633{background-color: #FFFFFF !important;border-color: #FFFFFF !important;}\u00a0\u00bb][vc_column_text css=\u00a0\u00bb\u00a0\u00bb]Descriptifs :&nbsp;Acquisition d\u2019une mobilit\u00e9 fluide et efficace. Entretenir ses articulations par une meilleure connaissance<\/p>\n","protected":false},"author":12,"featured_media":0,"parent":0,"menu_order":0,"comment_status":"closed","ping_status":"closed","template":"","meta":{"colormag_page_container_layout":"default_layout","colormag_page_sidebar_layout":"default_layout","footnotes":""},"class_list":["post-1192","page","type-page","status-publish","hentry"],"_links":{"self":[{"href":"https:\/\/amaqy.fr\/Morineau\/wp-json\/wp\/v2\/pages\/1192","targetHints":{"allow":["GET"]}}],"collection":[{"href":"https:\/\/amaqy.fr\/Morineau\/wp-json\/wp\/v2\/pages"}],"about":[{"href":"https:\/\/amaqy.fr\/Morineau\/wp-json\/wp\/v2\/types\/page"}],"author":[{"embeddable":true,"href":"https:\/\/amaqy.fr\/Morineau\/wp-json\/wp\/v2\/users\/12"}],"replies":[{"embeddable":true,"href":"https:\/\/amaqy.fr\/Morineau\/wp-json\/wp\/v2\/comments?post=1192"}],"version-history":[{"count":5,"href":"https:\/\/amaqy.fr\/Morineau\/wp-json\/wp\/v2\/pages\/1192\/revisions"}],"predecessor-version":[{"id":3104,"href":"https:\/\/amaqy.fr\/Morineau\/wp-json\/wp\/v2\/pages\/1192\/revisions\/3104"}],"wp:attachment":[{"href":"https:\/\/amaqy.fr\/Morineau\/wp-json\/wp\/v2\/media?parent=1192"}],"curies":[{"name":"wp","href":"https:\/\/api.w.org\/{rel}","templated":true}]}}